{"id":1110,"date":"2025-05-05T15:54:33","date_gmt":"2025-05-05T13:54:33","guid":{"rendered":"https:\/\/museoriente.com\/onde-tamos\/"},"modified":"2025-05-27T16:57:12","modified_gmt":"2025-05-27T14:57:12","slug":"onde-tamos","status":"publish","type":"page","link":"https:\/\/museoriente.com\/ast\/onde-tamos\/","title":{"rendered":"\u00bf\u00d3nde tamos?"},"content":{"rendered":"\t\t<div data-elementor-type=\"wp-page\" data-elementor-id=\"1110\" class=\"elementor elementor-1110 elementor-585\" data-elementor-post-type=\"page\">\n\t\t\t\t<div class=\"elementor-element elementor-element-54a08d5 e-flex e-con-boxed e-con e-parent\" data-id=\"54a08d5\" data-element_type=\"container\" data-settings=\"{&quot;background_background&quot;:&quot;classic&quot;}\">\n\t\t\t\t\t<div class=\"e-con-inner\">\n\t\t\t\t\t<\/div>\n\t\t\t\t<\/div>\n\t\t<div class=\"elementor-element elementor-element-a8e55d0 e-flex e-con-boxed e-con e-parent\" data-id=\"a8e55d0\" data-element_type=\"container\">\n\t\t\t\t\t<div class=\"e-con-inner\">\n\t\t<div class=\"elementor-element elementor-element-e61fe03 e-con-full e-flex e-con e-child\" data-id=\"e61fe03\" data-element_type=\"container\">\n\t\t\t\t<div class=\"elementor-element elementor-element-98bee98 elementor-widget-mobile__width-initial elementor-invisible elementor-widget elementor-widget-heading\" data-id=\"98bee98\" data-element_type=\"widget\" data-settings=\"{&quot;_animation&quot;:&quot;fadeInLeft&quot;,&quot;_animation_delay&quot;:200,&quot;motion_fx_motion_fx_scrolling&quot;:&quot;yes&quot;,&quot;motion_fx_translateX_effect&quot;:&quot;yes&quot;,&quot;motion_fx_translateX_direction&quot;:&quot;negative&quot;,&quot;motion_fx_translateX_speed&quot;:{&quot;unit&quot;:&quot;px&quot;,&quot;size&quot;:0,&quot;sizes&quot;:[]},&quot;_animation_mobile&quot;:&quot;none&quot;,&quot;motion_fx_translateX_affectedRange&quot;:{&quot;unit&quot;:&quot;%&quot;,&quot;size&quot;:&quot;&quot;,&quot;sizes&quot;:{&quot;start&quot;:0,&quot;end&quot;:100}},&quot;motion_fx_devices&quot;:[&quot;widescreen&quot;,&quot;desktop&quot;,&quot;laptop&quot;,&quot;tablet_extra&quot;,&quot;tablet&quot;,&quot;mobile_extra&quot;,&quot;mobile&quot;]}\" data-widget_type=\"heading.default\">\n\t\t\t\t\t<h2 class=\"elementor-heading-title elementor-size-default\">\u00bf\u00d3nde tamos?<\/h2>\t\t\t\t<\/div>\n\t\t\t\t<div class=\"elementor-element elementor-element-d619d31 elementor-invisible elementor-widget elementor-widget-image\" data-id=\"d619d31\" data-element_type=\"widget\" data-settings=\"{&quot;_animation&quot;:&quot;fadeInUp&quot;}\" data-widget_type=\"image.default\">\n\t\t\t\t\t\t\t\t\t\t\t\t\t\t\t<img fetchpriority=\"high\" decoding=\"async\" width=\"800\" height=\"800\" src=\"https:\/\/museoriente.com\/wp-content\/uploads\/2025\/05\/MOA-10-1024x1024.jpg\" class=\"attachment-large size-large wp-image-1112\" alt=\"\" srcset=\"https:\/\/museoriente.com\/wp-content\/uploads\/2025\/05\/MOA-10-1024x1024.jpg 1024w, https:\/\/museoriente.com\/wp-content\/uploads\/2025\/05\/MOA-10-300x300.jpg 300w, https:\/\/museoriente.com\/wp-content\/uploads\/2025\/05\/MOA-10-150x150.jpg 150w, https:\/\/museoriente.com\/wp-content\/uploads\/2025\/05\/MOA-10-768x768.jpg 768w, https:\/\/museoriente.com\/wp-content\/uploads\/2025\/05\/MOA-10.jpg 1456w\" sizes=\"(max-width: 800px) 100vw, 800px\" \/>\t\t\t\t\t\t\t\t\t\t\t\t\t\t\t<\/div>\n\t\t\t\t<\/div>\n\t\t<div class=\"elementor-element elementor-element-bcdbeff e-con-full e-flex e-con e-child\" data-id=\"bcdbeff\" data-element_type=\"container\">\n\t\t\t\t<div class=\"elementor-element elementor-element-c17cec1 elementor-invisible elementor-widget elementor-widget-text-editor\" data-id=\"c17cec1\" data-element_type=\"widget\" data-settings=\"{&quot;_animation&quot;:&quot;fadeInUp&quot;}\" data-widget_type=\"text-editor.default\">\n\t\t\t\t\t\t\t\t\t<p><span style=\"font-weight: 400;\">El Mus\u00e9u del Oriente d\u2019Asturias ta allug\u00e1u en Porr\u00faa, una localid\u00e1 del conceyu de Llanes gallardonada col<\/span> <a href=\"https:\/\/www.fpa.es\/es\/premio-al-pueblo-ejemplar-de-asturias\/galardonados\/porrua-llanes\/\"><span style=\"font-weight: 400;\">Premiu al Pueblu Exemplar d\u2019Asturies <\/span><\/a><span style=\"font-weight: 400;\">(2005) y integrante del programa Pueblu Cultural d\u2019Europa (1999-2010).<\/span> <\/p><p><span style=\"font-weight: 400;\">M\u00e1s en concretu, alcontr\u00e1monos nun terr\u00e9n d\u2019una hect\u00e1rea denomin\u00e1u barriu de Llac\u00edn.<\/span><\/p><p><span style=\"font-weight: 400;\">Disponemos d\u2019amplias zonas verdes, instalaciones deportivas y parque infantil con tirolina.<\/span><\/p>\t\t\t\t\t\t\t\t<\/div>\n\t\t\t\t<\/div>\n\t\t\t\t\t<\/div>\n\t\t\t\t<\/div>\n\t\t\t\t<\/div>\n\t\t","protected":false},"excerpt":{"rendered":"<p>\u00bf\u00d3nde tamos? El Mus\u00e9u del Oriente d\u2019Asturias ta allug\u00e1u en Porr\u00faa, una localid\u00e1 del conceyu de Llanes gallardonada col Premiu al Pueblu Exemplar d\u2019Asturies (2005) y integrante del programa Pueblu Cultural d\u2019Europa (1999-2010). M\u00e1s en concretu, alcontr\u00e1monos nun terr\u00e9n d\u2019una hect\u00e1rea denomin\u00e1u barriu de Llac\u00edn. Disponemos d\u2019amplias zonas verdes, instalaciones deportivas y parque infantil con [&hellip;]<\/p>\n","protected":false},"author":5,"featured_media":1103,"parent":0,"menu_order":2,"comment_status":"closed","ping_status":"closed","template":"elementor_header_footer","meta":{"_acf_changed":false,"footnotes":""},"class_list":["post-1110","page","type-page","status-publish","has-post-thumbnail","hentry"],"acf":[],"yoast_head":"<!-- This site is optimized with the Yoast SEO plugin v25.1 - https:\/\/yoast.com\/wordpress\/plugins\/seo\/ -->\n<title>\u00bf\u00d3nde tamos? - Museo del Oriente de Asturias<\/title>\n<meta name=\"description\" content=\"Afaya&#039;l Mus\u00e9u Etnogr\u00e1ficu n&#039;Asturies y som\u00f3rguiate na hestoria y tradiciones del Oriente asturianu. Vis\u00edtanos en Porr\u00faa.\" \/>\n<meta name=\"robots\" content=\"index, follow, max-snippet:-1, max-image-preview:large, max-video-preview:-1\" \/>\n<link rel=\"canonical\" href=\"https:\/\/museoriente.com\/ast\/onde-tamos\/\" \/>\n<meta property=\"og:locale\" content=\"en_US\" \/>\n<meta property=\"og:type\" content=\"article\" \/>\n<meta property=\"og:title\" content=\"\u00bf\u00d3nde tamos? - Museo del Oriente de Asturias\" \/>\n<meta property=\"og:description\" content=\"Afaya&#039;l Mus\u00e9u Etnogr\u00e1ficu n&#039;Asturies y som\u00f3rguiate na hestoria y tradiciones del Oriente asturianu. Vis\u00edtanos en Porr\u00faa.\" \/>\n<meta property=\"og:url\" content=\"https:\/\/museoriente.com\/ast\/onde-tamos\/\" \/>\n<meta property=\"og:site_name\" content=\"Museo del Oriente de Asturias\" \/>\n<meta property=\"article:modified_time\" content=\"2025-05-27T14:57:12+00:00\" \/>\n<meta property=\"og:image\" content=\"https:\/\/museoriente.com\/wp-content\/uploads\/2024\/12\/familia-caseria-rural-llacin.webp\" \/>\n\t<meta property=\"og:image:width\" content=\"577\" \/>\n\t<meta property=\"og:image:height\" content=\"800\" \/>\n\t<meta property=\"og:image:type\" content=\"image\/webp\" \/>\n<meta name=\"twitter:card\" content=\"summary_large_image\" \/>\n<meta name=\"twitter:label1\" content=\"Est. reading time\" \/>\n\t<meta name=\"twitter:data1\" content=\"1 minute\" \/>\n<script type=\"application\/ld+json\" class=\"yoast-schema-graph\">{\"@context\":\"https:\/\/schema.org\",\"@graph\":[{\"@type\":\"WebPage\",\"@id\":\"https:\/\/museoriente.com\/ast\/onde-tamos\/\",\"url\":\"https:\/\/museoriente.com\/ast\/onde-tamos\/\",\"name\":\"\u00bf\u00d3nde tamos? - Museo del Oriente de Asturias\",\"isPartOf\":{\"@id\":\"https:\/\/museoriente.com\/ast\/#website\"},\"primaryImageOfPage\":{\"@id\":\"https:\/\/museoriente.com\/ast\/onde-tamos\/#primaryimage\"},\"image\":{\"@id\":\"https:\/\/museoriente.com\/ast\/onde-tamos\/#primaryimage\"},\"thumbnailUrl\":\"https:\/\/museoriente.com\/wp-content\/uploads\/2024\/12\/familia-caseria-rural-llacin.webp\",\"datePublished\":\"2025-05-05T13:54:33+00:00\",\"dateModified\":\"2025-05-27T14:57:12+00:00\",\"description\":\"Afaya'l Mus\u00e9u Etnogr\u00e1ficu n'Asturies y som\u00f3rguiate na hestoria y tradiciones del Oriente asturianu. Vis\u00edtanos en Porr\u00faa.\",\"breadcrumb\":{\"@id\":\"https:\/\/museoriente.com\/ast\/onde-tamos\/#breadcrumb\"},\"inLanguage\":\"ast-AST\",\"potentialAction\":[{\"@type\":\"ReadAction\",\"target\":[\"https:\/\/museoriente.com\/ast\/onde-tamos\/\"]}]},{\"@type\":\"ImageObject\",\"inLanguage\":\"ast-AST\",\"@id\":\"https:\/\/museoriente.com\/ast\/onde-tamos\/#primaryimage\",\"url\":\"https:\/\/museoriente.com\/wp-content\/uploads\/2024\/12\/familia-caseria-rural-llacin.webp\",\"contentUrl\":\"https:\/\/museoriente.com\/wp-content\/uploads\/2024\/12\/familia-caseria-rural-llacin.webp\",\"width\":577,\"height\":800},{\"@type\":\"BreadcrumbList\",\"@id\":\"https:\/\/museoriente.com\/ast\/onde-tamos\/#breadcrumb\",\"itemListElement\":[{\"@type\":\"ListItem\",\"position\":1,\"name\":\"Portada\",\"item\":\"https:\/\/museoriente.com\/ast\/el-museo\/\"},{\"@type\":\"ListItem\",\"position\":2,\"name\":\"\u00bf\u00d3nde tamos?\"}]},{\"@type\":\"WebSite\",\"@id\":\"https:\/\/museoriente.com\/ast\/#website\",\"url\":\"https:\/\/museoriente.com\/ast\/\",\"name\":\"Museo Etnogr\u00e1fico del Oriente de Asturias\",\"description\":\"A mitad de camino entre el mar y la monta\u00f1a\",\"publisher\":{\"@id\":\"https:\/\/museoriente.com\/ast\/#organization\"},\"potentialAction\":[{\"@type\":\"SearchAction\",\"target\":{\"@type\":\"EntryPoint\",\"urlTemplate\":\"https:\/\/museoriente.com\/ast\/?s={search_term_string}\"},\"query-input\":{\"@type\":\"PropertyValueSpecification\",\"valueRequired\":true,\"valueName\":\"search_term_string\"}}],\"inLanguage\":\"ast-AST\"},{\"@type\":\"Organization\",\"@id\":\"https:\/\/museoriente.com\/ast\/#organization\",\"name\":\"Museo Etnogr\u00e1fico del Oriente de Asturias\",\"url\":\"https:\/\/museoriente.com\/ast\/\",\"logo\":{\"@type\":\"ImageObject\",\"inLanguage\":\"ast-AST\",\"@id\":\"https:\/\/museoriente.com\/ast\/#\/schema\/logo\/image\/\",\"url\":\"https:\/\/museoriente.com\/wp-content\/uploads\/2025\/05\/cropped-LOGO-MOA-FINAL-2025-HORIZONTAL.png\",\"contentUrl\":\"https:\/\/museoriente.com\/wp-content\/uploads\/2025\/05\/cropped-LOGO-MOA-FINAL-2025-HORIZONTAL.png\",\"width\":1372,\"height\":392,\"caption\":\"Museo Etnogr\u00e1fico del Oriente de Asturias\"},\"image\":{\"@id\":\"https:\/\/museoriente.com\/ast\/#\/schema\/logo\/image\/\"}}]}<\/script>\n<!-- \/ Yoast SEO plugin. -->","yoast_head_json":{"title":"\u00bf\u00d3nde tamos? - Museo del Oriente de Asturias","description":"Afaya'l Mus\u00e9u Etnogr\u00e1ficu n'Asturies y som\u00f3rguiate na hestoria y tradiciones del Oriente asturianu. Vis\u00edtanos en Porr\u00faa.","robots":{"index":"index","follow":"follow","max-snippet":"max-snippet:-1","max-image-preview":"max-image-preview:large","max-video-preview":"max-video-preview:-1"},"canonical":"https:\/\/museoriente.com\/ast\/onde-tamos\/","og_locale":"en_US","og_type":"article","og_title":"\u00bf\u00d3nde tamos? - Museo del Oriente de Asturias","og_description":"Afaya'l Mus\u00e9u Etnogr\u00e1ficu n'Asturies y som\u00f3rguiate na hestoria y tradiciones del Oriente asturianu. Vis\u00edtanos en Porr\u00faa.","og_url":"https:\/\/museoriente.com\/ast\/onde-tamos\/","og_site_name":"Museo del Oriente de Asturias","article_modified_time":"2025-05-27T14:57:12+00:00","og_image":[{"width":577,"height":800,"url":"https:\/\/museoriente.com\/wp-content\/uploads\/2024\/12\/familia-caseria-rural-llacin.webp","type":"image\/webp"}],"twitter_card":"summary_large_image","twitter_misc":{"Est. reading time":"1 minute"},"schema":{"@context":"https:\/\/schema.org","@graph":[{"@type":"WebPage","@id":"https:\/\/museoriente.com\/ast\/onde-tamos\/","url":"https:\/\/museoriente.com\/ast\/onde-tamos\/","name":"\u00bf\u00d3nde tamos? - Museo del Oriente de Asturias","isPartOf":{"@id":"https:\/\/museoriente.com\/ast\/#website"},"primaryImageOfPage":{"@id":"https:\/\/museoriente.com\/ast\/onde-tamos\/#primaryimage"},"image":{"@id":"https:\/\/museoriente.com\/ast\/onde-tamos\/#primaryimage"},"thumbnailUrl":"https:\/\/museoriente.com\/wp-content\/uploads\/2024\/12\/familia-caseria-rural-llacin.webp","datePublished":"2025-05-05T13:54:33+00:00","dateModified":"2025-05-27T14:57:12+00:00","description":"Afaya'l Mus\u00e9u Etnogr\u00e1ficu n'Asturies y som\u00f3rguiate na hestoria y tradiciones del Oriente asturianu. Vis\u00edtanos en Porr\u00faa.","breadcrumb":{"@id":"https:\/\/museoriente.com\/ast\/onde-tamos\/#breadcrumb"},"inLanguage":"ast-AST","potentialAction":[{"@type":"ReadAction","target":["https:\/\/museoriente.com\/ast\/onde-tamos\/"]}]},{"@type":"ImageObject","inLanguage":"ast-AST","@id":"https:\/\/museoriente.com\/ast\/onde-tamos\/#primaryimage","url":"https:\/\/museoriente.com\/wp-content\/uploads\/2024\/12\/familia-caseria-rural-llacin.webp","contentUrl":"https:\/\/museoriente.com\/wp-content\/uploads\/2024\/12\/familia-caseria-rural-llacin.webp","width":577,"height":800},{"@type":"BreadcrumbList","@id":"https:\/\/museoriente.com\/ast\/onde-tamos\/#breadcrumb","itemListElement":[{"@type":"ListItem","position":1,"name":"Portada","item":"https:\/\/museoriente.com\/ast\/el-museo\/"},{"@type":"ListItem","position":2,"name":"\u00bf\u00d3nde tamos?"}]},{"@type":"WebSite","@id":"https:\/\/museoriente.com\/ast\/#website","url":"https:\/\/museoriente.com\/ast\/","name":"Museo Etnogr\u00e1fico del Oriente de Asturias","description":"A mitad de camino entre el mar y la monta\u00f1a","publisher":{"@id":"https:\/\/museoriente.com\/ast\/#organization"},"potentialAction":[{"@type":"SearchAction","target":{"@type":"EntryPoint","urlTemplate":"https:\/\/museoriente.com\/ast\/?s={search_term_string}"},"query-input":{"@type":"PropertyValueSpecification","valueRequired":true,"valueName":"search_term_string"}}],"inLanguage":"ast-AST"},{"@type":"Organization","@id":"https:\/\/museoriente.com\/ast\/#organization","name":"Museo Etnogr\u00e1fico del Oriente de Asturias","url":"https:\/\/museoriente.com\/ast\/","logo":{"@type":"ImageObject","inLanguage":"ast-AST","@id":"https:\/\/museoriente.com\/ast\/#\/schema\/logo\/image\/","url":"https:\/\/museoriente.com\/wp-content\/uploads\/2025\/05\/cropped-LOGO-MOA-FINAL-2025-HORIZONTAL.png","contentUrl":"https:\/\/museoriente.com\/wp-content\/uploads\/2025\/05\/cropped-LOGO-MOA-FINAL-2025-HORIZONTAL.png","width":1372,"height":392,"caption":"Museo Etnogr\u00e1fico del Oriente de Asturias"},"image":{"@id":"https:\/\/museoriente.com\/ast\/#\/schema\/logo\/image\/"}}]}},"_links":{"self":[{"href":"https:\/\/museoriente.com\/ast\/wp-json\/wp\/v2\/pages\/1110","targetHints":{"allow":["GET"]}}],"collection":[{"href":"https:\/\/museoriente.com\/ast\/wp-json\/wp\/v2\/pages"}],"about":[{"href":"https:\/\/museoriente.com\/ast\/wp-json\/wp\/v2\/types\/page"}],"author":[{"embeddable":true,"href":"https:\/\/museoriente.com\/ast\/wp-json\/wp\/v2\/users\/5"}],"replies":[{"embeddable":true,"href":"https:\/\/museoriente.com\/ast\/wp-json\/wp\/v2\/comments?post=1110"}],"version-history":[{"count":8,"href":"https:\/\/museoriente.com\/ast\/wp-json\/wp\/v2\/pages\/1110\/revisions"}],"predecessor-version":[{"id":2596,"href":"https:\/\/museoriente.com\/ast\/wp-json\/wp\/v2\/pages\/1110\/revisions\/2596"}],"wp:featuredmedia":[{"embeddable":true,"href":"https:\/\/museoriente.com\/ast\/wp-json\/wp\/v2\/media\/1103"}],"wp:attachment":[{"href":"https:\/\/museoriente.com\/ast\/wp-json\/wp\/v2\/media?parent=1110"}],"curies":[{"name":"wp","href":"https:\/\/api.w.org\/{rel}","templated":true}]}}