{"id":1142,"date":"2024-12-11T06:29:18","date_gmt":"2024-12-11T05:29:18","guid":{"rendered":"https:\/\/museoriente.com\/horarios-y-precios\/"},"modified":"2025-05-27T17:10:53","modified_gmt":"2025-05-27T15:10:53","slug":"horarios-y-precios","status":"publish","type":"page","link":"https:\/\/museoriente.com\/ast\/horarios-y-precios\/","title":{"rendered":"Horarios y precios"},"content":{"rendered":"\t\t<div data-elementor-type=\"wp-page\" data-elementor-id=\"1142\" class=\"elementor elementor-1142 elementor-17\" data-elementor-post-type=\"page\">\n\t\t\t\t<div class=\"elementor-element elementor-element-60f6cd0 e-flex e-con-boxed e-con e-parent\" data-id=\"60f6cd0\" data-element_type=\"container\" data-settings=\"{&quot;background_background&quot;:&quot;classic&quot;}\">\n\t\t\t\t\t<div class=\"e-con-inner\">\n\t\t\t\t\t<\/div>\n\t\t\t\t<\/div>\n\t\t<div class=\"elementor-element elementor-element-bba1fed e-flex e-con-boxed e-con e-parent\" data-id=\"bba1fed\" data-element_type=\"container\">\n\t\t\t\t\t<div class=\"e-con-inner\">\n\t\t\t\t<div class=\"elementor-element elementor-element-ebe34c7 elementor-invisible elementor-widget elementor-widget-heading\" data-id=\"ebe34c7\" data-element_type=\"widget\" data-settings=\"{&quot;_animation&quot;:&quot;fadeInLeft&quot;,&quot;_animation_delay&quot;:200}\" data-widget_type=\"heading.default\">\n\t\t\t\t\t<h2 class=\"elementor-heading-title elementor-size-default\">HORARIOS\n<\/h2>\t\t\t\t<\/div>\n\t\t\t\t\t<\/div>\n\t\t\t\t<\/div>\n\t\t<div class=\"elementor-element elementor-element-e4ac038 e-flex e-con-boxed e-con e-parent\" data-id=\"e4ac038\" data-element_type=\"container\">\n\t\t\t\t\t<div class=\"e-con-inner\">\n\t\t<div class=\"elementor-element elementor-element-6a929d8 e-con-full e-flex e-con e-child\" data-id=\"6a929d8\" data-element_type=\"container\" data-settings=\"{&quot;background_background&quot;:&quot;classic&quot;}\">\n\t\t\t\t<div class=\"elementor-element elementor-element-e64e7b2 elementor-invisible elementor-widget elementor-widget-heading\" data-id=\"e64e7b2\" data-element_type=\"widget\" data-settings=\"{&quot;_animation&quot;:&quot;fadeInLeft&quot;,&quot;_animation_delay&quot;:200}\" data-widget_type=\"heading.default\">\n\t\t\t\t\t<h3 class=\"elementor-heading-title elementor-size-default\">Temporada d\u2019iviernu<\/h3>\t\t\t\t<\/div>\n\t\t\t\t<div class=\"elementor-element elementor-element-9777ab5 elementor-widget elementor-widget-heading\" data-id=\"9777ab5\" data-element_type=\"widget\" data-widget_type=\"heading.default\">\n\t\t\t\t\t<h2 class=\"elementor-heading-title elementor-size-default\">Del 17 de xineru al 17 de marzu:\n<\/h2>\t\t\t\t<\/div>\n\t\t\t\t<div class=\"elementor-element elementor-element-ed0e614 elementor-widget elementor-widget-text-editor\" data-id=\"ed0e614\" data-element_type=\"widget\" data-widget_type=\"text-editor.default\">\n\t\t\t\t\t\t\t\t\t<ul>\n<li>\n<p><span style=\"font-weight: 400;\">S\u00e1bados*: 11:00 a 13:30 h.<\/span><\/p>\n<\/li>\n<\/ul>\t\t\t\t\t\t\t\t<\/div>\n\t\t\t\t<div class=\"elementor-element elementor-element-29f2cec elementor-widget elementor-widget-text-editor\" data-id=\"29f2cec\" data-element_type=\"widget\" data-widget_type=\"text-editor.default\">\n\t\t\t\t\t\t\t\t\t<p><span style=\"font-weight: 400;\">*Los dem\u00e1s d\u00edas atendemos con reserva previa.<\/span><\/p>\t\t\t\t\t\t\t\t<\/div>\n\t\t\t\t<div class=\"elementor-element elementor-element-b7fd5d9 elementor-widget elementor-widget-heading\" data-id=\"b7fd5d9\" data-element_type=\"widget\" data-widget_type=\"heading.default\">\n\t\t\t\t\t<h2 class=\"elementor-heading-title elementor-size-default\">Del 9 de setiembre al 15 d\u2019avientu (non siendo puente) y del 18 de marzu al 30 de xunu primeru:\n<\/h2>\t\t\t\t<\/div>\n\t\t\t\t<div class=\"elementor-element elementor-element-e2afe37 elementor-widget elementor-widget-text-editor\" data-id=\"e2afe37\" data-element_type=\"widget\" data-widget_type=\"text-editor.default\">\n\t\t\t\t\t\t\t\t\t<ul>\n<li><span style=\"font-weight: 400;\">Martes a xueves, domingos y festivos: 11:00 a 13:30 h.<\/span><\/li>\n<li><span style=\"font-weight: 400;\">Vienres y s\u00e1bados: 11:00 a 13:30 h. y 17:00 a 19:00 h. <\/span><\/li>\n<\/ul>\t\t\t\t\t\t\t\t<\/div>\n\t\t\t\t<\/div>\n\t\t<div class=\"elementor-element elementor-element-ee2ccd9 e-con-full e-flex e-con e-child\" data-id=\"ee2ccd9\" data-element_type=\"container\" data-settings=\"{&quot;background_background&quot;:&quot;classic&quot;}\">\n\t\t\t\t<div class=\"elementor-element elementor-element-24bfd76 elementor-invisible elementor-widget elementor-widget-heading\" data-id=\"24bfd76\" data-element_type=\"widget\" data-settings=\"{&quot;_animation&quot;:&quot;fadeInLeft&quot;,&quot;_animation_delay&quot;:200}\" data-widget_type=\"heading.default\">\n\t\t\t\t\t<h3 class=\"elementor-heading-title elementor-size-default\">La puente de la Constituci\u00f3n<\/h3>\t\t\t\t<\/div>\n\t\t\t\t<div class=\"elementor-element elementor-element-1d0a161 elementor-widget elementor-widget-heading\" data-id=\"1d0a161\" data-element_type=\"widget\" data-widget_type=\"heading.default\">\n\t\t\t\t\t<h2 class=\"elementor-heading-title elementor-size-default\">Los d\u00edas 7 y 8 d\u2019avientu:\n<\/h2>\t\t\t\t<\/div>\n\t\t\t\t<div class=\"elementor-element elementor-element-b14bdd3 elementor-widget elementor-widget-text-editor\" data-id=\"b14bdd3\" data-element_type=\"widget\" data-widget_type=\"text-editor.default\">\n\t\t\t\t\t\t\t\t\t<ul>\n<li>\n<p>11:00 a 13:30 h. y 17:00 a 19:00 h. <\/p>\n<\/li>\n<\/ul>\t\t\t\t\t\t\t\t<\/div>\n\t\t\t\t<\/div>\n\t\t<div class=\"elementor-element elementor-element-bffa69a e-con-full e-flex e-con e-child\" data-id=\"bffa69a\" data-element_type=\"container\" data-settings=\"{&quot;background_background&quot;:&quot;classic&quot;}\">\n\t\t\t\t<div class=\"elementor-element elementor-element-19106d1 elementor-invisible elementor-widget elementor-widget-heading\" data-id=\"19106d1\" data-element_type=\"widget\" data-settings=\"{&quot;_animation&quot;:&quot;fadeInLeft&quot;,&quot;_animation_delay&quot;:200}\" data-widget_type=\"heading.default\">\n\t\t\t\t\t<h3 class=\"elementor-heading-title elementor-size-default\">Selmana Santa<\/h3>\t\t\t\t<\/div>\n\t\t\t\t<div class=\"elementor-element elementor-element-291c76c elementor-widget elementor-widget-heading\" data-id=\"291c76c\" data-element_type=\"widget\" data-widget_type=\"heading.default\">\n\t\t\t\t\t<h2 class=\"elementor-heading-title elementor-size-default\">De xueves a domingo: \n\n<\/h2>\t\t\t\t<\/div>\n\t\t\t\t<div class=\"elementor-element elementor-element-d40dbb5 elementor-widget elementor-widget-text-editor\" data-id=\"d40dbb5\" data-element_type=\"widget\" data-widget_type=\"text-editor.default\">\n\t\t\t\t\t\t\t\t\t<ul>\n<li>\n<p>11:00 a 13:30 h. y 17:00 a 20:00 h. <\/p>\n<\/li>\n<\/ul>\t\t\t\t\t\t\t\t<\/div>\n\t\t\t\t<\/div>\n\t\t<div class=\"elementor-element elementor-element-57c1621 e-con-full e-flex e-con e-child\" data-id=\"57c1621\" data-element_type=\"container\" data-settings=\"{&quot;background_background&quot;:&quot;classic&quot;}\">\n\t\t\t\t<div class=\"elementor-element elementor-element-3136288 elementor-invisible elementor-widget elementor-widget-heading\" data-id=\"3136288\" data-element_type=\"widget\" data-settings=\"{&quot;_animation&quot;:&quot;fadeInLeft&quot;,&quot;_animation_delay&quot;:200}\" data-widget_type=\"heading.default\">\n\t\t\t\t\t<h3 class=\"elementor-heading-title elementor-size-default\">Temporada de veranu<\/h3>\t\t\t\t<\/div>\n\t\t\t\t<div class=\"elementor-element elementor-element-733b0ea elementor-widget elementor-widget-heading\" data-id=\"733b0ea\" data-element_type=\"widget\" data-widget_type=\"heading.default\">\n\t\t\t\t\t<h2 class=\"elementor-heading-title elementor-size-default\">Del 1 de xunu postreru al 8 de setiembre:\n\n\n<\/h2>\t\t\t\t<\/div>\n\t\t\t\t<div class=\"elementor-element elementor-element-ea48d31 elementor-widget elementor-widget-text-editor\" data-id=\"ea48d31\" data-element_type=\"widget\" data-widget_type=\"text-editor.default\">\n\t\t\t\t\t\t\t\t\t<ul>\n<li>\n<p><span style=\"font-weight: 400;\">De martes a domingo*: 11:00 a 13:30 h. y 17:00 a 20:00 h. <\/span><\/p>\n<\/li>\n<\/ul>\t\t\t\t\t\t\t\t<\/div>\n\t\t\t\t<div class=\"elementor-element elementor-element-b661cb7 elementor-widget elementor-widget-text-editor\" data-id=\"b661cb7\" data-element_type=\"widget\" data-widget_type=\"text-editor.default\">\n\t\t\t\t\t\t\t\t\t<p> <span style=\"font-weight: 400;\">*El segundu domingo d\u2019agostu zarramos por fiesta local.<\/span><\/p>\t\t\t\t\t\t\t\t<\/div>\n\t\t\t\t<\/div>\n\t\t<div class=\"elementor-element elementor-element-5f85bcc e-con-full e-flex e-con e-child\" data-id=\"5f85bcc\" data-element_type=\"container\" data-settings=\"{&quot;background_background&quot;:&quot;classic&quot;}\">\n\t\t\t\t<div class=\"elementor-element elementor-element-6a1d263 elementor-invisible elementor-widget elementor-widget-heading\" data-id=\"6a1d263\" data-element_type=\"widget\" data-settings=\"{&quot;_animation&quot;:&quot;fadeInLeft&quot;,&quot;_animation_delay&quot;:200}\" data-widget_type=\"heading.default\">\n\t\t\t\t\t<h3 class=\"elementor-heading-title elementor-size-default\">Parada t\u00e9cnica<\/h3>\t\t\t\t<\/div>\n\t\t\t\t<div class=\"elementor-element elementor-element-4653964 elementor-widget elementor-widget-heading\" data-id=\"4653964\" data-element_type=\"widget\" data-widget_type=\"heading.default\">\n\t\t\t\t\t<h2 class=\"elementor-heading-title elementor-size-default\">Del 16 d\u2019avientu al 16 de xineru.\n\n\n<\/h2>\t\t\t\t<\/div>\n\t\t\t\t<\/div>\n\t\t\t\t\t<\/div>\n\t\t\t\t<\/div>\n\t\t<div class=\"elementor-element elementor-element-19632a7 e-flex e-con-boxed e-con e-parent\" data-id=\"19632a7\" data-element_type=\"container\">\n\t\t\t\t\t<div class=\"e-con-inner\">\n\t\t\t\t<div class=\"elementor-element elementor-element-8cc5725 elementor-invisible elementor-widget elementor-widget-heading\" data-id=\"8cc5725\" data-element_type=\"widget\" data-settings=\"{&quot;_animation&quot;:&quot;fadeInLeft&quot;,&quot;_animation_delay&quot;:200}\" data-widget_type=\"heading.default\">\n\t\t\t\t\t<h2 class=\"elementor-heading-title elementor-size-default\">ENTRADAS Y PRECIOS<\/h2>\t\t\t\t<\/div>\n\t\t\t\t<div class=\"elementor-element elementor-element-eebffe6 elementor-widget elementor-widget-html\" data-id=\"eebffe6\" data-element_type=\"widget\" data-widget_type=\"html.default\">\n\t\t\t\t\t<style>\r\n  table.tarifas {\r\n    border-collapse: collapse;\r\n    width: 100%;\r\n    font-family: sans-serif;\r\n    font-size: 14px;\r\n  }\r\n\r\n  table.tarifas th,\r\n  table.tarifas td {\r\n    padding: 8px;\r\n    text-align: left;\r\n    border-bottom: 1px solid #F07C3A; \/* L\u00ednea inferior naranja para todos *\/\r\n  }\r\n\r\n  table.tarifas th {\r\n    font-weight: bold;\r\n  }\r\n\r\n  table.tarifas tr:first-child th {\r\n    border-top: 1px solid #F07C3A; \/* L\u00ednea superior naranja *\/\r\n  }\r\n\r\n  table.tarifas tr:last-child td {\r\n    border-bottom: 1px solid #F07C3A; \/* Asegura l\u00ednea inferior tambi\u00e9n en \u00faltima fila *\/\r\n  }\r\n\r\n  .seccion {\r\n    font-weight: bold;\r\n    padding-top: 10px;\r\n    color: #F07C3A;\r\n  }\r\n<\/style>\r\n\r\n<table class=\"tarifas\">\r\n  <tr>\r\n    <th class=\"seccion\">Entrada xeneral\r\n<\/th><th class=\"seccion\">Preciu\/persona<\/th>\r\n  <\/tr>\r\n  <tr>\r\n    <td>Edad de 14 a 65 a\u00f1os<\/td>\r\n<td>3,00 EUR<\/td>\r\n  <\/tr>\r\n  <tr>\r\n    <td class=\"seccion\" colspan=\"2\">Entrada reducida<\/td>\r\n  <\/tr>\r\n  <tr>\r\n    <td>Edad de 4 a 13 a\u00f1os<\/td>\r\n<td>2,00 EUR<\/td>\r\n  <\/tr>\r\n  <tr>\r\n    <td>+ 65 a\u00f1os<\/td>\r\n<td>2,00 EUR<\/td>\r\n  <\/tr>\r\n  <tr>\r\n    <td>Personas jubiladas<\/td>\r\n<td>2,00 EUR<\/td>\r\n  <\/tr>\r\n  <tr>\r\n    <td>Membres\u00eda de AC Llac\u00edn<\/td>\r\n<td>2,00 EUR<\/td>\r\n  <\/tr>\r\n  <tr>\r\n    <td>Protectores<\/td>\r\n<td>2,00 EUR<\/td>\r\n  <\/tr>\r\n  <tr>\r\n    <td class=\"seccion\" colspan=\"2\">Entrada grupal (+20 personas)<\/td>\r\n  <\/tr>\r\n  <tr>\r\n    <td>General<\/td>\r\n<td>2,00 EUR<\/td>\r\n  <\/tr>\r\n  <tr>\r\n    <td>Reducida<\/td>\r\n<td>1,50 EUR<\/td>\r\n  <\/tr>\r\n<\/table>\r\n\t\t\t\t<\/div>\n\t\t\t\t\t<\/div>\n\t\t\t\t<\/div>\n\t\t<div class=\"elementor-element elementor-element-be7ec1a e-flex e-con-boxed e-con e-parent\" data-id=\"be7ec1a\" data-element_type=\"container\">\n\t\t\t\t\t<div class=\"e-con-inner\">\n\t\t\t\t<div class=\"elementor-element elementor-element-d518bda elementor-invisible elementor-widget elementor-widget-text-editor\" data-id=\"d518bda\" data-element_type=\"widget\" data-settings=\"{&quot;_animation&quot;:&quot;fadeInLeft&quot;}\" data-widget_type=\"text-editor.default\">\n\t\t\t\t\t\t\t\t\t<p><span style=\"font-weight: 400;\"><strong>La entrada \u00e9 gratuita <\/strong>pa las personas cuidadoras, monitores y\/o acompa\u00f1antes de grupos y menores de 4 a\u00f1os. Los martes tami\u00e9n lo \u00e9 pa tolos p\u00fablicos.  <\/span><\/p>\t\t\t\t\t\t\t\t<\/div>\n\t\t\t\t\t<\/div>\n\t\t\t\t<\/div>\n\t\t\t\t<\/div>\n\t\t","protected":false},"excerpt":{"rendered":"<p>HORARIOS Temporada d\u2019iviernu Del 17 de xineru al 17 de marzu: S\u00e1bados*: 11:00 a 13:30 h. *Los dem\u00e1s d\u00edas atendemos con reserva previa. Del 9 de setiembre al 15 d\u2019avientu (non siendo puente) y del 18 de marzu al 30 de xunu primeru: Martes a xueves, domingos y festivos: 11:00 a 13:30 h. Vienres y [&hellip;]<\/p>\n","protected":false},"author":1,"featured_media":1134,"parent":0,"menu_order":3,"comment_status":"closed","ping_status":"closed","template":"elementor_header_footer","meta":{"_acf_changed":false,"footnotes":""},"class_list":["post-1142","page","type-page","status-publish","has-post-thumbnail","hentry"],"acf":[],"yoast_head":"<!-- This site is optimized with the Yoast SEO plugin v25.1 - https:\/\/yoast.com\/wordpress\/plugins\/seo\/ -->\n<title>Horarios y precios - Museo del Oriente de Asturias en Llanes<\/title>\n<meta name=\"description\" content=\"Planifica tu visita al Museo Etnogr\u00e1fico del Oriente de Asturias en Llanes. Consulta horarios, tarifas y c\u00f3mo llegar. \u00a1Haz clic!\" \/>\n<meta name=\"robots\" content=\"index, follow, max-snippet:-1, max-image-preview:large, max-video-preview:-1\" \/>\n<link rel=\"canonical\" href=\"https:\/\/museoriente.com\/ast\/horarios-y-precios\/\" \/>\n<meta property=\"og:locale\" content=\"en_US\" \/>\n<meta property=\"og:type\" content=\"article\" \/>\n<meta property=\"og:title\" content=\"Horarios y precios - Museo del Oriente de Asturias en Llanes\" \/>\n<meta property=\"og:description\" content=\"Planifica tu visita al Museo Etnogr\u00e1fico del Oriente de Asturias en Llanes. Consulta horarios, tarifas y c\u00f3mo llegar. \u00a1Haz clic!\" \/>\n<meta property=\"og:url\" content=\"https:\/\/museoriente.com\/ast\/horarios-y-precios\/\" \/>\n<meta property=\"og:site_name\" content=\"Museo del Oriente de Asturias\" \/>\n<meta property=\"article:modified_time\" content=\"2025-05-27T15:10:53+00:00\" \/>\n<meta property=\"og:image\" content=\"https:\/\/museoriente.com\/wp-content\/uploads\/2024\/12\/clocks-676370_1920-1.webp\" \/>\n\t<meta property=\"og:image:width\" content=\"1920\" \/>\n\t<meta property=\"og:image:height\" content=\"1280\" \/>\n\t<meta property=\"og:image:type\" content=\"image\/webp\" \/>\n<meta name=\"twitter:card\" content=\"summary_large_image\" \/>\n<meta name=\"twitter:label1\" content=\"Est. reading time\" \/>\n\t<meta name=\"twitter:data1\" content=\"1 minute\" \/>\n<script type=\"application\/ld+json\" class=\"yoast-schema-graph\">{\"@context\":\"https:\/\/schema.org\",\"@graph\":[{\"@type\":\"WebPage\",\"@id\":\"https:\/\/museoriente.com\/ast\/horarios-y-precios\/\",\"url\":\"https:\/\/museoriente.com\/ast\/horarios-y-precios\/\",\"name\":\"Horarios y precios - Museo del Oriente de Asturias en Llanes\",\"isPartOf\":{\"@id\":\"https:\/\/museoriente.com\/ast\/#website\"},\"primaryImageOfPage\":{\"@id\":\"https:\/\/museoriente.com\/ast\/horarios-y-precios\/#primaryimage\"},\"image\":{\"@id\":\"https:\/\/museoriente.com\/ast\/horarios-y-precios\/#primaryimage\"},\"thumbnailUrl\":\"https:\/\/museoriente.com\/wp-content\/uploads\/2024\/12\/clocks-676370_1920-1.webp\",\"datePublished\":\"2024-12-11T05:29:18+00:00\",\"dateModified\":\"2025-05-27T15:10:53+00:00\",\"description\":\"Planifica tu visita al Museo Etnogr\u00e1fico del Oriente de Asturias en Llanes. Consulta horarios, tarifas y c\u00f3mo llegar. \u00a1Haz clic!\",\"breadcrumb\":{\"@id\":\"https:\/\/museoriente.com\/ast\/horarios-y-precios\/#breadcrumb\"},\"inLanguage\":\"ast-AST\",\"potentialAction\":[{\"@type\":\"ReadAction\",\"target\":[\"https:\/\/museoriente.com\/ast\/horarios-y-precios\/\"]}]},{\"@type\":\"ImageObject\",\"inLanguage\":\"ast-AST\",\"@id\":\"https:\/\/museoriente.com\/ast\/horarios-y-precios\/#primaryimage\",\"url\":\"https:\/\/museoriente.com\/wp-content\/uploads\/2024\/12\/clocks-676370_1920-1.webp\",\"contentUrl\":\"https:\/\/museoriente.com\/wp-content\/uploads\/2024\/12\/clocks-676370_1920-1.webp\",\"width\":1920,\"height\":1280},{\"@type\":\"BreadcrumbList\",\"@id\":\"https:\/\/museoriente.com\/ast\/horarios-y-precios\/#breadcrumb\",\"itemListElement\":[{\"@type\":\"ListItem\",\"position\":1,\"name\":\"Portada\",\"item\":\"https:\/\/museoriente.com\/ast\/el-museo\/\"},{\"@type\":\"ListItem\",\"position\":2,\"name\":\"Horarios y precios\"}]},{\"@type\":\"WebSite\",\"@id\":\"https:\/\/museoriente.com\/ast\/#website\",\"url\":\"https:\/\/museoriente.com\/ast\/\",\"name\":\"Museo Etnogr\u00e1fico del Oriente de Asturias\",\"description\":\"A mitad de camino entre el mar y la monta\u00f1a\",\"publisher\":{\"@id\":\"https:\/\/museoriente.com\/ast\/#organization\"},\"potentialAction\":[{\"@type\":\"SearchAction\",\"target\":{\"@type\":\"EntryPoint\",\"urlTemplate\":\"https:\/\/museoriente.com\/ast\/?s={search_term_string}\"},\"query-input\":{\"@type\":\"PropertyValueSpecification\",\"valueRequired\":true,\"valueName\":\"search_term_string\"}}],\"inLanguage\":\"ast-AST\"},{\"@type\":\"Organization\",\"@id\":\"https:\/\/museoriente.com\/ast\/#organization\",\"name\":\"Museo Etnogr\u00e1fico del Oriente de Asturias\",\"url\":\"https:\/\/museoriente.com\/ast\/\",\"logo\":{\"@type\":\"ImageObject\",\"inLanguage\":\"ast-AST\",\"@id\":\"https:\/\/museoriente.com\/ast\/#\/schema\/logo\/image\/\",\"url\":\"https:\/\/museoriente.com\/wp-content\/uploads\/2025\/05\/cropped-LOGO-MOA-FINAL-2025-HORIZONTAL.png\",\"contentUrl\":\"https:\/\/museoriente.com\/wp-content\/uploads\/2025\/05\/cropped-LOGO-MOA-FINAL-2025-HORIZONTAL.png\",\"width\":1372,\"height\":392,\"caption\":\"Museo Etnogr\u00e1fico del Oriente de Asturias\"},\"image\":{\"@id\":\"https:\/\/museoriente.com\/ast\/#\/schema\/logo\/image\/\"}}]}<\/script>\n<!-- \/ Yoast SEO plugin. -->","yoast_head_json":{"title":"Horarios y precios - Museo del Oriente de Asturias en Llanes","description":"Planifica tu visita al Museo Etnogr\u00e1fico del Oriente de Asturias en Llanes. Consulta horarios, tarifas y c\u00f3mo llegar. \u00a1Haz clic!","robots":{"index":"index","follow":"follow","max-snippet":"max-snippet:-1","max-image-preview":"max-image-preview:large","max-video-preview":"max-video-preview:-1"},"canonical":"https:\/\/museoriente.com\/ast\/horarios-y-precios\/","og_locale":"en_US","og_type":"article","og_title":"Horarios y precios - Museo del Oriente de Asturias en Llanes","og_description":"Planifica tu visita al Museo Etnogr\u00e1fico del Oriente de Asturias en Llanes. Consulta horarios, tarifas y c\u00f3mo llegar. \u00a1Haz clic!","og_url":"https:\/\/museoriente.com\/ast\/horarios-y-precios\/","og_site_name":"Museo del Oriente de Asturias","article_modified_time":"2025-05-27T15:10:53+00:00","og_image":[{"width":1920,"height":1280,"url":"https:\/\/museoriente.com\/wp-content\/uploads\/2024\/12\/clocks-676370_1920-1.webp","type":"image\/webp"}],"twitter_card":"summary_large_image","twitter_misc":{"Est. reading time":"1 minute"},"schema":{"@context":"https:\/\/schema.org","@graph":[{"@type":"WebPage","@id":"https:\/\/museoriente.com\/ast\/horarios-y-precios\/","url":"https:\/\/museoriente.com\/ast\/horarios-y-precios\/","name":"Horarios y precios - Museo del Oriente de Asturias en Llanes","isPartOf":{"@id":"https:\/\/museoriente.com\/ast\/#website"},"primaryImageOfPage":{"@id":"https:\/\/museoriente.com\/ast\/horarios-y-precios\/#primaryimage"},"image":{"@id":"https:\/\/museoriente.com\/ast\/horarios-y-precios\/#primaryimage"},"thumbnailUrl":"https:\/\/museoriente.com\/wp-content\/uploads\/2024\/12\/clocks-676370_1920-1.webp","datePublished":"2024-12-11T05:29:18+00:00","dateModified":"2025-05-27T15:10:53+00:00","description":"Planifica tu visita al Museo Etnogr\u00e1fico del Oriente de Asturias en Llanes. Consulta horarios, tarifas y c\u00f3mo llegar. \u00a1Haz clic!","breadcrumb":{"@id":"https:\/\/museoriente.com\/ast\/horarios-y-precios\/#breadcrumb"},"inLanguage":"ast-AST","potentialAction":[{"@type":"ReadAction","target":["https:\/\/museoriente.com\/ast\/horarios-y-precios\/"]}]},{"@type":"ImageObject","inLanguage":"ast-AST","@id":"https:\/\/museoriente.com\/ast\/horarios-y-precios\/#primaryimage","url":"https:\/\/museoriente.com\/wp-content\/uploads\/2024\/12\/clocks-676370_1920-1.webp","contentUrl":"https:\/\/museoriente.com\/wp-content\/uploads\/2024\/12\/clocks-676370_1920-1.webp","width":1920,"height":1280},{"@type":"BreadcrumbList","@id":"https:\/\/museoriente.com\/ast\/horarios-y-precios\/#breadcrumb","itemListElement":[{"@type":"ListItem","position":1,"name":"Portada","item":"https:\/\/museoriente.com\/ast\/el-museo\/"},{"@type":"ListItem","position":2,"name":"Horarios y precios"}]},{"@type":"WebSite","@id":"https:\/\/museoriente.com\/ast\/#website","url":"https:\/\/museoriente.com\/ast\/","name":"Museo Etnogr\u00e1fico del Oriente de Asturias","description":"A mitad de camino entre el mar y la monta\u00f1a","publisher":{"@id":"https:\/\/museoriente.com\/ast\/#organization"},"potentialAction":[{"@type":"SearchAction","target":{"@type":"EntryPoint","urlTemplate":"https:\/\/museoriente.com\/ast\/?s={search_term_string}"},"query-input":{"@type":"PropertyValueSpecification","valueRequired":true,"valueName":"search_term_string"}}],"inLanguage":"ast-AST"},{"@type":"Organization","@id":"https:\/\/museoriente.com\/ast\/#organization","name":"Museo Etnogr\u00e1fico del Oriente de Asturias","url":"https:\/\/museoriente.com\/ast\/","logo":{"@type":"ImageObject","inLanguage":"ast-AST","@id":"https:\/\/museoriente.com\/ast\/#\/schema\/logo\/image\/","url":"https:\/\/museoriente.com\/wp-content\/uploads\/2025\/05\/cropped-LOGO-MOA-FINAL-2025-HORIZONTAL.png","contentUrl":"https:\/\/museoriente.com\/wp-content\/uploads\/2025\/05\/cropped-LOGO-MOA-FINAL-2025-HORIZONTAL.png","width":1372,"height":392,"caption":"Museo Etnogr\u00e1fico del Oriente de Asturias"},"image":{"@id":"https:\/\/museoriente.com\/ast\/#\/schema\/logo\/image\/"}}]}},"_links":{"self":[{"href":"https:\/\/museoriente.com\/ast\/wp-json\/wp\/v2\/pages\/1142","targetHints":{"allow":["GET"]}}],"collection":[{"href":"https:\/\/museoriente.com\/ast\/wp-json\/wp\/v2\/pages"}],"about":[{"href":"https:\/\/museoriente.com\/ast\/wp-json\/wp\/v2\/types\/page"}],"author":[{"embeddable":true,"href":"https:\/\/museoriente.com\/ast\/wp-json\/wp\/v2\/users\/1"}],"replies":[{"embeddable":true,"href":"https:\/\/museoriente.com\/ast\/wp-json\/wp\/v2\/comments?post=1142"}],"version-history":[{"count":5,"href":"https:\/\/museoriente.com\/ast\/wp-json\/wp\/v2\/pages\/1142\/revisions"}],"predecessor-version":[{"id":2598,"href":"https:\/\/museoriente.com\/ast\/wp-json\/wp\/v2\/pages\/1142\/revisions\/2598"}],"wp:featuredmedia":[{"embeddable":true,"href":"https:\/\/museoriente.com\/ast\/wp-json\/wp\/v2\/media\/1134"}],"wp:attachment":[{"href":"https:\/\/museoriente.com\/ast\/wp-json\/wp\/v2\/media?parent=1142"}],"curies":[{"name":"wp","href":"https:\/\/api.w.org\/{rel}","templated":true}]}}