{"id":1155,"date":"2025-05-06T17:06:47","date_gmt":"2025-05-06T15:06:47","guid":{"rendered":"https:\/\/museoriente.com\/la-nuestra-coleccion\/"},"modified":"2025-05-27T17:37:16","modified_gmt":"2025-05-27T15:37:16","slug":"la-nuestra-coleccion","status":"publish","type":"page","link":"https:\/\/museoriente.com\/ast\/la-nuestra-coleccion\/","title":{"rendered":"La nuestra colecci\u00f3n"},"content":{"rendered":"\t\t<div data-elementor-type=\"wp-page\" data-elementor-id=\"1155\" class=\"elementor elementor-1155 elementor-1065\" data-elementor-post-type=\"page\">\n\t\t\t\t<div class=\"elementor-element elementor-element-61f8a41 e-flex e-con-boxed e-con e-parent\" data-id=\"61f8a41\" data-element_type=\"container\" data-settings=\"{&quot;background_background&quot;:&quot;classic&quot;}\">\n\t\t\t\t\t<div class=\"e-con-inner\">\n\t\t\t\t\t<\/div>\n\t\t\t\t<\/div>\n\t\t<div class=\"elementor-element elementor-element-49a6c20 elementor-hidden-tablet_extra elementor-hidden-tablet elementor-hidden-mobile_extra elementor-hidden-mobile e-flex e-con-boxed e-con e-parent\" data-id=\"49a6c20\" data-element_type=\"container\">\n\t\t\t\t\t<div class=\"e-con-inner\">\n\t\t\t\t<div class=\"elementor-element elementor-element-dfd9fab elementor-invisible elementor-widget elementor-widget-heading\" data-id=\"dfd9fab\" data-element_type=\"widget\" data-settings=\"{&quot;_animation&quot;:&quot;fadeInLeft&quot;,&quot;_animation_delay&quot;:200}\" data-widget_type=\"heading.default\">\n\t\t\t\t\t<h1 class=\"elementor-heading-title elementor-size-default\">La nuestra colecci\u00f3n<\/h1>\t\t\t\t<\/div>\n\t\t\t\t\t<\/div>\n\t\t\t\t<\/div>\n\t\t<div class=\"elementor-element elementor-element-2b49b4e e-flex e-con-boxed e-con e-parent\" data-id=\"2b49b4e\" data-element_type=\"container\">\n\t\t\t\t\t<div class=\"e-con-inner\">\n\t\t<div class=\"elementor-element elementor-element-efafa9f e-con-full e-flex e-con e-child\" data-id=\"efafa9f\" data-element_type=\"container\">\n\t\t\t\t<div class=\"elementor-element elementor-element-5ce4956 elementor-invisible elementor-widget elementor-widget-heading\" data-id=\"5ce4956\" data-element_type=\"widget\" data-settings=\"{&quot;_animation&quot;:&quot;fadeInRight&quot;,&quot;_animation_delay&quot;:200}\" data-widget_type=\"heading.default\">\n\t\t\t\t\t<div class=\"elementor-heading-title elementor-size-default\">La nuestra colecci\u00f3n\n<\/div>\t\t\t\t<\/div>\n\t\t\t\t<div class=\"elementor-element elementor-element-68a2e81 elementor-invisible elementor-widget elementor-widget-text-editor\" data-id=\"68a2e81\" data-element_type=\"widget\" data-settings=\"{&quot;_animation&quot;:&quot;fadeInLeft&quot;}\" data-widget_type=\"text-editor.default\">\n\t\t\t\t\t\t\t\t\t<p><span style=\"font-weight: 400;\">La colecci\u00f3n del mus\u00e9u ta formada por piezas que documentan y ayudan a comprender la diversid\u00e1 cultural del Oriente d\u2019Asturias. <\/span><\/p><p><span style=\"font-weight: 400;\">Abarca una amplia varied\u00e1 d\u2019oxetos, como vistimienta, fotograf\u00edas, manuscritos, piezas de relixosid\u00e1 local y tou tipu d\u2019arb\u00edos cotidianos, dende\u2019l sieglu XVIII hasta l\u2019actualid\u00e1.<\/span><\/p>\t\t\t\t\t\t\t\t<\/div>\n\t\t\t\t<\/div>\n\t\t<div class=\"elementor-element elementor-element-b7acc03 e-con-full e-flex e-con e-child\" data-id=\"b7acc03\" data-element_type=\"container\">\n\t\t\t\t<div class=\"elementor-element elementor-element-1182fcc elementor-invisible elementor-widget elementor-widget-heading\" data-id=\"1182fcc\" data-element_type=\"widget\" data-settings=\"{&quot;_animation&quot;:&quot;fadeInRight&quot;,&quot;_animation_delay&quot;:200}\" data-widget_type=\"heading.default\">\n\t\t\t\t\t<h2 class=\"elementor-heading-title elementor-size-default\">\u00bfQuieres donar un oxetu?<\/h2>\t\t\t\t<\/div>\n\t\t\t\t<div class=\"elementor-element elementor-element-1fd8f37 elementor-invisible elementor-widget elementor-widget-text-editor\" data-id=\"1fd8f37\" data-element_type=\"widget\" data-settings=\"{&quot;_animation&quot;:&quot;fadeInRight&quot;}\" data-widget_type=\"text-editor.default\">\n\t\t\t\t\t\t\t\t\t<p><span style=\"font-weight: 400;\">Encantar\u00edamos recibir noticias tuyas si tienes un oxetu que te paez que podr\u00eda encaxar na nuestra colecci\u00f3n. Por favor, non lu traigas al mus\u00e9u ensin \u1e25ablar primero con n\u00f3s. <\/span><\/p><p><span style=\"font-weight: 400;\">Puedes mandanos un corr\u00e9u electr\u00f3nicu a <\/span><a href=\"mailto:info@museoriente.com\"><span style=\"font-weight: 400;\">info@museoriente.com<\/span><\/a><span style=\"font-weight: 400;\"> con tolos datos que tengas del oxetu y dalgunas fotograf\u00edas.<\/span><\/p><p><span style=\"font-weight: 400;\">Con esta informaci\u00f3n podremos evalualu pa comprobar si completa los nuestros fondos museogr\u00e1ficos y s\u2019axusta a la nuestra pol\u00edtica de colecciones.<\/span><\/p><p><span style=\"font-weight: 400;\">Pondr\u00e9monos en contautu contigo pa confirmar la recepci\u00f3n del to corr\u00e9u electr\u00f3nicu, aclarar cualquier informaci\u00f3n y esplicate lo que pasa darr\u00e9u. <\/span><\/p>\t\t\t\t\t\t\t\t<\/div>\n\t\t\t\t<\/div>\n\t\t\t\t\t<\/div>\n\t\t\t\t<\/div>\n\t\t\t\t<\/div>\n\t\t","protected":false},"excerpt":{"rendered":"<p>La nuestra colecci\u00f3n La nuestra colecci\u00f3n La colecci\u00f3n del mus\u00e9u ta formada por piezas que documentan y ayudan a comprender la diversid\u00e1 cultural del Oriente d\u2019Asturias. Abarca una amplia varied\u00e1 d\u2019oxetos, como vistimienta, fotograf\u00edas, manuscritos, piezas de relixosid\u00e1 local y tou tipu d\u2019arb\u00edos cotidianos, dende\u2019l sieglu XVIII hasta l\u2019actualid\u00e1. \u00bfQuieres donar un oxetu? Encantar\u00edamos recibir [&hellip;]<\/p>\n","protected":false},"author":5,"featured_media":875,"parent":0,"menu_order":5,"comment_status":"closed","ping_status":"closed","template":"elementor_header_footer","meta":{"_acf_changed":false,"footnotes":""},"class_list":["post-1155","page","type-page","status-publish","has-post-thumbnail","hentry"],"acf":[],"yoast_head":"<!-- This site is optimized with the Yoast SEO plugin v25.1 - https:\/\/yoast.com\/wordpress\/plugins\/seo\/ -->\n<title>La nuestra colecci\u00f3n - Museo del Oriente de Asturias<\/title>\n<meta name=\"description\" content=\"Conoce las historias que dan vida al Museo Etnogr\u00e1fico del Oriente de Asturias. Descubre relatos, tradiciones y personajes. \u00a1Conoce m\u00e1s!\" \/>\n<meta name=\"robots\" content=\"index, follow, max-snippet:-1, max-image-preview:large, max-video-preview:-1\" \/>\n<link rel=\"canonical\" href=\"https:\/\/museoriente.com\/ast\/la-nuestra-coleccion\/\" \/>\n<meta property=\"og:locale\" content=\"en_US\" \/>\n<meta property=\"og:type\" content=\"article\" \/>\n<meta property=\"og:title\" content=\"La nuestra colecci\u00f3n - Museo del Oriente de Asturias\" \/>\n<meta property=\"og:description\" content=\"Conoce las historias que dan vida al Museo Etnogr\u00e1fico del Oriente de Asturias. Descubre relatos, tradiciones y personajes. \u00a1Conoce m\u00e1s!\" \/>\n<meta property=\"og:url\" content=\"https:\/\/museoriente.com\/ast\/la-nuestra-coleccion\/\" \/>\n<meta property=\"og:site_name\" content=\"Museo del Oriente de Asturias\" \/>\n<meta property=\"article:modified_time\" content=\"2025-05-27T15:37:16+00:00\" \/>\n<meta property=\"og:image\" content=\"https:\/\/museoriente.com\/wp-content\/uploads\/2024\/12\/fotograia-hallazo-de-lo-ignorado.webp\" \/>\n\t<meta property=\"og:image:width\" content=\"1130\" \/>\n\t<meta property=\"og:image:height\" content=\"752\" \/>\n\t<meta property=\"og:image:type\" content=\"image\/webp\" \/>\n<meta name=\"twitter:card\" content=\"summary_large_image\" \/>\n<meta name=\"twitter:label1\" content=\"Est. reading time\" \/>\n\t<meta name=\"twitter:data1\" content=\"1 minute\" \/>\n<script type=\"application\/ld+json\" class=\"yoast-schema-graph\">{\"@context\":\"https:\/\/schema.org\",\"@graph\":[{\"@type\":\"WebPage\",\"@id\":\"https:\/\/museoriente.com\/ast\/la-nuestra-coleccion\/\",\"url\":\"https:\/\/museoriente.com\/ast\/la-nuestra-coleccion\/\",\"name\":\"La nuestra colecci\u00f3n - Museo del Oriente de Asturias\",\"isPartOf\":{\"@id\":\"https:\/\/museoriente.com\/ast\/#website\"},\"primaryImageOfPage\":{\"@id\":\"https:\/\/museoriente.com\/ast\/la-nuestra-coleccion\/#primaryimage\"},\"image\":{\"@id\":\"https:\/\/museoriente.com\/ast\/la-nuestra-coleccion\/#primaryimage\"},\"thumbnailUrl\":\"https:\/\/museoriente.com\/wp-content\/uploads\/2024\/12\/fotograia-hallazo-de-lo-ignorado.webp\",\"datePublished\":\"2025-05-06T15:06:47+00:00\",\"dateModified\":\"2025-05-27T15:37:16+00:00\",\"description\":\"Conoce las historias que dan vida al Museo Etnogr\u00e1fico del Oriente de Asturias. Descubre relatos, tradiciones y personajes. \u00a1Conoce m\u00e1s!\",\"breadcrumb\":{\"@id\":\"https:\/\/museoriente.com\/ast\/la-nuestra-coleccion\/#breadcrumb\"},\"inLanguage\":\"ast-AST\",\"potentialAction\":[{\"@type\":\"ReadAction\",\"target\":[\"https:\/\/museoriente.com\/ast\/la-nuestra-coleccion\/\"]}]},{\"@type\":\"ImageObject\",\"inLanguage\":\"ast-AST\",\"@id\":\"https:\/\/museoriente.com\/ast\/la-nuestra-coleccion\/#primaryimage\",\"url\":\"https:\/\/museoriente.com\/wp-content\/uploads\/2024\/12\/fotograia-hallazo-de-lo-ignorado.webp\",\"contentUrl\":\"https:\/\/museoriente.com\/wp-content\/uploads\/2024\/12\/fotograia-hallazo-de-lo-ignorado.webp\",\"width\":1130,\"height\":752},{\"@type\":\"BreadcrumbList\",\"@id\":\"https:\/\/museoriente.com\/ast\/la-nuestra-coleccion\/#breadcrumb\",\"itemListElement\":[{\"@type\":\"ListItem\",\"position\":1,\"name\":\"Portada\",\"item\":\"https:\/\/museoriente.com\/ast\/el-museo\/\"},{\"@type\":\"ListItem\",\"position\":2,\"name\":\"La nuestra colecci\u00f3n\"}]},{\"@type\":\"WebSite\",\"@id\":\"https:\/\/museoriente.com\/ast\/#website\",\"url\":\"https:\/\/museoriente.com\/ast\/\",\"name\":\"Museo Etnogr\u00e1fico del Oriente de Asturias\",\"description\":\"A mitad de camino entre el mar y la monta\u00f1a\",\"publisher\":{\"@id\":\"https:\/\/museoriente.com\/ast\/#organization\"},\"potentialAction\":[{\"@type\":\"SearchAction\",\"target\":{\"@type\":\"EntryPoint\",\"urlTemplate\":\"https:\/\/museoriente.com\/ast\/?s={search_term_string}\"},\"query-input\":{\"@type\":\"PropertyValueSpecification\",\"valueRequired\":true,\"valueName\":\"search_term_string\"}}],\"inLanguage\":\"ast-AST\"},{\"@type\":\"Organization\",\"@id\":\"https:\/\/museoriente.com\/ast\/#organization\",\"name\":\"Museo Etnogr\u00e1fico del Oriente de Asturias\",\"url\":\"https:\/\/museoriente.com\/ast\/\",\"logo\":{\"@type\":\"ImageObject\",\"inLanguage\":\"ast-AST\",\"@id\":\"https:\/\/museoriente.com\/ast\/#\/schema\/logo\/image\/\",\"url\":\"https:\/\/museoriente.com\/wp-content\/uploads\/2025\/05\/cropped-LOGO-MOA-FINAL-2025-HORIZONTAL.png\",\"contentUrl\":\"https:\/\/museoriente.com\/wp-content\/uploads\/2025\/05\/cropped-LOGO-MOA-FINAL-2025-HORIZONTAL.png\",\"width\":1372,\"height\":392,\"caption\":\"Museo Etnogr\u00e1fico del Oriente de Asturias\"},\"image\":{\"@id\":\"https:\/\/museoriente.com\/ast\/#\/schema\/logo\/image\/\"}}]}<\/script>\n<!-- \/ Yoast SEO plugin. -->","yoast_head_json":{"title":"La nuestra colecci\u00f3n - Museo del Oriente de Asturias","description":"Conoce las historias que dan vida al Museo Etnogr\u00e1fico del Oriente de Asturias. Descubre relatos, tradiciones y personajes. \u00a1Conoce m\u00e1s!","robots":{"index":"index","follow":"follow","max-snippet":"max-snippet:-1","max-image-preview":"max-image-preview:large","max-video-preview":"max-video-preview:-1"},"canonical":"https:\/\/museoriente.com\/ast\/la-nuestra-coleccion\/","og_locale":"en_US","og_type":"article","og_title":"La nuestra colecci\u00f3n - Museo del Oriente de Asturias","og_description":"Conoce las historias que dan vida al Museo Etnogr\u00e1fico del Oriente de Asturias. Descubre relatos, tradiciones y personajes. \u00a1Conoce m\u00e1s!","og_url":"https:\/\/museoriente.com\/ast\/la-nuestra-coleccion\/","og_site_name":"Museo del Oriente de Asturias","article_modified_time":"2025-05-27T15:37:16+00:00","og_image":[{"width":1130,"height":752,"url":"https:\/\/museoriente.com\/wp-content\/uploads\/2024\/12\/fotograia-hallazo-de-lo-ignorado.webp","type":"image\/webp"}],"twitter_card":"summary_large_image","twitter_misc":{"Est. reading time":"1 minute"},"schema":{"@context":"https:\/\/schema.org","@graph":[{"@type":"WebPage","@id":"https:\/\/museoriente.com\/ast\/la-nuestra-coleccion\/","url":"https:\/\/museoriente.com\/ast\/la-nuestra-coleccion\/","name":"La nuestra colecci\u00f3n - Museo del Oriente de Asturias","isPartOf":{"@id":"https:\/\/museoriente.com\/ast\/#website"},"primaryImageOfPage":{"@id":"https:\/\/museoriente.com\/ast\/la-nuestra-coleccion\/#primaryimage"},"image":{"@id":"https:\/\/museoriente.com\/ast\/la-nuestra-coleccion\/#primaryimage"},"thumbnailUrl":"https:\/\/museoriente.com\/wp-content\/uploads\/2024\/12\/fotograia-hallazo-de-lo-ignorado.webp","datePublished":"2025-05-06T15:06:47+00:00","dateModified":"2025-05-27T15:37:16+00:00","description":"Conoce las historias que dan vida al Museo Etnogr\u00e1fico del Oriente de Asturias. Descubre relatos, tradiciones y personajes. \u00a1Conoce m\u00e1s!","breadcrumb":{"@id":"https:\/\/museoriente.com\/ast\/la-nuestra-coleccion\/#breadcrumb"},"inLanguage":"ast-AST","potentialAction":[{"@type":"ReadAction","target":["https:\/\/museoriente.com\/ast\/la-nuestra-coleccion\/"]}]},{"@type":"ImageObject","inLanguage":"ast-AST","@id":"https:\/\/museoriente.com\/ast\/la-nuestra-coleccion\/#primaryimage","url":"https:\/\/museoriente.com\/wp-content\/uploads\/2024\/12\/fotograia-hallazo-de-lo-ignorado.webp","contentUrl":"https:\/\/museoriente.com\/wp-content\/uploads\/2024\/12\/fotograia-hallazo-de-lo-ignorado.webp","width":1130,"height":752},{"@type":"BreadcrumbList","@id":"https:\/\/museoriente.com\/ast\/la-nuestra-coleccion\/#breadcrumb","itemListElement":[{"@type":"ListItem","position":1,"name":"Portada","item":"https:\/\/museoriente.com\/ast\/el-museo\/"},{"@type":"ListItem","position":2,"name":"La nuestra colecci\u00f3n"}]},{"@type":"WebSite","@id":"https:\/\/museoriente.com\/ast\/#website","url":"https:\/\/museoriente.com\/ast\/","name":"Museo Etnogr\u00e1fico del Oriente de Asturias","description":"A mitad de camino entre el mar y la monta\u00f1a","publisher":{"@id":"https:\/\/museoriente.com\/ast\/#organization"},"potentialAction":[{"@type":"SearchAction","target":{"@type":"EntryPoint","urlTemplate":"https:\/\/museoriente.com\/ast\/?s={search_term_string}"},"query-input":{"@type":"PropertyValueSpecification","valueRequired":true,"valueName":"search_term_string"}}],"inLanguage":"ast-AST"},{"@type":"Organization","@id":"https:\/\/museoriente.com\/ast\/#organization","name":"Museo Etnogr\u00e1fico del Oriente de Asturias","url":"https:\/\/museoriente.com\/ast\/","logo":{"@type":"ImageObject","inLanguage":"ast-AST","@id":"https:\/\/museoriente.com\/ast\/#\/schema\/logo\/image\/","url":"https:\/\/museoriente.com\/wp-content\/uploads\/2025\/05\/cropped-LOGO-MOA-FINAL-2025-HORIZONTAL.png","contentUrl":"https:\/\/museoriente.com\/wp-content\/uploads\/2025\/05\/cropped-LOGO-MOA-FINAL-2025-HORIZONTAL.png","width":1372,"height":392,"caption":"Museo Etnogr\u00e1fico del Oriente de Asturias"},"image":{"@id":"https:\/\/museoriente.com\/ast\/#\/schema\/logo\/image\/"}}]}},"_links":{"self":[{"href":"https:\/\/museoriente.com\/ast\/wp-json\/wp\/v2\/pages\/1155","targetHints":{"allow":["GET"]}}],"collection":[{"href":"https:\/\/museoriente.com\/ast\/wp-json\/wp\/v2\/pages"}],"about":[{"href":"https:\/\/museoriente.com\/ast\/wp-json\/wp\/v2\/types\/page"}],"author":[{"embeddable":true,"href":"https:\/\/museoriente.com\/ast\/wp-json\/wp\/v2\/users\/5"}],"replies":[{"embeddable":true,"href":"https:\/\/museoriente.com\/ast\/wp-json\/wp\/v2\/comments?post=1155"}],"version-history":[{"count":4,"href":"https:\/\/museoriente.com\/ast\/wp-json\/wp\/v2\/pages\/1155\/revisions"}],"predecessor-version":[{"id":2193,"href":"https:\/\/museoriente.com\/ast\/wp-json\/wp\/v2\/pages\/1155\/revisions\/2193"}],"wp:featuredmedia":[{"embeddable":true,"href":"https:\/\/museoriente.com\/ast\/wp-json\/wp\/v2\/media\/875"}],"wp:attachment":[{"href":"https:\/\/museoriente.com\/ast\/wp-json\/wp\/v2\/media?parent=1155"}],"curies":[{"name":"wp","href":"https:\/\/api.w.org\/{rel}","templated":true}]}}