{"id":1915,"date":"2025-05-13T10:58:22","date_gmt":"2025-05-13T08:58:22","guid":{"rendered":"https:\/\/museoriente.com\/?page_id=1915"},"modified":"2025-05-27T16:18:07","modified_gmt":"2025-05-27T14:18:07","slug":"los-edificios-2","status":"publish","type":"page","link":"https:\/\/museoriente.com\/ast\/los-edificios-2\/","title":{"rendered":"Centru Cultural Llac\u00edn"},"content":{"rendered":"\t\t<div data-elementor-type=\"wp-page\" data-elementor-id=\"1915\" class=\"elementor elementor-1915 elementor-1914\" data-elementor-post-type=\"page\">\n\t\t\t\t<div class=\"elementor-element elementor-element-54a08d5 e-flex e-con-boxed e-con e-parent\" data-id=\"54a08d5\" data-element_type=\"container\" data-settings=\"{&quot;background_background&quot;:&quot;classic&quot;}\">\n\t\t\t\t\t<div class=\"e-con-inner\">\n\t\t\t\t\t<\/div>\n\t\t\t\t<\/div>\n\t\t<div class=\"elementor-element elementor-element-a8e55d0 e-flex e-con-boxed e-con e-parent\" data-id=\"a8e55d0\" data-element_type=\"container\">\n\t\t\t\t\t<div class=\"e-con-inner\">\n\t\t<div class=\"elementor-element elementor-element-e61fe03 e-con-full e-flex e-con e-child\" data-id=\"e61fe03\" data-element_type=\"container\">\n\t\t\t\t<div class=\"elementor-element elementor-element-98bee98 elementor-widget-laptop__width-initial elementor-widget elementor-widget-heading\" data-id=\"98bee98\" data-element_type=\"widget\" data-settings=\"{&quot;motion_fx_motion_fx_scrolling&quot;:&quot;yes&quot;,&quot;motion_fx_translateX_effect&quot;:&quot;yes&quot;,&quot;motion_fx_translateX_direction&quot;:&quot;negative&quot;,&quot;motion_fx_translateX_speed&quot;:{&quot;unit&quot;:&quot;px&quot;,&quot;size&quot;:0.6,&quot;sizes&quot;:[]},&quot;motion_fx_translateX_affectedRange&quot;:{&quot;unit&quot;:&quot;%&quot;,&quot;size&quot;:&quot;&quot;,&quot;sizes&quot;:{&quot;start&quot;:0,&quot;end&quot;:100}},&quot;motion_fx_devices&quot;:[&quot;widescreen&quot;,&quot;desktop&quot;,&quot;laptop&quot;,&quot;tablet_extra&quot;,&quot;tablet&quot;,&quot;mobile_extra&quot;,&quot;mobile&quot;]}\" data-widget_type=\"heading.default\">\n\t\t\t\t\t<h1 class=\"elementor-heading-title elementor-size-default\">Centru Cultural Llac\u00edn\n<\/h1>\t\t\t\t<\/div>\n\t\t\t\t<div class=\"elementor-element elementor-element-397656a elementor-invisible elementor-widget elementor-widget-image\" data-id=\"397656a\" data-element_type=\"widget\" data-settings=\"{&quot;_animation&quot;:&quot;fadeInUp&quot;}\" data-widget_type=\"image.default\">\n\t\t\t\t\t\t\t\t\t\t\t\t\t\t\t<img fetchpriority=\"high\" decoding=\"async\" width=\"800\" height=\"800\" src=\"https:\/\/museoriente.com\/wp-content\/uploads\/2025\/05\/MOA-23-1024x1024.jpg\" class=\"attachment-large size-large wp-image-1128\" alt=\"\" srcset=\"https:\/\/museoriente.com\/wp-content\/uploads\/2025\/05\/MOA-23-1024x1024.jpg 1024w, https:\/\/museoriente.com\/wp-content\/uploads\/2025\/05\/MOA-23-300x300.jpg 300w, https:\/\/museoriente.com\/wp-content\/uploads\/2025\/05\/MOA-23-150x150.jpg 150w, https:\/\/museoriente.com\/wp-content\/uploads\/2025\/05\/MOA-23-768x768.jpg 768w, https:\/\/museoriente.com\/wp-content\/uploads\/2025\/05\/MOA-23.jpg 1458w\" sizes=\"(max-width: 800px) 100vw, 800px\" \/>\t\t\t\t\t\t\t\t\t\t\t\t\t\t\t<\/div>\n\t\t\t\t<\/div>\n\t\t<div class=\"elementor-element elementor-element-bcdbeff e-con-full e-flex e-con e-child\" data-id=\"bcdbeff\" data-element_type=\"container\">\n\t\t\t\t<div class=\"elementor-element elementor-element-c17cec1 elementor-invisible elementor-widget elementor-widget-text-editor\" data-id=\"c17cec1\" data-element_type=\"widget\" data-settings=\"{&quot;_animation&quot;:&quot;fadeInUp&quot;}\" data-widget_type=\"text-editor.default\">\n\t\t\t\t\t\t\t\t\t<p><span style=\"font-weight: 400;\">El Centru Cultural Llac\u00edn \u00e9 un edificiu d\u2019usu polivalente, dise\u00f1\u00e1u pol arquitectu Jos\u00e9 Luis Batalla Bustillo y construy\u00edu en 2005.<\/span><\/p><p><span style=\"font-weight: 400;\">L\u2019interior acueye los espacios muse\u00edsticos de conservaci\u00f3n, investigaci\u00f3n y divulgaci\u00f3n del patrimoniu cultural del Oriente d\u2019Asturias. <\/span><\/p><p><span style=\"font-weight: 400;\">Tien biblioteca especializada en temas d\u2019historia, xeograf\u00eda, etnograf\u00eda y antropolox\u00eda de la comarca.<\/span><\/p><p><span style=\"font-weight: 400;\">Tami\u00e9n cunta con una amplia sala p\u2019actividaes culturales, como esposiciones, ciclos de conferencias, talleres, eventos musicales o proyecciones cinematogr\u00e1ficas.<\/span><\/p><p><span style=\"font-weight: 400;\">Esti centru ye un espaciu flexible y abierto a la participaci\u00f3n ciudadana de la comunid\u00e1 vecinal de Porr\u00faa y de too l&#8217;Oriente d&#8217;Asturies.<\/span><\/p>\t\t\t\t\t\t\t\t<\/div>\n\t\t\t\t<\/div>\n\t\t\t\t\t<\/div>\n\t\t\t\t<\/div>\n\t\t<div class=\"elementor-element elementor-element-7cb21e8 e-flex e-con-boxed e-con e-parent\" data-id=\"7cb21e8\" data-element_type=\"container\" data-settings=\"{&quot;background_background&quot;:&quot;classic&quot;}\">\n\t\t\t\t\t<div class=\"e-con-inner\">\n\t\t<div class=\"elementor-element elementor-element-1ce12d3 e-con-full e-flex e-con e-child\" data-id=\"1ce12d3\" data-element_type=\"container\">\n\t\t\t\t<div class=\"elementor-element elementor-element-2a35da9 elementor-invisible elementor-widget elementor-widget-image\" data-id=\"2a35da9\" data-element_type=\"widget\" data-settings=\"{&quot;_animation&quot;:&quot;fadeInUp&quot;}\" data-widget_type=\"image.default\">\n\t\t\t\t\t\t\t\t\t\t\t\t\t\t\t<img decoding=\"async\" width=\"800\" height=\"800\" src=\"https:\/\/museoriente.com\/wp-content\/uploads\/2025\/05\/MOA-24-1024x1024.jpg\" class=\"attachment-large size-large wp-image-1129\" alt=\"\" srcset=\"https:\/\/museoriente.com\/wp-content\/uploads\/2025\/05\/MOA-24-1024x1024.jpg 1024w, https:\/\/museoriente.com\/wp-content\/uploads\/2025\/05\/MOA-24-300x300.jpg 300w, https:\/\/museoriente.com\/wp-content\/uploads\/2025\/05\/MOA-24-150x150.jpg 150w, https:\/\/museoriente.com\/wp-content\/uploads\/2025\/05\/MOA-24-768x768.jpg 768w, https:\/\/museoriente.com\/wp-content\/uploads\/2025\/05\/MOA-24.jpg 1458w\" sizes=\"(max-width: 800px) 100vw, 800px\" \/>\t\t\t\t\t\t\t\t\t\t\t\t\t\t\t<\/div>\n\t\t\t\t<\/div>\n\t\t<div class=\"elementor-element elementor-element-f76bc97 e-con-full e-flex e-con e-child\" data-id=\"f76bc97\" data-element_type=\"container\">\n\t\t\t\t<div class=\"elementor-element elementor-element-82227b3 elementor-invisible elementor-widget elementor-widget-heading\" data-id=\"82227b3\" data-element_type=\"widget\" data-settings=\"{&quot;_animation&quot;:&quot;fadeInLeft&quot;,&quot;_animation_delay&quot;:200}\" data-widget_type=\"heading.default\">\n\t\t\t\t\t<h2 class=\"elementor-heading-title elementor-size-default\">Parque infantil<\/h2>\t\t\t\t<\/div>\n\t\t\t\t<div class=\"elementor-element elementor-element-15b0730 elementor-invisible elementor-widget elementor-widget-text-editor\" data-id=\"15b0730\" data-element_type=\"widget\" data-settings=\"{&quot;_animation&quot;:&quot;fadeInUp&quot;}\" data-widget_type=\"text-editor.default\">\n\t\t\t\t\t\t\t\t\t<p><span style=\"font-weight: 400;\">Disponemos d\u2019un parque infantil d\u2019accesu llibre.<\/span><\/p><p><span style=\"font-weight: 400;\">Tien una tirolina y amplia varied\u00e1 de xuegos pa lo m\u00e1s peque\u00f1o de la familia.<\/span><\/p>\t\t\t\t\t\t\t\t<\/div>\n\t\t\t\t<\/div>\n\t\t\t\t\t<\/div>\n\t\t\t\t<\/div>\n\t\t\t\t<\/div>\n\t\t","protected":false},"excerpt":{"rendered":"<p>Centru Cultural Llac\u00edn El Centru Cultural Llac\u00edn \u00e9 un edificiu d\u2019usu polivalente, dise\u00f1\u00e1u pol arquitectu Jos\u00e9 Luis Batalla Bustillo y construy\u00edu en 2005. L\u2019interior acueye los espacios muse\u00edsticos de conservaci\u00f3n, investigaci\u00f3n y divulgaci\u00f3n del patrimoniu cultural del Oriente d\u2019Asturias. Tien biblioteca especializada en temas d\u2019historia, xeograf\u00eda, etnograf\u00eda y antropolox\u00eda de la comarca. Tami\u00e9n cunta con [&hellip;]<\/p>\n","protected":false},"author":5,"featured_media":1103,"parent":0,"menu_order":2,"comment_status":"closed","ping_status":"closed","template":"elementor_header_footer","meta":{"_acf_changed":false,"footnotes":""},"class_list":["post-1915","page","type-page","status-publish","has-post-thumbnail","hentry"],"acf":[],"yoast_head":"<!-- This site is optimized with the Yoast SEO plugin v25.1 - https:\/\/yoast.com\/wordpress\/plugins\/seo\/ -->\n<title>Centru Cultural Llac\u00edn - Museo del Oriente de Asturias<\/title>\n<meta name=\"description\" content=\"Afaya&#039;l Mus\u00e9u Etnogr\u00e1ficu n&#039;Asturies y som\u00f3rguiate na hestoria y tradiciones del Oriente asturianu. Vis\u00edtanos en Porr\u00faa.\" \/>\n<meta name=\"robots\" content=\"index, follow, max-snippet:-1, max-image-preview:large, max-video-preview:-1\" \/>\n<link rel=\"canonical\" href=\"https:\/\/museoriente.com\/ast\/los-edificios-2\/\" \/>\n<meta property=\"og:locale\" content=\"en_US\" \/>\n<meta property=\"og:type\" content=\"article\" \/>\n<meta property=\"og:title\" content=\"Centru Cultural Llac\u00edn - Museo del Oriente de Asturias\" \/>\n<meta property=\"og:description\" content=\"Afaya&#039;l Mus\u00e9u Etnogr\u00e1ficu n&#039;Asturies y som\u00f3rguiate na hestoria y tradiciones del Oriente asturianu. Vis\u00edtanos en Porr\u00faa.\" \/>\n<meta property=\"og:url\" content=\"https:\/\/museoriente.com\/ast\/los-edificios-2\/\" \/>\n<meta property=\"og:site_name\" content=\"Museo del Oriente de Asturias\" \/>\n<meta property=\"article:modified_time\" content=\"2025-05-27T14:18:07+00:00\" \/>\n<meta property=\"og:image\" content=\"https:\/\/museoriente.com\/wp-content\/uploads\/2024\/12\/familia-caseria-rural-llacin.webp\" \/>\n\t<meta property=\"og:image:width\" content=\"577\" \/>\n\t<meta property=\"og:image:height\" content=\"800\" \/>\n\t<meta property=\"og:image:type\" content=\"image\/webp\" \/>\n<meta name=\"twitter:card\" content=\"summary_large_image\" \/>\n<meta name=\"twitter:label1\" content=\"Est. reading time\" \/>\n\t<meta name=\"twitter:data1\" content=\"1 minute\" \/>\n<script type=\"application\/ld+json\" class=\"yoast-schema-graph\">{\"@context\":\"https:\/\/schema.org\",\"@graph\":[{\"@type\":\"WebPage\",\"@id\":\"https:\/\/museoriente.com\/ast\/los-edificios-2\/\",\"url\":\"https:\/\/museoriente.com\/ast\/los-edificios-2\/\",\"name\":\"Centru Cultural Llac\u00edn - Museo del Oriente de Asturias\",\"isPartOf\":{\"@id\":\"https:\/\/museoriente.com\/ast\/#website\"},\"primaryImageOfPage\":{\"@id\":\"https:\/\/museoriente.com\/ast\/los-edificios-2\/#primaryimage\"},\"image\":{\"@id\":\"https:\/\/museoriente.com\/ast\/los-edificios-2\/#primaryimage\"},\"thumbnailUrl\":\"https:\/\/museoriente.com\/wp-content\/uploads\/2024\/12\/familia-caseria-rural-llacin.webp\",\"datePublished\":\"2025-05-13T08:58:22+00:00\",\"dateModified\":\"2025-05-27T14:18:07+00:00\",\"description\":\"Afaya'l Mus\u00e9u Etnogr\u00e1ficu n'Asturies y som\u00f3rguiate na hestoria y tradiciones del Oriente asturianu. Vis\u00edtanos en Porr\u00faa.\",\"breadcrumb\":{\"@id\":\"https:\/\/museoriente.com\/ast\/los-edificios-2\/#breadcrumb\"},\"inLanguage\":\"ast-AST\",\"potentialAction\":[{\"@type\":\"ReadAction\",\"target\":[\"https:\/\/museoriente.com\/ast\/los-edificios-2\/\"]}]},{\"@type\":\"ImageObject\",\"inLanguage\":\"ast-AST\",\"@id\":\"https:\/\/museoriente.com\/ast\/los-edificios-2\/#primaryimage\",\"url\":\"https:\/\/museoriente.com\/wp-content\/uploads\/2024\/12\/familia-caseria-rural-llacin.webp\",\"contentUrl\":\"https:\/\/museoriente.com\/wp-content\/uploads\/2024\/12\/familia-caseria-rural-llacin.webp\",\"width\":577,\"height\":800},{\"@type\":\"BreadcrumbList\",\"@id\":\"https:\/\/museoriente.com\/ast\/los-edificios-2\/#breadcrumb\",\"itemListElement\":[{\"@type\":\"ListItem\",\"position\":1,\"name\":\"Portada\",\"item\":\"https:\/\/museoriente.com\/ast\/el-museo\/\"},{\"@type\":\"ListItem\",\"position\":2,\"name\":\"Centru Cultural Llac\u00edn\"}]},{\"@type\":\"WebSite\",\"@id\":\"https:\/\/museoriente.com\/ast\/#website\",\"url\":\"https:\/\/museoriente.com\/ast\/\",\"name\":\"Museo Etnogr\u00e1fico del Oriente de Asturias\",\"description\":\"A mitad de camino entre el mar y la monta\u00f1a\",\"publisher\":{\"@id\":\"https:\/\/museoriente.com\/ast\/#organization\"},\"potentialAction\":[{\"@type\":\"SearchAction\",\"target\":{\"@type\":\"EntryPoint\",\"urlTemplate\":\"https:\/\/museoriente.com\/ast\/?s={search_term_string}\"},\"query-input\":{\"@type\":\"PropertyValueSpecification\",\"valueRequired\":true,\"valueName\":\"search_term_string\"}}],\"inLanguage\":\"ast-AST\"},{\"@type\":\"Organization\",\"@id\":\"https:\/\/museoriente.com\/ast\/#organization\",\"name\":\"Museo Etnogr\u00e1fico del Oriente de Asturias\",\"url\":\"https:\/\/museoriente.com\/ast\/\",\"logo\":{\"@type\":\"ImageObject\",\"inLanguage\":\"ast-AST\",\"@id\":\"https:\/\/museoriente.com\/ast\/#\/schema\/logo\/image\/\",\"url\":\"https:\/\/museoriente.com\/wp-content\/uploads\/2025\/05\/cropped-LOGO-MOA-FINAL-2025-HORIZONTAL.png\",\"contentUrl\":\"https:\/\/museoriente.com\/wp-content\/uploads\/2025\/05\/cropped-LOGO-MOA-FINAL-2025-HORIZONTAL.png\",\"width\":1372,\"height\":392,\"caption\":\"Museo Etnogr\u00e1fico del Oriente de Asturias\"},\"image\":{\"@id\":\"https:\/\/museoriente.com\/ast\/#\/schema\/logo\/image\/\"}}]}<\/script>\n<!-- \/ Yoast SEO plugin. -->","yoast_head_json":{"title":"Centru Cultural Llac\u00edn - Museo del Oriente de Asturias","description":"Afaya'l Mus\u00e9u Etnogr\u00e1ficu n'Asturies y som\u00f3rguiate na hestoria y tradiciones del Oriente asturianu. Vis\u00edtanos en Porr\u00faa.","robots":{"index":"index","follow":"follow","max-snippet":"max-snippet:-1","max-image-preview":"max-image-preview:large","max-video-preview":"max-video-preview:-1"},"canonical":"https:\/\/museoriente.com\/ast\/los-edificios-2\/","og_locale":"en_US","og_type":"article","og_title":"Centru Cultural Llac\u00edn - Museo del Oriente de Asturias","og_description":"Afaya'l Mus\u00e9u Etnogr\u00e1ficu n'Asturies y som\u00f3rguiate na hestoria y tradiciones del Oriente asturianu. Vis\u00edtanos en Porr\u00faa.","og_url":"https:\/\/museoriente.com\/ast\/los-edificios-2\/","og_site_name":"Museo del Oriente de Asturias","article_modified_time":"2025-05-27T14:18:07+00:00","og_image":[{"width":577,"height":800,"url":"https:\/\/museoriente.com\/wp-content\/uploads\/2024\/12\/familia-caseria-rural-llacin.webp","type":"image\/webp"}],"twitter_card":"summary_large_image","twitter_misc":{"Est. reading time":"1 minute"},"schema":{"@context":"https:\/\/schema.org","@graph":[{"@type":"WebPage","@id":"https:\/\/museoriente.com\/ast\/los-edificios-2\/","url":"https:\/\/museoriente.com\/ast\/los-edificios-2\/","name":"Centru Cultural Llac\u00edn - Museo del Oriente de Asturias","isPartOf":{"@id":"https:\/\/museoriente.com\/ast\/#website"},"primaryImageOfPage":{"@id":"https:\/\/museoriente.com\/ast\/los-edificios-2\/#primaryimage"},"image":{"@id":"https:\/\/museoriente.com\/ast\/los-edificios-2\/#primaryimage"},"thumbnailUrl":"https:\/\/museoriente.com\/wp-content\/uploads\/2024\/12\/familia-caseria-rural-llacin.webp","datePublished":"2025-05-13T08:58:22+00:00","dateModified":"2025-05-27T14:18:07+00:00","description":"Afaya'l Mus\u00e9u Etnogr\u00e1ficu n'Asturies y som\u00f3rguiate na hestoria y tradiciones del Oriente asturianu. Vis\u00edtanos en Porr\u00faa.","breadcrumb":{"@id":"https:\/\/museoriente.com\/ast\/los-edificios-2\/#breadcrumb"},"inLanguage":"ast-AST","potentialAction":[{"@type":"ReadAction","target":["https:\/\/museoriente.com\/ast\/los-edificios-2\/"]}]},{"@type":"ImageObject","inLanguage":"ast-AST","@id":"https:\/\/museoriente.com\/ast\/los-edificios-2\/#primaryimage","url":"https:\/\/museoriente.com\/wp-content\/uploads\/2024\/12\/familia-caseria-rural-llacin.webp","contentUrl":"https:\/\/museoriente.com\/wp-content\/uploads\/2024\/12\/familia-caseria-rural-llacin.webp","width":577,"height":800},{"@type":"BreadcrumbList","@id":"https:\/\/museoriente.com\/ast\/los-edificios-2\/#breadcrumb","itemListElement":[{"@type":"ListItem","position":1,"name":"Portada","item":"https:\/\/museoriente.com\/ast\/el-museo\/"},{"@type":"ListItem","position":2,"name":"Centru Cultural Llac\u00edn"}]},{"@type":"WebSite","@id":"https:\/\/museoriente.com\/ast\/#website","url":"https:\/\/museoriente.com\/ast\/","name":"Museo Etnogr\u00e1fico del Oriente de Asturias","description":"A mitad de camino entre el mar y la monta\u00f1a","publisher":{"@id":"https:\/\/museoriente.com\/ast\/#organization"},"potentialAction":[{"@type":"SearchAction","target":{"@type":"EntryPoint","urlTemplate":"https:\/\/museoriente.com\/ast\/?s={search_term_string}"},"query-input":{"@type":"PropertyValueSpecification","valueRequired":true,"valueName":"search_term_string"}}],"inLanguage":"ast-AST"},{"@type":"Organization","@id":"https:\/\/museoriente.com\/ast\/#organization","name":"Museo Etnogr\u00e1fico del Oriente de Asturias","url":"https:\/\/museoriente.com\/ast\/","logo":{"@type":"ImageObject","inLanguage":"ast-AST","@id":"https:\/\/museoriente.com\/ast\/#\/schema\/logo\/image\/","url":"https:\/\/museoriente.com\/wp-content\/uploads\/2025\/05\/cropped-LOGO-MOA-FINAL-2025-HORIZONTAL.png","contentUrl":"https:\/\/museoriente.com\/wp-content\/uploads\/2025\/05\/cropped-LOGO-MOA-FINAL-2025-HORIZONTAL.png","width":1372,"height":392,"caption":"Museo Etnogr\u00e1fico del Oriente de Asturias"},"image":{"@id":"https:\/\/museoriente.com\/ast\/#\/schema\/logo\/image\/"}}]}},"_links":{"self":[{"href":"https:\/\/museoriente.com\/ast\/wp-json\/wp\/v2\/pages\/1915","targetHints":{"allow":["GET"]}}],"collection":[{"href":"https:\/\/museoriente.com\/ast\/wp-json\/wp\/v2\/pages"}],"about":[{"href":"https:\/\/museoriente.com\/ast\/wp-json\/wp\/v2\/types\/page"}],"author":[{"embeddable":true,"href":"https:\/\/museoriente.com\/ast\/wp-json\/wp\/v2\/users\/5"}],"replies":[{"embeddable":true,"href":"https:\/\/museoriente.com\/ast\/wp-json\/wp\/v2\/comments?post=1915"}],"version-history":[{"count":5,"href":"https:\/\/museoriente.com\/ast\/wp-json\/wp\/v2\/pages\/1915\/revisions"}],"predecessor-version":[{"id":2538,"href":"https:\/\/museoriente.com\/ast\/wp-json\/wp\/v2\/pages\/1915\/revisions\/2538"}],"wp:featuredmedia":[{"embeddable":true,"href":"https:\/\/museoriente.com\/ast\/wp-json\/wp\/v2\/media\/1103"}],"wp:attachment":[{"href":"https:\/\/museoriente.com\/ast\/wp-json\/wp\/v2\/media?parent=1915"}],"curies":[{"name":"wp","href":"https:\/\/api.w.org\/{rel}","templated":true}]}}