{"id":2450,"date":"2024-12-11T06:35:04","date_gmt":"2024-12-11T05:35:04","guid":{"rendered":"https:\/\/museoriente.com\/politica-de-privacida\/"},"modified":"2025-05-15T11:06:40","modified_gmt":"2025-05-15T09:06:40","slug":"politica-de-privacida","status":"publish","type":"page","link":"https:\/\/museoriente.com\/ast\/politica-de-privacida\/","title":{"rendered":"Pol\u00edtica de privacid\u00e1"},"content":{"rendered":"\n<p>El sitio web <a href=\"https:\/\/museoriente.com\/ast\/\">www.museoriente.com<\/a> pertenece a la Fundaci\u00f3n Museo Etnogr\u00e1fico del Oriente de Asturias, con domicilio social en Barriu Llac\u00edn s\/n, Porr\u00faa, Llanes (Asturias), CIF G74009333, tel\u00e9fono 985 40 25 47, e-mail: <a href=\"mailto:info@etnoriente.com\">info@museoriente.com<\/a><\/p>\n\n<h2 class=\"wp-block-heading\"><strong>\u00c1MBITO DE APLICACI\u00d3N<\/strong><\/h2>\n\n<p>De conformidad con lo dispuesto en la Ley Org\u00e1nica 15\/1999, de Protecci\u00f3n de Datos de Car\u00e1cter Personal (LOPD) y su normativa de desarrollo, el responsable del sitio web, en cumplimiento de lo dispuesto en el art. 5 y 6 de la LOPD, informa a todos los usuarios del sitio web que faciliten o vayan a facilitar sus datos personales, que estos ser\u00e1n incorporados en un fichero automatizado que se encuentra debidamente inscrito en la Agencia Espa\u00f1ola de Protecci\u00f3n de Datos.<\/p>\n\n<h2 class=\"wp-block-heading\"><strong>RECOGIDA DE LA INFORMACI\u00d3N Y FINALIDAD DEL FICHERO<\/strong><\/h2>\n\n<p>Los usuarios, mediante la marcaci\u00f3n de la casilla de los distintos formularios, aceptan expresamente y de forma libre e inequ\u00edvoca que sus datos personales sean tratados por parte del prestador para realizar las siguientes finalidades:<\/p>\n\n<ol class=\"wp-block-list\">\n<li>Remisi\u00f3n de comunicaciones comerciales publicitarias por e-mail, fax, SMS, MMS, comunidades sociales o cualesquier otro medio electr\u00f3nico o f\u00edsico, presente o futuro, que posibilite realizar comunicaci\u00f3n comercial. Dichas comunicaciones comerciales ser\u00e1n relacionadas sobre productos o servicios ofrecidos por el prestador, as\u00ed como por parte de los colaboradores o parthners con los que \u00e9ste hubiera alcanzado alg\u00fan acuerdo de promoci\u00f3n comercial entre sus clientes. En este caso, los terceros nunca tendr\u00e1n acceso a los datos personales. En todo caso las comunicaciones comerciales ser\u00e1n realizadas por parte del prestador y ser\u00e1n de productos y servicios relacionados con el sector del prestador.   <\/li>\n\n\n\n<li>Realizar estudios estad\u00edsticos.<\/li>\n\n\n\n<li>Tramitar encargos, solicitudes o cualquier tipo de petici\u00f3n que sea realizada por el usuario a trav\u00e9s de cualquiera de las formas de contacto que se ponen a disposici\u00f3n del usuario en el sitio web de la compa\u00f1\u00eda.<\/li>\n<\/ol>\n\n<h2 class=\"wp-block-heading\"><strong>DERECHO DE ACCESO, RECTIFICACI\u00d3N Y CANCELACI\u00d3N<\/strong><\/h2>\n\n<p>El prestador garantiza en todo caso al usuario el ejercicio de los derechos de acceso, rectificaci\u00f3n, cancelaci\u00f3n, informaci\u00f3n y oposici\u00f3n, en los t\u00e9rminos dispuestos en la legislaci\u00f3n vigente. Por ello, de conformidad con lo dispuesto en la Ley Org\u00e1nica 15\/1999, de Protecci\u00f3n de Datos de Car\u00e1cter Personal (LOPD) podr\u00e1 ejercer sus derechos remitiendo una solicitud expresa, junto a una copia de su DNI, a trav\u00e9s de los siguientes medios: <\/p>\n\n<ol class=\"wp-block-list\">\n<li>E-mail: <a href=\"https:\/\/museoriente.com\/politica-privacidad\/info@etnoriente.com\"><\/a><a href=\"mailto:info@etnoriente.com\">info@museoriente.com<\/a><\/li>\n\n\n\n<li>Correo Postal: Museo Etnogr\u00e1fico del Oriente de Asturias. Barriu Llac\u00edn s\/n, Porr\u00faa, Llanes (Asturias). <\/li>\n<\/ol>\n\n<p>El prestador informa y garantiza expresamente a los usuarios que sus datos personales no ser\u00e1n cedidos en ning\u00fan caso a terceras compa\u00f1\u00edas, y que siempre que fuera a realizarse alg\u00fan tipo de cesi\u00f3n de datos personales, de forma previa, se solicitar\u00eda el consentimiento expreso, informado, e inequ\u00edvoco por parte de los titulares.<br\/>Del mismo modo, el prestador ha adoptado todas las medidas t\u00e9cnicas y de organizaci\u00f3n necesarias para garantizar la seguridad e integridad de los datos de car\u00e1cter personal que trate, as\u00ed como para evitar su p\u00e9rdida, alteraci\u00f3n y\/o acceso por parte de terceros no autorizados.<\/p>\n\n<h2 class=\"wp-block-heading\"><strong>USO DE COOKIES Y DEL FICHERO DE ACTIVIDAD<\/strong><\/h2>\n\n<p>El prestador, por su propia cuenta o la de un tercero contratado para la prestaci\u00f3n de servicios de medici\u00f3n, puede utilizar cookies cuando un usuario navega por el sitio web. Las cookies son ficheros enviados al navegador por medio de un servidor web con la finalidad de registrar las actividades del usuario durante su tiempo de navegaci\u00f3n. <\/p>\n\n<p>Las cookies utilizadas por el sitio web se asocian \u00fanicamente con un usuario an\u00f3nimo y su ordenador, y no proporcionan por s\u00ed mismas los datos personales del usuario.<\/p>\n\n<p>Mediante el uso de las cookies resulta posible que el servidor donde se encuentra la web, reconozca el navegador web utilizado por el usuario con la finalidad de que la navegaci\u00f3n sea m\u00e1s sencilla, permitiendo, por ejemplo, el acceso a los usuarios que se hayan registrado previamente, acceder a las \u00e1reas, servicios, promociones o concursos reservados exclusivamente a ellos sin tener que registrarse en cada visita. Se utilizan tambi\u00e9n para medir la audiencia y par\u00e1metros del tr\u00e1fico, controlar el progreso y n\u00famero de entradas. <\/p>\n\n<p>El usuario tiene la posibilidad de configurar su navegador para ser avisado de la recepci\u00f3n de cookies y para impedir su instalaci\u00f3n en su equipo. Por favor, consulte las instrucciones y manuales de su navegador para ampliar esta informaci\u00f3n. <\/p>\n\n<p>Para utilizar el sitio web, no resulta necesario que el usuario permita la instalaci\u00f3n de las cookies enviadas por el sitio web, o el tercero que act\u00fae en su nombre, sin perjuicio de que sea necesario que el usuario inicie una sesi\u00f3n como tal en cada uno de los servicios cuya prestaci\u00f3n requiera el previo registro o \u201clogin\u201d.<\/p>\n\n<p>Las cookies utilizadas en este sitio web tienen, en todo caso, car\u00e1cter temporal con la \u00fanica finalidad de hacer m\u00e1s eficaz su transmisi\u00f3n ulterior. En ning\u00fan caso se utilizar\u00e1n las cookies para recoger informaci\u00f3n de car\u00e1cter personal. <\/p>\n\n<p>Este sitio web utiliza Google Analytics, un servicio anal\u00edtico de web prestado por Google, Inc., una compa\u00f1\u00eda de Delaware cuya oficina principal est\u00e1 en 1600 Amphitheatre Parkway, Mountain View (California), CA 94043, Estados Unidos (\u201cGoogle\u201d). Google Analytics utiliza cookies, que son archivos de texto ubicados en su ordenador, para ayudar al website a analizar el uso que hacen los usuarios del sitio web. La informaci\u00f3n que genera la cookie acerca de su uso del website (incluyendo su direcci\u00f3n IP) ser\u00e1 directamente transmitida y archivada por Google en los servidores de Estados Unidos. Google usar\u00e1 esta informaci\u00f3n por cuenta nuestra con el prop\u00f3sito de seguir la pista de su uso del website, recopilando informes de la actividad del website y prestando otros servicios relacionados con la actividad del website y el uso de Internet. Google podr\u00e1 transmitir dicha informaci\u00f3n a terceros cuando as\u00ed se lo requiera la legislaci\u00f3n, o cuando dichos terceros procesen la informaci\u00f3n por cuenta de Google. Google no asociar\u00e1 su direcci\u00f3n IP con ning\u00fan otro dato del que disponga Google. Puede usted rechazar el tratamiento de los datos o la informaci\u00f3n rechazando el uso de cookies mediante la selecci\u00f3n de la configuraci\u00f3n apropiada de su navegador, sin embargo, debe usted saber que si lo hace puede ser que no pueda usar la plena funci\u00f3n habilidad de este website. Al utilizar este website usted consiente el tratamiento de informaci\u00f3n acerca de usted por Google en la forma y para los fines arriba indicados.<\/p>\n\n<h2 class=\"wp-block-heading\"><strong>DIRECCIONES IP<\/strong><\/h2>\n\n<p>Los servidores del sitio web podr\u00e1n detectar de manera autom\u00e1tica la direcci\u00f3n IP y el nombre de dominio utilizados por el usuario. Una direcci\u00f3n IP es un n\u00famero asignado autom\u00e1ticamente a un ordenador cuando esta se conecta a Internet. Toda esta informaci\u00f3n es registrada en un fichero de actividad del servidor debidamente inscrito que permite el posterior procesamiento de los datos con el fin de obtener mediciones \u00fanicamente estad\u00edsticas que permitan conocer el n\u00famero de impresiones de p\u00e1ginas, el n\u00famero de visitas realizadas a los servicios web, el orden de visitas, el punto de acceso, etc.  <\/p>\n\n<h2 class=\"wp-block-heading\"><strong>SEGURIDAD<\/strong><\/h2>\n\n<p>El sitio web utiliza t\u00e9cnicas de seguridad de la informaci\u00f3n generalmente aceptadas en la industria, tales como firewalls, procedimientos de control de acceso y mecanismos criptogr\u00e1ficos, todo ello con el objeto de evitar el acceso no autorizado a los datos. Para lograr estos fines, el usuario\/cliente acepta que el prestador obtenga datos para efectos de la correspondiente autenticaci\u00f3n de los controles de acceso. <\/p>\n\n<h2 class=\"wp-block-heading\"><strong>DERECHOS DE IMAGEN<\/strong><\/h2>\n\n<p>El sitio web incluye fotograf\u00edas que pueden mostrar a personas en el desarrollo de actividades culturales y\/o eventos relacionados con el Museo del Oriente de Asturias. Estas im\u00e1genes han sido utilizadas respetando los derechos de imagen de las personas que aparecen en ellas. <\/p>\n\n<p>Los autores de las fotograf\u00edas utilizadas en el sitio son:<\/p>\n\n<ul class=\"wp-block-list\">\n<li>Cristina Cantero Fern\u00e1ndez<\/li>\n\n\n\n<li>Yolanda Cerra Bada <\/li>\n\n\n\n<li>Distrito Federal Media<\/li>\n<\/ul>\n\n<p>Si alguna persona identificable en las im\u00e1genes desea solicitar la retirada o modificaci\u00f3n de las mismas, podr\u00e1 hacerlo a trav\u00e9s del correo: <a href=\"mailto:info@etnoriente.com\">info@museoriente.com<\/a>.<\/p>\n\n<p><\/p>\n","protected":false},"excerpt":{"rendered":"<p>El sitio web www.museoriente.com pertenece a la Fundaci\u00f3n Museo Etnogr\u00e1fico del Oriente de Asturias, con domicilio social en Barriu Llac\u00edn s\/n, Porr\u00faa, Llanes (Asturias), CIF G74009333, tel\u00e9fono 985 40 25 47, e-mail: info@museoriente.com \u00c1MBITO DE APLICACI\u00d3N De conformidad con lo dispuesto en la Ley Org\u00e1nica 15\/1999, de Protecci\u00f3n de Datos de Car\u00e1cter Personal (LOPD) y [&hellip;]<\/p>\n","protected":false},"author":1,"featured_media":0,"parent":0,"menu_order":2,"comment_status":"closed","ping_status":"closed","template":"","meta":{"_acf_changed":false,"footnotes":""},"class_list":["post-2450","page","type-page","status-publish","hentry"],"acf":[],"yoast_head":"<!-- This site is optimized with the Yoast SEO plugin v25.1 - https:\/\/yoast.com\/wordpress\/plugins\/seo\/ -->\n<title>Pol\u00edtica de privacid\u00e1 - Museo del Oriente de Asturias<\/title>\n<meta name=\"robots\" content=\"index, follow, max-snippet:-1, max-image-preview:large, max-video-preview:-1\" \/>\n<link rel=\"canonical\" href=\"https:\/\/museoriente.com\/ast\/politica-de-privacida\/\" \/>\n<meta property=\"og:locale\" content=\"en_US\" \/>\n<meta property=\"og:type\" content=\"article\" \/>\n<meta property=\"og:title\" content=\"Pol\u00edtica de privacid\u00e1 - Museo del Oriente de Asturias\" \/>\n<meta property=\"og:description\" content=\"El sitio web www.museoriente.com pertenece a la Fundaci\u00f3n Museo Etnogr\u00e1fico del Oriente de Asturias, con domicilio social en Barriu Llac\u00edn s\/n, Porr\u00faa, Llanes (Asturias), CIF G74009333, tel\u00e9fono 985 40 25 47, e-mail: info@museoriente.com \u00c1MBITO DE APLICACI\u00d3N De conformidad con lo dispuesto en la Ley Org\u00e1nica 15\/1999, de Protecci\u00f3n de Datos de Car\u00e1cter Personal (LOPD) y [&hellip;]\" \/>\n<meta property=\"og:url\" content=\"https:\/\/museoriente.com\/ast\/politica-de-privacida\/\" \/>\n<meta property=\"og:site_name\" content=\"Museo del Oriente de Asturias\" \/>\n<meta property=\"article:modified_time\" content=\"2025-05-15T09:06:40+00:00\" \/>\n<meta property=\"og:image\" content=\"https:\/\/museoriente.com\/wp-content\/uploads\/2024\/12\/logo_viejo.jpg\" \/>\n\t<meta property=\"og:image:width\" content=\"369\" \/>\n\t<meta property=\"og:image:height\" content=\"148\" \/>\n\t<meta property=\"og:image:type\" content=\"image\/jpeg\" \/>\n<meta name=\"twitter:card\" content=\"summary_large_image\" \/>\n<meta name=\"twitter:label1\" content=\"Est. reading time\" \/>\n\t<meta name=\"twitter:data1\" content=\"7 minutes\" \/>\n<script type=\"application\/ld+json\" class=\"yoast-schema-graph\">{\"@context\":\"https:\/\/schema.org\",\"@graph\":[{\"@type\":\"WebPage\",\"@id\":\"https:\/\/museoriente.com\/ast\/politica-de-privacida\/\",\"url\":\"https:\/\/museoriente.com\/ast\/politica-de-privacida\/\",\"name\":\"Pol\u00edtica de privacid\u00e1 - Museo del Oriente de Asturias\",\"isPartOf\":{\"@id\":\"https:\/\/museoriente.com\/ast\/#website\"},\"datePublished\":\"2024-12-11T05:35:04+00:00\",\"dateModified\":\"2025-05-15T09:06:40+00:00\",\"breadcrumb\":{\"@id\":\"https:\/\/museoriente.com\/ast\/politica-de-privacida\/#breadcrumb\"},\"inLanguage\":\"ast-AST\",\"potentialAction\":[{\"@type\":\"ReadAction\",\"target\":[\"https:\/\/museoriente.com\/ast\/politica-de-privacida\/\"]}]},{\"@type\":\"BreadcrumbList\",\"@id\":\"https:\/\/museoriente.com\/ast\/politica-de-privacida\/#breadcrumb\",\"itemListElement\":[{\"@type\":\"ListItem\",\"position\":1,\"name\":\"Portada\",\"item\":\"https:\/\/museoriente.com\/ast\/el-museo\/\"},{\"@type\":\"ListItem\",\"position\":2,\"name\":\"Pol\u00edtica de privacid\u00e1\"}]},{\"@type\":\"WebSite\",\"@id\":\"https:\/\/museoriente.com\/ast\/#website\",\"url\":\"https:\/\/museoriente.com\/ast\/\",\"name\":\"Museo Etnogr\u00e1fico del Oriente de Asturias\",\"description\":\"A mitad de camino entre el mar y la monta\u00f1a\",\"publisher\":{\"@id\":\"https:\/\/museoriente.com\/ast\/#organization\"},\"potentialAction\":[{\"@type\":\"SearchAction\",\"target\":{\"@type\":\"EntryPoint\",\"urlTemplate\":\"https:\/\/museoriente.com\/ast\/?s={search_term_string}\"},\"query-input\":{\"@type\":\"PropertyValueSpecification\",\"valueRequired\":true,\"valueName\":\"search_term_string\"}}],\"inLanguage\":\"ast-AST\"},{\"@type\":\"Organization\",\"@id\":\"https:\/\/museoriente.com\/ast\/#organization\",\"name\":\"Museo Etnogr\u00e1fico del Oriente de Asturias\",\"url\":\"https:\/\/museoriente.com\/ast\/\",\"logo\":{\"@type\":\"ImageObject\",\"inLanguage\":\"ast-AST\",\"@id\":\"https:\/\/museoriente.com\/ast\/#\/schema\/logo\/image\/\",\"url\":\"https:\/\/museoriente.com\/wp-content\/uploads\/2025\/05\/cropped-LOGO-MOA-FINAL-2025-HORIZONTAL.png\",\"contentUrl\":\"https:\/\/museoriente.com\/wp-content\/uploads\/2025\/05\/cropped-LOGO-MOA-FINAL-2025-HORIZONTAL.png\",\"width\":1372,\"height\":392,\"caption\":\"Museo Etnogr\u00e1fico del Oriente de Asturias\"},\"image\":{\"@id\":\"https:\/\/museoriente.com\/ast\/#\/schema\/logo\/image\/\"}}]}<\/script>\n<!-- \/ Yoast SEO plugin. -->","yoast_head_json":{"title":"Pol\u00edtica de privacid\u00e1 - Museo del Oriente de Asturias","robots":{"index":"index","follow":"follow","max-snippet":"max-snippet:-1","max-image-preview":"max-image-preview:large","max-video-preview":"max-video-preview:-1"},"canonical":"https:\/\/museoriente.com\/ast\/politica-de-privacida\/","og_locale":"en_US","og_type":"article","og_title":"Pol\u00edtica de privacid\u00e1 - Museo del Oriente de Asturias","og_description":"El sitio web www.museoriente.com pertenece a la Fundaci\u00f3n Museo Etnogr\u00e1fico del Oriente de Asturias, con domicilio social en Barriu Llac\u00edn s\/n, Porr\u00faa, Llanes (Asturias), CIF G74009333, tel\u00e9fono 985 40 25 47, e-mail: info@museoriente.com \u00c1MBITO DE APLICACI\u00d3N De conformidad con lo dispuesto en la Ley Org\u00e1nica 15\/1999, de Protecci\u00f3n de Datos de Car\u00e1cter Personal (LOPD) y [&hellip;]","og_url":"https:\/\/museoriente.com\/ast\/politica-de-privacida\/","og_site_name":"Museo del Oriente de Asturias","article_modified_time":"2025-05-15T09:06:40+00:00","og_image":[{"width":369,"height":148,"url":"https:\/\/museoriente.com\/wp-content\/uploads\/2024\/12\/logo_viejo.jpg","type":"image\/jpeg"}],"twitter_card":"summary_large_image","twitter_misc":{"Est. reading time":"7 minutes"},"schema":{"@context":"https:\/\/schema.org","@graph":[{"@type":"WebPage","@id":"https:\/\/museoriente.com\/ast\/politica-de-privacida\/","url":"https:\/\/museoriente.com\/ast\/politica-de-privacida\/","name":"Pol\u00edtica de privacid\u00e1 - Museo del Oriente de Asturias","isPartOf":{"@id":"https:\/\/museoriente.com\/ast\/#website"},"datePublished":"2024-12-11T05:35:04+00:00","dateModified":"2025-05-15T09:06:40+00:00","breadcrumb":{"@id":"https:\/\/museoriente.com\/ast\/politica-de-privacida\/#breadcrumb"},"inLanguage":"ast-AST","potentialAction":[{"@type":"ReadAction","target":["https:\/\/museoriente.com\/ast\/politica-de-privacida\/"]}]},{"@type":"BreadcrumbList","@id":"https:\/\/museoriente.com\/ast\/politica-de-privacida\/#breadcrumb","itemListElement":[{"@type":"ListItem","position":1,"name":"Portada","item":"https:\/\/museoriente.com\/ast\/el-museo\/"},{"@type":"ListItem","position":2,"name":"Pol\u00edtica de privacid\u00e1"}]},{"@type":"WebSite","@id":"https:\/\/museoriente.com\/ast\/#website","url":"https:\/\/museoriente.com\/ast\/","name":"Museo Etnogr\u00e1fico del Oriente de Asturias","description":"A mitad de camino entre el mar y la monta\u00f1a","publisher":{"@id":"https:\/\/museoriente.com\/ast\/#organization"},"potentialAction":[{"@type":"SearchAction","target":{"@type":"EntryPoint","urlTemplate":"https:\/\/museoriente.com\/ast\/?s={search_term_string}"},"query-input":{"@type":"PropertyValueSpecification","valueRequired":true,"valueName":"search_term_string"}}],"inLanguage":"ast-AST"},{"@type":"Organization","@id":"https:\/\/museoriente.com\/ast\/#organization","name":"Museo Etnogr\u00e1fico del Oriente de Asturias","url":"https:\/\/museoriente.com\/ast\/","logo":{"@type":"ImageObject","inLanguage":"ast-AST","@id":"https:\/\/museoriente.com\/ast\/#\/schema\/logo\/image\/","url":"https:\/\/museoriente.com\/wp-content\/uploads\/2025\/05\/cropped-LOGO-MOA-FINAL-2025-HORIZONTAL.png","contentUrl":"https:\/\/museoriente.com\/wp-content\/uploads\/2025\/05\/cropped-LOGO-MOA-FINAL-2025-HORIZONTAL.png","width":1372,"height":392,"caption":"Museo Etnogr\u00e1fico del Oriente de Asturias"},"image":{"@id":"https:\/\/museoriente.com\/ast\/#\/schema\/logo\/image\/"}}]}},"_links":{"self":[{"href":"https:\/\/museoriente.com\/ast\/wp-json\/wp\/v2\/pages\/2450","targetHints":{"allow":["GET"]}}],"collection":[{"href":"https:\/\/museoriente.com\/ast\/wp-json\/wp\/v2\/pages"}],"about":[{"href":"https:\/\/museoriente.com\/ast\/wp-json\/wp\/v2\/types\/page"}],"author":[{"embeddable":true,"href":"https:\/\/museoriente.com\/ast\/wp-json\/wp\/v2\/users\/1"}],"replies":[{"embeddable":true,"href":"https:\/\/museoriente.com\/ast\/wp-json\/wp\/v2\/comments?post=2450"}],"version-history":[{"count":2,"href":"https:\/\/museoriente.com\/ast\/wp-json\/wp\/v2\/pages\/2450\/revisions"}],"predecessor-version":[{"id":2502,"href":"https:\/\/museoriente.com\/ast\/wp-json\/wp\/v2\/pages\/2450\/revisions\/2502"}],"wp:attachment":[{"href":"https:\/\/museoriente.com\/ast\/wp-json\/wp\/v2\/media?parent=2450"}],"curies":[{"name":"wp","href":"https:\/\/api.w.org\/{rel}","templated":true}]}}