{"id":873,"date":"2024-12-11T06:22:52","date_gmt":"2024-12-11T05:22:52","guid":{"rendered":"https:\/\/museoriente.com\/entamu\/"},"modified":"2025-05-27T16:44:09","modified_gmt":"2025-05-27T14:44:09","slug":"el-museo","status":"publish","type":"page","link":"https:\/\/museoriente.com\/ast\/","title":{"rendered":"L\u2019ORIENTE D\u2019ASTURIAS"},"content":{"rendered":"\t\t<div data-elementor-type=\"wp-page\" data-elementor-id=\"873\" class=\"elementor elementor-873 elementor-13\" data-elementor-post-type=\"page\">\n\t\t\t\t<div class=\"elementor-element elementor-element-1e29564 e-flex e-con-boxed e-con e-parent\" data-id=\"1e29564\" data-element_type=\"container\" data-settings=\"{&quot;sticky&quot;:&quot;top&quot;,&quot;sticky_offset&quot;:80,&quot;sticky_on&quot;:[&quot;widescreen&quot;,&quot;desktop&quot;,&quot;laptop&quot;,&quot;tablet_extra&quot;,&quot;tablet&quot;,&quot;mobile_extra&quot;,&quot;mobile&quot;],&quot;sticky_effects_offset&quot;:0,&quot;sticky_anchor_link_offset&quot;:0}\">\n\t\t\t\t\t<div class=\"e-con-inner\">\n\t\t<div class=\"elementor-element elementor-element-e27406e e-con-full e-flex e-con e-child\" data-id=\"e27406e\" data-element_type=\"container\">\n\t\t\t\t<div class=\"elementor-element elementor-element-828d7c9 elementor-invisible elementor-widget elementor-widget-heading\" data-id=\"828d7c9\" data-element_type=\"widget\" data-settings=\"{&quot;_animation&quot;:&quot;fadeInLeft&quot;}\" data-widget_type=\"heading.default\">\n\t\t\t\t\t<h2 class=\"elementor-heading-title elementor-size-default\">Te damos la bienvenida al <\/h2>\t\t\t\t<\/div>\n\t\t\t\t<div class=\"elementor-element elementor-element-35a484e elementor-invisible elementor-widget elementor-widget-heading\" data-id=\"35a484e\" data-element_type=\"widget\" data-settings=\"{&quot;_animation&quot;:&quot;fadeInLeft&quot;,&quot;_animation_delay&quot;:200}\" data-widget_type=\"heading.default\">\n\t\t\t\t\t<h2 class=\"elementor-heading-title elementor-size-default\">MUS\u00c9U DEL ORIENTE<br>DE ASTURIAS<\/h2>\t\t\t\t<\/div>\n\t\t\t\t<\/div>\n\t\t\t\t<div class=\"elementor-element elementor-element-ef974eb elementor-invisible elementor-widget elementor-widget-heading\" data-id=\"ef974eb\" data-element_type=\"widget\" data-settings=\"{&quot;_animation&quot;:&quot;fadeInRight&quot;,&quot;_animation_mobile&quot;:&quot;fadeInLeft&quot;,&quot;_animation_delay&quot;:300}\" data-widget_type=\"heading.default\">\n\t\t\t\t\t<h2 class=\"elementor-heading-title elementor-size-default\">\nENTE EL MAR<br>Y EL MONTE<\/h2>\t\t\t\t<\/div>\n\t\t\t\t\t<\/div>\n\t\t\t\t<\/div>\n\t\t<div class=\"elementor-element elementor-element-0ed060d e-flex e-con-boxed e-con e-parent\" data-id=\"0ed060d\" data-element_type=\"container\" data-settings=\"{&quot;background_background&quot;:&quot;slideshow&quot;,&quot;background_slideshow_gallery&quot;:[{&quot;id&quot;:1398,&quot;url&quot;:&quot;https:\\\/\\\/museoriente.com\\\/wp-content\\\/uploads\\\/2025\\\/05\\\/MOA-44.jpg&quot;},{&quot;id&quot;:130,&quot;url&quot;:&quot;https:\\\/\\\/museoriente.com\\\/wp-content\\\/uploads\\\/2024\\\/12\\\/MOA_01.webp&quot;},{&quot;id&quot;:1395,&quot;url&quot;:&quot;https:\\\/\\\/museoriente.com\\\/wp-content\\\/uploads\\\/2025\\\/05\\\/MOA-45.jpg&quot;},{&quot;id&quot;:1823,&quot;url&quot;:&quot;https:\\\/\\\/museoriente.com\\\/wp-content\\\/uploads\\\/2025\\\/05\\\/IMG_9912_yes-scaled.jpg&quot;},{&quot;id&quot;:1401,&quot;url&quot;:&quot;https:\\\/\\\/museoriente.com\\\/wp-content\\\/uploads\\\/2025\\\/05\\\/MOA-48.jpg&quot;},{&quot;id&quot;:128,&quot;url&quot;:&quot;https:\\\/\\\/museoriente.com\\\/wp-content\\\/uploads\\\/2024\\\/12\\\/MOA_03.webp&quot;}],&quot;background_slideshow_slide_duration&quot;:3000,&quot;background_slideshow_lazyload&quot;:&quot;yes&quot;,&quot;background_slideshow_ken_burns&quot;:&quot;yes&quot;,&quot;background_slideshow_loop&quot;:&quot;yes&quot;,&quot;background_slideshow_slide_transition&quot;:&quot;fade&quot;,&quot;background_slideshow_transition_duration&quot;:500,&quot;background_slideshow_ken_burns_zoom_direction&quot;:&quot;in&quot;}\">\n\t\t\t\t\t<div class=\"e-con-inner\">\n\t\t\t\t\t<\/div>\n\t\t\t\t<\/div>\n\t\t<div class=\"elementor-element elementor-element-c23533a e-flex e-con-boxed e-con e-parent\" data-id=\"c23533a\" data-element_type=\"container\" data-settings=\"{&quot;background_background&quot;:&quot;classic&quot;,&quot;sticky&quot;:&quot;top&quot;,&quot;sticky_on&quot;:[&quot;widescreen&quot;,&quot;desktop&quot;,&quot;laptop&quot;,&quot;tablet_extra&quot;,&quot;tablet&quot;,&quot;mobile_extra&quot;,&quot;mobile&quot;],&quot;sticky_offset&quot;:0,&quot;sticky_effects_offset&quot;:0,&quot;sticky_anchor_link_offset&quot;:0}\">\n\t\t\t\t\t<div class=\"e-con-inner\">\n\t\t<div class=\"elementor-element elementor-element-e3f6f43 e-con-full e-flex e-con e-child\" data-id=\"e3f6f43\" data-element_type=\"container\">\n\t\t\t\t<div class=\"elementor-element elementor-element-3825cea elementor-widget elementor-widget-image\" data-id=\"3825cea\" data-element_type=\"widget\" data-settings=\"{&quot;motion_fx_motion_fx_scrolling&quot;:&quot;yes&quot;,&quot;motion_fx_translateX_effect&quot;:&quot;yes&quot;,&quot;motion_fx_translateX_direction&quot;:&quot;negative&quot;,&quot;motion_fx_range&quot;:&quot;page&quot;,&quot;motion_fx_translateX_speed&quot;:{&quot;unit&quot;:&quot;px&quot;,&quot;size&quot;:1.1,&quot;sizes&quot;:[]},&quot;motion_fx_translateX_affectedRange&quot;:{&quot;unit&quot;:&quot;%&quot;,&quot;size&quot;:&quot;&quot;,&quot;sizes&quot;:{&quot;start&quot;:0,&quot;end&quot;:100}},&quot;motion_fx_devices&quot;:[&quot;widescreen&quot;,&quot;desktop&quot;,&quot;laptop&quot;,&quot;tablet_extra&quot;,&quot;tablet&quot;,&quot;mobile_extra&quot;,&quot;mobile&quot;]}\" data-widget_type=\"image.default\">\n\t\t\t\t\t\t\t\t\t\t\t\t\t\t\t<img fetchpriority=\"high\" decoding=\"async\" width=\"800\" height=\"247\" src=\"https:\/\/museoriente.com\/wp-content\/uploads\/2025\/05\/LOGO-MOA-FINAL-2025-HORIZONTAL-1024x316.png\" class=\"attachment-large size-large wp-image-880\" alt=\"\" srcset=\"https:\/\/museoriente.com\/wp-content\/uploads\/2025\/05\/LOGO-MOA-FINAL-2025-HORIZONTAL-1024x316.png 1024w, https:\/\/museoriente.com\/wp-content\/uploads\/2025\/05\/LOGO-MOA-FINAL-2025-HORIZONTAL-300x93.png 300w, https:\/\/museoriente.com\/wp-content\/uploads\/2025\/05\/LOGO-MOA-FINAL-2025-HORIZONTAL-768x237.png 768w, https:\/\/museoriente.com\/wp-content\/uploads\/2025\/05\/LOGO-MOA-FINAL-2025-HORIZONTAL.png 1372w\" sizes=\"(max-width: 800px) 100vw, 800px\" \/>\t\t\t\t\t\t\t\t\t\t\t\t\t\t\t<\/div>\n\t\t\t\t<div class=\"elementor-element elementor-element-68b9b15 elementor-invisible elementor-widget elementor-widget-heading\" data-id=\"68b9b15\" data-element_type=\"widget\" data-settings=\"{&quot;_animation&quot;:&quot;fadeInLeft&quot;,&quot;_animation_delay&quot;:200}\" data-widget_type=\"heading.default\">\n\t\t\t\t\t<h2 class=\"elementor-heading-title elementor-size-default\">L\u2019ORIENTE D\u2019ASTURIAS\n<\/h2>\t\t\t\t<\/div>\n\t\t\t\t<\/div>\n\t\t\t\t\t<\/div>\n\t\t\t\t<\/div>\n\t\t<div class=\"elementor-element elementor-element-168ef04 glass e-flex e-con-boxed e-con e-parent\" data-id=\"168ef04\" data-element_type=\"container\" data-settings=\"{&quot;background_background&quot;:&quot;classic&quot;}\">\n\t\t\t\t\t<div class=\"e-con-inner\">\n\t\t<div class=\"elementor-element elementor-element-7cc79da e-con-full e-flex e-con e-child\" data-id=\"7cc79da\" data-element_type=\"container\">\n\t\t\t\t<div class=\"elementor-element elementor-element-2c025c2 elementor-invisible elementor-widget elementor-widget-text-editor\" data-id=\"2c025c2\" data-element_type=\"widget\" data-settings=\"{&quot;_animation&quot;:&quot;fadeInUp&quot;}\" data-widget_type=\"text-editor.default\">\n\t\t\t\t\t\t\t\t\t<p><span style=\"font-weight: 400;\"><strong>L\u2019Oriente d\u2019Asturias <\/strong>esti\u00e9ndese dende las alturas de Los Picos d\u2019Europa hasta las sableras del mar Cant\u00e1bricu. <\/span><\/p><p><span style=\"font-weight: 400;\">F\u00f3rmanlu trece conceyos<\/span><b>*<\/b><span style=\"font-weight: 400;\"> y m\u00e1s de <strong>45.000 personas.<\/strong><\/span> <\/p><p><span style=\"font-weight: 400;\">Componen una comarca onde <strong>tradici\u00f3n y modernid\u00e1 enllacian <\/strong>pa dar forma a una personalid\u00e1 singular.<\/span><\/p><p><span style=\"font-weight: 400;\">El pastor\u00e9u, l\u2019agricultura, la pesca, la migraci\u00f3n a Am\u00e9rica, los oficios ambulantes y el turismu \u1e25ueron produciendo <strong>un patrimoniu cultural<\/strong> en revitalizaci\u00f3n constante, que tien varios reconocimientos oficiales.<\/span><\/p>\t\t\t\t\t\t\t\t<\/div>\n\t\t\t\t<div class=\"elementor-element elementor-element-51b25e6 elementor-invisible elementor-widget elementor-widget-text-editor\" data-id=\"51b25e6\" data-element_type=\"widget\" data-settings=\"{&quot;_animation&quot;:&quot;fadeInUp&quot;}\" data-widget_type=\"text-editor.default\">\n\t\t\t\t\t\t\t\t\t<p><b>* <\/b><span style=\"font-weight: 400;\">Amieva, Cabrales, Cangues d\u2019On\u00eds, Caravia, Llanes, On\u00eds, Parres, El Valle Altu de Pe\u00f1amellera, El Valle Ba\u1e25u de Pe\u00f1amellera, Pilo\u00f1a, Ponga, Ribeseya y Ribadeva.<\/span><\/p>\t\t\t\t\t\t\t\t<\/div>\n\t\t\t\t<\/div>\n\t\t<div class=\"elementor-element elementor-element-ecbb8ee e-con-full e-flex e-con e-child\" data-id=\"ecbb8ee\" data-element_type=\"container\">\n\t\t\t\t<div class=\"elementor-element elementor-element-092b5e0 elementor-invisible elementor-widget elementor-widget-image\" data-id=\"092b5e0\" data-element_type=\"widget\" data-settings=\"{&quot;_animation&quot;:&quot;fadeInUp&quot;}\" data-widget_type=\"image.default\">\n\t\t\t\t\t\t\t\t\t\t\t\t\t\t\t<img decoding=\"async\" width=\"800\" height=\"800\" src=\"https:\/\/museoriente.com\/wp-content\/uploads\/2025\/05\/MOA-7-1024x1024.jpg\" class=\"attachment-large size-large wp-image-1101\" alt=\"\" srcset=\"https:\/\/museoriente.com\/wp-content\/uploads\/2025\/05\/MOA-7-1024x1024.jpg 1024w, https:\/\/museoriente.com\/wp-content\/uploads\/2025\/05\/MOA-7-300x300.jpg 300w, https:\/\/museoriente.com\/wp-content\/uploads\/2025\/05\/MOA-7-150x150.jpg 150w, https:\/\/museoriente.com\/wp-content\/uploads\/2025\/05\/MOA-7-768x768.jpg 768w, https:\/\/museoriente.com\/wp-content\/uploads\/2025\/05\/MOA-7.jpg 1456w\" sizes=\"(max-width: 800px) 100vw, 800px\" \/>\t\t\t\t\t\t\t\t\t\t\t\t\t\t\t<\/div>\n\t\t\t\t<\/div>\n\t\t\t\t\t<\/div>\n\t\t\t\t<\/div>\n\t\t<div class=\"elementor-element elementor-element-62855c6 e-flex e-con-boxed e-con e-parent\" data-id=\"62855c6\" data-element_type=\"container\" data-settings=\"{&quot;background_background&quot;:&quot;classic&quot;}\">\n\t\t\t\t\t<div class=\"e-con-inner\">\n\t\t\t\t<div class=\"elementor-element elementor-element-c209369 elementor-invisible elementor-widget elementor-widget-image\" data-id=\"c209369\" data-element_type=\"widget\" data-settings=\"{&quot;_animation&quot;:&quot;fadeInUp&quot;}\" data-widget_type=\"image.default\">\n\t\t\t\t\t\t\t\t\t\t\t\t\t\t\t\t<a href=\"https:\/\/www.asturias.es\" target=\"_blank\">\n\t\t\t\t\t\t\t<img decoding=\"async\" width=\"475\" height=\"218\" src=\"https:\/\/museoriente.com\/wp-content\/uploads\/2025\/05\/MOA-3.png\" class=\"attachment-large size-large wp-image-1407\" alt=\"\" srcset=\"https:\/\/museoriente.com\/wp-content\/uploads\/2025\/05\/MOA-3.png 475w, https:\/\/museoriente.com\/wp-content\/uploads\/2025\/05\/MOA-3-300x138.png 300w\" sizes=\"(max-width: 475px) 100vw, 475px\" \/>\t\t\t\t\t\t\t\t<\/a>\n\t\t\t\t\t\t\t\t\t\t\t\t\t\t\t<\/div>\n\t\t\t\t<div class=\"elementor-element elementor-element-9dd1768 elementor-invisible elementor-widget elementor-widget-image\" data-id=\"9dd1768\" data-element_type=\"widget\" data-settings=\"{&quot;_animation&quot;:&quot;fadeInUp&quot;}\" data-widget_type=\"image.default\">\n\t\t\t\t\t\t\t\t\t\t\t\t\t\t\t\t<a href=\"https:\/\/www.ayuntamientodellanes.com\" target=\"_blank\">\n\t\t\t\t\t\t\t<img loading=\"lazy\" decoding=\"async\" width=\"800\" height=\"417\" src=\"https:\/\/museoriente.com\/wp-content\/uploads\/2024\/12\/Llanes.webp\" class=\"attachment-large size-large wp-image-877\" alt=\"\" srcset=\"https:\/\/museoriente.com\/wp-content\/uploads\/2024\/12\/Llanes.webp 800w, https:\/\/museoriente.com\/wp-content\/uploads\/2024\/12\/Llanes-300x156.webp 300w, https:\/\/museoriente.com\/wp-content\/uploads\/2024\/12\/Llanes-768x400.webp 768w\" sizes=\"(max-width: 800px) 100vw, 800px\" \/>\t\t\t\t\t\t\t\t<\/a>\n\t\t\t\t\t\t\t\t\t\t\t\t\t\t\t<\/div>\n\t\t\t\t<div class=\"elementor-element elementor-element-e7f627c elementor-invisible elementor-widget elementor-widget-image\" data-id=\"e7f627c\" data-element_type=\"widget\" data-settings=\"{&quot;_animation&quot;:&quot;fadeInUp&quot;}\" data-widget_type=\"image.default\">\n\t\t\t\t\t\t\t\t\t\t\t\t\t\t\t\t<a href=\"https:\/\/www.cajaruraldeasturias.com\/es\" target=\"_blank\">\n\t\t\t\t\t\t\t<img loading=\"lazy\" decoding=\"async\" width=\"800\" height=\"660\" src=\"https:\/\/museoriente.com\/wp-content\/uploads\/2024\/12\/caja_rural.webp\" class=\"attachment-large size-large wp-image-879\" alt=\"\" srcset=\"https:\/\/museoriente.com\/wp-content\/uploads\/2024\/12\/caja_rural.webp 800w, https:\/\/museoriente.com\/wp-content\/uploads\/2024\/12\/caja_rural-300x248.webp 300w, https:\/\/museoriente.com\/wp-content\/uploads\/2024\/12\/caja_rural-768x634.webp 768w\" sizes=\"(max-width: 800px) 100vw, 800px\" \/>\t\t\t\t\t\t\t\t<\/a>\n\t\t\t\t\t\t\t\t\t\t\t\t\t\t\t<\/div>\n\t\t\t\t\t<\/div>\n\t\t\t\t<\/div>\n\t\t\t\t<\/div>\n\t\t","protected":false},"excerpt":{"rendered":"<p>Te damos la bienvenida al MUS\u00c9U DEL ORIENTEDE ASTURIAS ENTE EL MARY EL MONTE L\u2019ORIENTE D\u2019ASTURIAS L\u2019Oriente d\u2019Asturias esti\u00e9ndese dende las alturas de Los Picos d\u2019Europa hasta las sableras del mar Cant\u00e1bricu. F\u00f3rmanlu trece conceyos* y m\u00e1s de 45.000 personas. Componen una comarca onde tradici\u00f3n y modernid\u00e1 enllacian pa dar forma a una personalid\u00e1 singular. [&hellip;]<\/p>\n","protected":false},"author":1,"featured_media":874,"parent":0,"menu_order":1,"comment_status":"closed","ping_status":"closed","template":"elementor_header_footer","meta":{"_acf_changed":false,"footnotes":""},"class_list":["post-873","page","type-page","status-publish","has-post-thumbnail","hentry"],"acf":[],"yoast_head":"<!-- This site is optimized with the Yoast SEO plugin v25.1 - https:\/\/yoast.com\/wordpress\/plugins\/seo\/ -->\n<title>L\u2019ORIENTE D\u2019ASTURIAS - Museo del Oriente de Asturias<\/title>\n<meta name=\"description\" content=\"L\u2019Oriente d\u2019Asturias esti\u00e9ndese dende las alturas de Los Picos d\u2019Europa hasta las sableras del mar Cant\u00e1bricu.\" \/>\n<meta name=\"robots\" content=\"index, follow, max-snippet:-1, max-image-preview:large, max-video-preview:-1\" \/>\n<link rel=\"canonical\" href=\"https:\/\/museoriente.com\/ast\/\" \/>\n<meta property=\"og:locale\" content=\"en_US\" \/>\n<meta property=\"og:type\" content=\"article\" \/>\n<meta property=\"og:title\" content=\"L\u2019ORIENTE D\u2019ASTURIAS - Museo del Oriente de Asturias\" \/>\n<meta property=\"og:description\" content=\"L\u2019Oriente d\u2019Asturias esti\u00e9ndese dende las alturas de Los Picos d\u2019Europa hasta las sableras del mar Cant\u00e1bricu.\" \/>\n<meta property=\"og:url\" content=\"https:\/\/museoriente.com\/ast\/\" \/>\n<meta property=\"og:site_name\" content=\"Museo del Oriente de Asturias\" \/>\n<meta property=\"article:modified_time\" content=\"2025-05-27T14:44:09+00:00\" \/>\n<meta property=\"og:image\" content=\"https:\/\/museoriente.com\/wp-content\/uploads\/2024\/12\/museo-etnografico-del-Oriente-de-Asturias-6156.webp\" \/>\n\t<meta property=\"og:image:width\" content=\"1200\" \/>\n\t<meta property=\"og:image:height\" content=\"517\" \/>\n\t<meta property=\"og:image:type\" content=\"image\/webp\" \/>\n<meta name=\"twitter:card\" content=\"summary_large_image\" \/>\n<meta name=\"twitter:label1\" content=\"Est. reading time\" \/>\n\t<meta name=\"twitter:data1\" content=\"1 minute\" \/>\n<script type=\"application\/ld+json\" class=\"yoast-schema-graph\">{\"@context\":\"https:\/\/schema.org\",\"@graph\":[{\"@type\":\"WebPage\",\"@id\":\"https:\/\/museoriente.com\/ast\/\",\"url\":\"https:\/\/museoriente.com\/ast\/\",\"name\":\"L\u2019ORIENTE D\u2019ASTURIAS - Museo del Oriente de Asturias\",\"isPartOf\":{\"@id\":\"https:\/\/museoriente.com\/ast\/#website\"},\"primaryImageOfPage\":{\"@id\":\"https:\/\/museoriente.com\/ast\/#primaryimage\"},\"image\":{\"@id\":\"https:\/\/museoriente.com\/ast\/#primaryimage\"},\"thumbnailUrl\":\"https:\/\/museoriente.com\/wp-content\/uploads\/2024\/12\/museo-etnografico-del-Oriente-de-Asturias-6156.webp\",\"datePublished\":\"2024-12-11T05:22:52+00:00\",\"dateModified\":\"2025-05-27T14:44:09+00:00\",\"description\":\"L\u2019Oriente d\u2019Asturias esti\u00e9ndese dende las alturas de Los Picos d\u2019Europa hasta las sableras del mar Cant\u00e1bricu.\",\"breadcrumb\":{\"@id\":\"https:\/\/museoriente.com\/ast\/#breadcrumb\"},\"inLanguage\":\"ast-AST\",\"potentialAction\":[{\"@type\":\"ReadAction\",\"target\":[\"https:\/\/museoriente.com\/ast\/\"]}]},{\"@type\":\"ImageObject\",\"inLanguage\":\"ast-AST\",\"@id\":\"https:\/\/museoriente.com\/ast\/#primaryimage\",\"url\":\"https:\/\/museoriente.com\/wp-content\/uploads\/2024\/12\/museo-etnografico-del-Oriente-de-Asturias-6156.webp\",\"contentUrl\":\"https:\/\/museoriente.com\/wp-content\/uploads\/2024\/12\/museo-etnografico-del-Oriente-de-Asturias-6156.webp\",\"width\":1200,\"height\":517},{\"@type\":\"BreadcrumbList\",\"@id\":\"https:\/\/museoriente.com\/ast\/#breadcrumb\",\"itemListElement\":[{\"@type\":\"ListItem\",\"position\":1,\"name\":\"Portada\",\"item\":\"https:\/\/museoriente.com\/ast\/el-museo\/\"},{\"@type\":\"ListItem\",\"position\":2,\"name\":\"L\u2019ORIENTE D\u2019ASTURIAS\"}]},{\"@type\":\"WebSite\",\"@id\":\"https:\/\/museoriente.com\/ast\/#website\",\"url\":\"https:\/\/museoriente.com\/ast\/\",\"name\":\"Museo Etnogr\u00e1fico del Oriente de Asturias\",\"description\":\"A mitad de camino entre el mar y la monta\u00f1a\",\"publisher\":{\"@id\":\"https:\/\/museoriente.com\/ast\/#organization\"},\"potentialAction\":[{\"@type\":\"SearchAction\",\"target\":{\"@type\":\"EntryPoint\",\"urlTemplate\":\"https:\/\/museoriente.com\/ast\/?s={search_term_string}\"},\"query-input\":{\"@type\":\"PropertyValueSpecification\",\"valueRequired\":true,\"valueName\":\"search_term_string\"}}],\"inLanguage\":\"ast-AST\"},{\"@type\":\"Organization\",\"@id\":\"https:\/\/museoriente.com\/ast\/#organization\",\"name\":\"Museo Etnogr\u00e1fico del Oriente de Asturias\",\"url\":\"https:\/\/museoriente.com\/ast\/\",\"logo\":{\"@type\":\"ImageObject\",\"inLanguage\":\"ast-AST\",\"@id\":\"https:\/\/museoriente.com\/ast\/#\/schema\/logo\/image\/\",\"url\":\"https:\/\/museoriente.com\/wp-content\/uploads\/2025\/05\/cropped-LOGO-MOA-FINAL-2025-HORIZONTAL.png\",\"contentUrl\":\"https:\/\/museoriente.com\/wp-content\/uploads\/2025\/05\/cropped-LOGO-MOA-FINAL-2025-HORIZONTAL.png\",\"width\":1372,\"height\":392,\"caption\":\"Museo Etnogr\u00e1fico del Oriente de Asturias\"},\"image\":{\"@id\":\"https:\/\/museoriente.com\/ast\/#\/schema\/logo\/image\/\"}}]}<\/script>\n<!-- \/ Yoast SEO plugin. -->","yoast_head_json":{"title":"L\u2019ORIENTE D\u2019ASTURIAS - Museo del Oriente de Asturias","description":"L\u2019Oriente d\u2019Asturias esti\u00e9ndese dende las alturas de Los Picos d\u2019Europa hasta las sableras del mar Cant\u00e1bricu.","robots":{"index":"index","follow":"follow","max-snippet":"max-snippet:-1","max-image-preview":"max-image-preview:large","max-video-preview":"max-video-preview:-1"},"canonical":"https:\/\/museoriente.com\/ast\/","og_locale":"en_US","og_type":"article","og_title":"L\u2019ORIENTE D\u2019ASTURIAS - Museo del Oriente de Asturias","og_description":"L\u2019Oriente d\u2019Asturias esti\u00e9ndese dende las alturas de Los Picos d\u2019Europa hasta las sableras del mar Cant\u00e1bricu.","og_url":"https:\/\/museoriente.com\/ast\/","og_site_name":"Museo del Oriente de Asturias","article_modified_time":"2025-05-27T14:44:09+00:00","og_image":[{"width":1200,"height":517,"url":"https:\/\/museoriente.com\/wp-content\/uploads\/2024\/12\/museo-etnografico-del-Oriente-de-Asturias-6156.webp","type":"image\/webp"}],"twitter_card":"summary_large_image","twitter_misc":{"Est. reading time":"1 minute"},"schema":{"@context":"https:\/\/schema.org","@graph":[{"@type":"WebPage","@id":"https:\/\/museoriente.com\/ast\/","url":"https:\/\/museoriente.com\/ast\/","name":"L\u2019ORIENTE D\u2019ASTURIAS - Museo del Oriente de Asturias","isPartOf":{"@id":"https:\/\/museoriente.com\/ast\/#website"},"primaryImageOfPage":{"@id":"https:\/\/museoriente.com\/ast\/#primaryimage"},"image":{"@id":"https:\/\/museoriente.com\/ast\/#primaryimage"},"thumbnailUrl":"https:\/\/museoriente.com\/wp-content\/uploads\/2024\/12\/museo-etnografico-del-Oriente-de-Asturias-6156.webp","datePublished":"2024-12-11T05:22:52+00:00","dateModified":"2025-05-27T14:44:09+00:00","description":"L\u2019Oriente d\u2019Asturias esti\u00e9ndese dende las alturas de Los Picos d\u2019Europa hasta las sableras del mar Cant\u00e1bricu.","breadcrumb":{"@id":"https:\/\/museoriente.com\/ast\/#breadcrumb"},"inLanguage":"ast-AST","potentialAction":[{"@type":"ReadAction","target":["https:\/\/museoriente.com\/ast\/"]}]},{"@type":"ImageObject","inLanguage":"ast-AST","@id":"https:\/\/museoriente.com\/ast\/#primaryimage","url":"https:\/\/museoriente.com\/wp-content\/uploads\/2024\/12\/museo-etnografico-del-Oriente-de-Asturias-6156.webp","contentUrl":"https:\/\/museoriente.com\/wp-content\/uploads\/2024\/12\/museo-etnografico-del-Oriente-de-Asturias-6156.webp","width":1200,"height":517},{"@type":"BreadcrumbList","@id":"https:\/\/museoriente.com\/ast\/#breadcrumb","itemListElement":[{"@type":"ListItem","position":1,"name":"Portada","item":"https:\/\/museoriente.com\/ast\/el-museo\/"},{"@type":"ListItem","position":2,"name":"L\u2019ORIENTE D\u2019ASTURIAS"}]},{"@type":"WebSite","@id":"https:\/\/museoriente.com\/ast\/#website","url":"https:\/\/museoriente.com\/ast\/","name":"Museo Etnogr\u00e1fico del Oriente de Asturias","description":"A mitad de camino entre el mar y la monta\u00f1a","publisher":{"@id":"https:\/\/museoriente.com\/ast\/#organization"},"potentialAction":[{"@type":"SearchAction","target":{"@type":"EntryPoint","urlTemplate":"https:\/\/museoriente.com\/ast\/?s={search_term_string}"},"query-input":{"@type":"PropertyValueSpecification","valueRequired":true,"valueName":"search_term_string"}}],"inLanguage":"ast-AST"},{"@type":"Organization","@id":"https:\/\/museoriente.com\/ast\/#organization","name":"Museo Etnogr\u00e1fico del Oriente de Asturias","url":"https:\/\/museoriente.com\/ast\/","logo":{"@type":"ImageObject","inLanguage":"ast-AST","@id":"https:\/\/museoriente.com\/ast\/#\/schema\/logo\/image\/","url":"https:\/\/museoriente.com\/wp-content\/uploads\/2025\/05\/cropped-LOGO-MOA-FINAL-2025-HORIZONTAL.png","contentUrl":"https:\/\/museoriente.com\/wp-content\/uploads\/2025\/05\/cropped-LOGO-MOA-FINAL-2025-HORIZONTAL.png","width":1372,"height":392,"caption":"Museo Etnogr\u00e1fico del Oriente de Asturias"},"image":{"@id":"https:\/\/museoriente.com\/ast\/#\/schema\/logo\/image\/"}}]}},"_links":{"self":[{"href":"https:\/\/museoriente.com\/ast\/wp-json\/wp\/v2\/pages\/873","targetHints":{"allow":["GET"]}}],"collection":[{"href":"https:\/\/museoriente.com\/ast\/wp-json\/wp\/v2\/pages"}],"about":[{"href":"https:\/\/museoriente.com\/ast\/wp-json\/wp\/v2\/types\/page"}],"author":[{"embeddable":true,"href":"https:\/\/museoriente.com\/ast\/wp-json\/wp\/v2\/users\/1"}],"replies":[{"embeddable":true,"href":"https:\/\/museoriente.com\/ast\/wp-json\/wp\/v2\/comments?post=873"}],"version-history":[{"count":6,"href":"https:\/\/museoriente.com\/ast\/wp-json\/wp\/v2\/pages\/873\/revisions"}],"predecessor-version":[{"id":2139,"href":"https:\/\/museoriente.com\/ast\/wp-json\/wp\/v2\/pages\/873\/revisions\/2139"}],"wp:featuredmedia":[{"embeddable":true,"href":"https:\/\/museoriente.com\/ast\/wp-json\/wp\/v2\/media\/874"}],"wp:attachment":[{"href":"https:\/\/museoriente.com\/ast\/wp-json\/wp\/v2\/media?parent=873"}],"curies":[{"name":"wp","href":"https:\/\/api.w.org\/{rel}","templated":true}]}}