{"id":1145,"date":"2024-12-11T06:29:18","date_gmt":"2024-12-11T05:29:18","guid":{"rendered":"https:\/\/museoriente.com\/timetables-and-prices\/"},"modified":"2025-05-27T17:13:19","modified_gmt":"2025-05-27T15:13:19","slug":"timetables-and-prices","status":"publish","type":"page","link":"https:\/\/museoriente.com\/en\/timetables-and-prices\/","title":{"rendered":"Timetables and prices"},"content":{"rendered":"\t\t<div data-elementor-type=\"wp-page\" data-elementor-id=\"1145\" class=\"elementor elementor-1145 elementor-17\" data-elementor-post-type=\"page\">\n\t\t\t\t<div class=\"elementor-element elementor-element-60f6cd0 e-flex e-con-boxed e-con e-parent\" data-id=\"60f6cd0\" data-element_type=\"container\" data-settings=\"{&quot;background_background&quot;:&quot;classic&quot;}\">\n\t\t\t\t\t<div class=\"e-con-inner\">\n\t\t\t\t\t<\/div>\n\t\t\t\t<\/div>\n\t\t<div class=\"elementor-element elementor-element-bba1fed e-flex e-con-boxed e-con e-parent\" data-id=\"bba1fed\" data-element_type=\"container\">\n\t\t\t\t\t<div class=\"e-con-inner\">\n\t\t\t\t<div class=\"elementor-element elementor-element-ebe34c7 elementor-invisible elementor-widget elementor-widget-heading\" data-id=\"ebe34c7\" data-element_type=\"widget\" data-settings=\"{&quot;_animation&quot;:&quot;fadeInLeft&quot;,&quot;_animation_delay&quot;:200}\" data-widget_type=\"heading.default\">\n\t\t\t\t\t<h2 class=\"elementor-heading-title elementor-size-default\">TIMETABLES\n<\/h2>\t\t\t\t<\/div>\n\t\t\t\t\t<\/div>\n\t\t\t\t<\/div>\n\t\t<div class=\"elementor-element elementor-element-e4ac038 e-flex e-con-boxed e-con e-parent\" data-id=\"e4ac038\" data-element_type=\"container\">\n\t\t\t\t\t<div class=\"e-con-inner\">\n\t\t<div class=\"elementor-element elementor-element-6a929d8 e-con-full e-flex e-con e-child\" data-id=\"6a929d8\" data-element_type=\"container\" data-settings=\"{&quot;background_background&quot;:&quot;classic&quot;}\">\n\t\t\t\t<div class=\"elementor-element elementor-element-e64e7b2 elementor-invisible elementor-widget elementor-widget-heading\" data-id=\"e64e7b2\" data-element_type=\"widget\" data-settings=\"{&quot;_animation&quot;:&quot;fadeInLeft&quot;,&quot;_animation_delay&quot;:200}\" data-widget_type=\"heading.default\">\n\t\t\t\t\t<h3 class=\"elementor-heading-title elementor-size-default\">Winter season<\/h3>\t\t\t\t<\/div>\n\t\t\t\t<div class=\"elementor-element elementor-element-9777ab5 elementor-widget elementor-widget-heading\" data-id=\"9777ab5\" data-element_type=\"widget\" data-widget_type=\"heading.default\">\n\t\t\t\t\t<h2 class=\"elementor-heading-title elementor-size-default\">From 17 January to 17 March:\n<\/h2>\t\t\t\t<\/div>\n\t\t\t\t<div class=\"elementor-element elementor-element-ed0e614 elementor-widget elementor-widget-text-editor\" data-id=\"ed0e614\" data-element_type=\"widget\" data-widget_type=\"text-editor.default\">\n\t\t\t\t\t\t\t\t\t<ul>\n<li>\n<p><span style=\"font-weight: 400;\">Saturdays*: 11:00 a 13:30 h.<\/span><\/p>\n<\/li>\n<\/ul>\t\t\t\t\t\t\t\t<\/div>\n\t\t\t\t<div class=\"elementor-element elementor-element-29f2cec elementor-widget elementor-widget-text-editor\" data-id=\"29f2cec\" data-element_type=\"widget\" data-widget_type=\"text-editor.default\">\n\t\t\t\t\t\t\t\t\t<p><span style=\"font-weight: 400;\">*On other days we attend by prior reservation.<\/span><\/p>\t\t\t\t\t\t\t\t<\/div>\n\t\t\t\t<div class=\"elementor-element elementor-element-b7fd5d9 elementor-widget elementor-widget-heading\" data-id=\"b7fd5d9\" data-element_type=\"widget\" data-widget_type=\"heading.default\">\n\t\t\t\t\t<h2 class=\"elementor-heading-title elementor-size-default\">From 9 September to 15 December (except public holidays) and from 8 March to 30 June:\n<\/h2>\t\t\t\t<\/div>\n\t\t\t\t<div class=\"elementor-element elementor-element-e2afe37 elementor-widget elementor-widget-text-editor\" data-id=\"e2afe37\" data-element_type=\"widget\" data-widget_type=\"text-editor.default\">\n\t\t\t\t\t\t\t\t\t<ul>\n<li><span style=\"font-weight: 400;\">Tuesday to Thursday, Sundays and public holidays: 11.00 a.m. to 1.30 p.m.<\/span><\/li>\n<li><span style=\"font-weight: 400;\">Fridays and Saturdays: 11.00 a.m. to 1.30 p.m. and 5.00 to 7.00 p.m. <\/span><\/li>\n<\/ul>\t\t\t\t\t\t\t\t<\/div>\n\t\t\t\t<\/div>\n\t\t<div class=\"elementor-element elementor-element-ee2ccd9 e-con-full e-flex e-con e-child\" data-id=\"ee2ccd9\" data-element_type=\"container\" data-settings=\"{&quot;background_background&quot;:&quot;classic&quot;}\">\n\t\t\t\t<div class=\"elementor-element elementor-element-24bfd76 elementor-invisible elementor-widget elementor-widget-heading\" data-id=\"24bfd76\" data-element_type=\"widget\" data-settings=\"{&quot;_animation&quot;:&quot;fadeInLeft&quot;,&quot;_animation_delay&quot;:200}\" data-widget_type=\"heading.default\">\n\t\t\t\t\t<h3 class=\"elementor-heading-title elementor-size-default\">Constitution long weekend<\/h3>\t\t\t\t<\/div>\n\t\t\t\t<div class=\"elementor-element elementor-element-1d0a161 elementor-widget elementor-widget-heading\" data-id=\"1d0a161\" data-element_type=\"widget\" data-widget_type=\"heading.default\">\n\t\t\t\t\t<h2 class=\"elementor-heading-title elementor-size-default\">7 and 8 December:\n<\/h2>\t\t\t\t<\/div>\n\t\t\t\t<div class=\"elementor-element elementor-element-b14bdd3 elementor-widget elementor-widget-text-editor\" data-id=\"b14bdd3\" data-element_type=\"widget\" data-widget_type=\"text-editor.default\">\n\t\t\t\t\t\t\t\t\t<ul>\n<li>\n<p>11.00 a.m. to 1.30 p.m. and 5.00 to 7.00 p.m. <\/p>\n<\/li>\n<\/ul>\t\t\t\t\t\t\t\t<\/div>\n\t\t\t\t<\/div>\n\t\t<div class=\"elementor-element elementor-element-bffa69a e-con-full e-flex e-con e-child\" data-id=\"bffa69a\" data-element_type=\"container\" data-settings=\"{&quot;background_background&quot;:&quot;classic&quot;}\">\n\t\t\t\t<div class=\"elementor-element elementor-element-19106d1 elementor-invisible elementor-widget elementor-widget-heading\" data-id=\"19106d1\" data-element_type=\"widget\" data-settings=\"{&quot;_animation&quot;:&quot;fadeInLeft&quot;,&quot;_animation_delay&quot;:200}\" data-widget_type=\"heading.default\">\n\t\t\t\t\t<h3 class=\"elementor-heading-title elementor-size-default\">Easter Week<\/h3>\t\t\t\t<\/div>\n\t\t\t\t<div class=\"elementor-element elementor-element-291c76c elementor-widget elementor-widget-heading\" data-id=\"291c76c\" data-element_type=\"widget\" data-widget_type=\"heading.default\">\n\t\t\t\t\t<h2 class=\"elementor-heading-title elementor-size-default\">From Thursday to Sunday: \n\n<\/h2>\t\t\t\t<\/div>\n\t\t\t\t<div class=\"elementor-element elementor-element-d40dbb5 elementor-widget elementor-widget-text-editor\" data-id=\"d40dbb5\" data-element_type=\"widget\" data-widget_type=\"text-editor.default\">\n\t\t\t\t\t\t\t\t\t<ul>\n<li>\n<p>11.00 a.m. to 1.30 p.m. and 5.00 to 8.00 p.m. <\/p>\n<\/li>\n<\/ul>\t\t\t\t\t\t\t\t<\/div>\n\t\t\t\t<\/div>\n\t\t<div class=\"elementor-element elementor-element-57c1621 e-con-full e-flex e-con e-child\" data-id=\"57c1621\" data-element_type=\"container\" data-settings=\"{&quot;background_background&quot;:&quot;classic&quot;}\">\n\t\t\t\t<div class=\"elementor-element elementor-element-3136288 elementor-invisible elementor-widget elementor-widget-heading\" data-id=\"3136288\" data-element_type=\"widget\" data-settings=\"{&quot;_animation&quot;:&quot;fadeInLeft&quot;,&quot;_animation_delay&quot;:200}\" data-widget_type=\"heading.default\">\n\t\t\t\t\t<h3 class=\"elementor-heading-title elementor-size-default\">Summer season<\/h3>\t\t\t\t<\/div>\n\t\t\t\t<div class=\"elementor-element elementor-element-733b0ea elementor-widget elementor-widget-heading\" data-id=\"733b0ea\" data-element_type=\"widget\" data-widget_type=\"heading.default\">\n\t\t\t\t\t<h2 class=\"elementor-heading-title elementor-size-default\">From 1 July to 8 September:\n\n\n<\/h2>\t\t\t\t<\/div>\n\t\t\t\t<div class=\"elementor-element elementor-element-ea48d31 elementor-widget elementor-widget-text-editor\" data-id=\"ea48d31\" data-element_type=\"widget\" data-widget_type=\"text-editor.default\">\n\t\t\t\t\t\t\t\t\t<ul>\n<li>\n<p><span style=\"font-weight: 400;\">From Tuesday to Sunday*: 11.00 a.m. to 1.30 p.m. and 5.00 to 8.00 p.m. <\/span><\/p>\n<\/li>\n<\/ul>\t\t\t\t\t\t\t\t<\/div>\n\t\t\t\t<div class=\"elementor-element elementor-element-b661cb7 elementor-widget elementor-widget-text-editor\" data-id=\"b661cb7\" data-element_type=\"widget\" data-widget_type=\"text-editor.default\">\n\t\t\t\t\t\t\t\t\t<p> <span style=\"font-weight: 400;\">*The second Sunday in August we are closed for local holiday.<\/span><\/p>\t\t\t\t\t\t\t\t<\/div>\n\t\t\t\t<\/div>\n\t\t<div class=\"elementor-element elementor-element-5f85bcc e-con-full e-flex e-con e-child\" data-id=\"5f85bcc\" data-element_type=\"container\" data-settings=\"{&quot;background_background&quot;:&quot;classic&quot;}\">\n\t\t\t\t<div class=\"elementor-element elementor-element-6a1d263 elementor-invisible elementor-widget elementor-widget-heading\" data-id=\"6a1d263\" data-element_type=\"widget\" data-settings=\"{&quot;_animation&quot;:&quot;fadeInLeft&quot;,&quot;_animation_delay&quot;:200}\" data-widget_type=\"heading.default\">\n\t\t\t\t\t<h3 class=\"elementor-heading-title elementor-size-default\">Technical shutdown<\/h3>\t\t\t\t<\/div>\n\t\t\t\t<div class=\"elementor-element elementor-element-4653964 elementor-widget elementor-widget-heading\" data-id=\"4653964\" data-element_type=\"widget\" data-widget_type=\"heading.default\">\n\t\t\t\t\t<h2 class=\"elementor-heading-title elementor-size-default\">From 16 December to 16 January.\n\n\n<\/h2>\t\t\t\t<\/div>\n\t\t\t\t<\/div>\n\t\t\t\t\t<\/div>\n\t\t\t\t<\/div>\n\t\t<div class=\"elementor-element elementor-element-19632a7 e-flex e-con-boxed e-con e-parent\" data-id=\"19632a7\" data-element_type=\"container\">\n\t\t\t\t\t<div class=\"e-con-inner\">\n\t\t\t\t<div class=\"elementor-element elementor-element-8cc5725 elementor-invisible elementor-widget elementor-widget-heading\" data-id=\"8cc5725\" data-element_type=\"widget\" data-settings=\"{&quot;_animation&quot;:&quot;fadeInLeft&quot;,&quot;_animation_delay&quot;:200}\" data-widget_type=\"heading.default\">\n\t\t\t\t\t<h2 class=\"elementor-heading-title elementor-size-default\">TICKETS AND PRICES<\/h2>\t\t\t\t<\/div>\n\t\t\t\t<div class=\"elementor-element elementor-element-eebffe6 elementor-widget elementor-widget-html\" data-id=\"eebffe6\" data-element_type=\"widget\" data-widget_type=\"html.default\">\n\t\t\t\t\t<style>\r\n  table.tarifas {\r\n    border-collapse: collapse;\r\n    width: 100%;\r\n    font-family: sans-serif;\r\n    font-size: 14px;\r\n  }\r\n\r\n  table.tarifas th,\r\n  table.tarifas td {\r\n    padding: 8px;\r\n    text-align: left;\r\n    border-bottom: 1px solid #F07C3A; \/* L\u00ednea inferior naranja para todos *\/\r\n  }\r\n\r\n  table.tarifas th {\r\n    font-weight: bold;\r\n  }\r\n\r\n  table.tarifas tr:first-child th {\r\n    border-top: 1px solid #F07C3A; \/* L\u00ednea superior naranja *\/\r\n  }\r\n\r\n  table.tarifas tr:last-child td {\r\n    border-bottom: 1px solid #F07C3A; \/* Asegura l\u00ednea inferior tambi\u00e9n en \u00faltima fila *\/\r\n  }\r\n\r\n  .seccion {\r\n    font-weight: bold;\r\n    padding-top: 10px;\r\n    color: #F07C3A;\r\n  }\r\n<\/style>\r\n\r\n<table class=\"tarifas\">\r\n  <tr>\r\n    <th class=\"seccion\">General entry\r\n<\/th><th class=\"seccion\">Price\/person<\/th>\r\n  <\/tr>\r\n  <tr>\r\n    <td>Age from 14 to 65 years<\/td>\r\n<td>3,00 EUR<\/td>\r\n  <\/tr>\r\n  <tr>\r\n    <td class=\"seccion\" colspan=\"2\">Reduced entry<\/td>\r\n  <\/tr>\r\n  <tr>\r\n    <td>Age from 4 to 13 years<\/td>\r\n<td>2,00 EUR<\/td>\r\n  <\/tr>\r\n  <tr>\r\n    <td>+ 65 years<\/td>\r\n<td>2,00 EUR<\/td>\r\n  <\/tr>\r\n  <tr>\r\n    <td>Retired people<\/td>\r\n<td>2,00 EUR<\/td>\r\n  <\/tr>\r\n  <tr>\r\n    <td>AC Llac\u00edn Membership<\/td>\r\n<td>2,00 EUR<\/td>\r\n  <\/tr>\r\n  <tr>\r\n    <td>Protectors<\/td>\r\n<td>2,00 EUR<\/td>\r\n  <\/tr>\r\n  <tr>\r\n    <td class=\"seccion\" colspan=\"2\">Group entry (+20 people)<\/td>\r\n  <\/tr>\r\n  <tr>\r\n    <td>General<\/td>\r\n<td>2,00 EUR<\/td>\r\n  <\/tr>\r\n  <tr>\r\n    <td>Reduced<\/td>\r\n<td>1,50 EUR<\/td>\r\n  <\/tr>\r\n<\/table>\r\n\t\t\t\t<\/div>\n\t\t\t\t\t<\/div>\n\t\t\t\t<\/div>\n\t\t<div class=\"elementor-element elementor-element-be7ec1a e-flex e-con-boxed e-con e-parent\" data-id=\"be7ec1a\" data-element_type=\"container\">\n\t\t\t\t\t<div class=\"e-con-inner\">\n\t\t\t\t<div class=\"elementor-element elementor-element-d518bda elementor-invisible elementor-widget elementor-widget-text-editor\" data-id=\"d518bda\" data-element_type=\"widget\" data-settings=\"{&quot;_animation&quot;:&quot;fadeInLeft&quot;}\" data-widget_type=\"text-editor.default\">\n\t\t\t\t\t\t\t\t\t<p><span style=\"font-weight: 400;\"><strong>Entry is free for caregivers, <\/strong>monitors and\/or accompanying groups and children under 4 years old. On Tuesdays it is also free for all audiences.  <\/span><\/p>\t\t\t\t\t\t\t\t<\/div>\n\t\t\t\t\t<\/div>\n\t\t\t\t<\/div>\n\t\t\t\t<\/div>\n\t\t","protected":false},"excerpt":{"rendered":"<p>TIMETABLES Winter season From 17 January to 17 March: Saturdays*: 11:00 a 13:30 h. *On other days we attend by prior reservation. From 9 September to 15 December (except public holidays) and from 8 March to 30 June: Tuesday to Thursday, Sundays and public holidays: 11.00 a.m. to 1.30 p.m. Fridays and Saturdays: 11.00 a.m. [&hellip;]<\/p>\n","protected":false},"author":1,"featured_media":766,"parent":0,"menu_order":3,"comment_status":"closed","ping_status":"closed","template":"elementor_header_footer","meta":{"_acf_changed":false,"footnotes":""},"class_list":["post-1145","page","type-page","status-publish","has-post-thumbnail","hentry"],"acf":[],"yoast_head":"<!-- This site is optimized with the Yoast SEO plugin v25.1 - https:\/\/yoast.com\/wordpress\/plugins\/seo\/ -->\n<title>Timetables and prices - Museo del Oriente de Asturias en Llanes<\/title>\n<meta name=\"description\" content=\"Planifica tu visita al Museo Etnogr\u00e1fico del Oriente de Asturias en Llanes. Consulta horarios, tarifas y c\u00f3mo llegar. \u00a1Haz clic!\" \/>\n<meta name=\"robots\" content=\"index, follow, max-snippet:-1, max-image-preview:large, max-video-preview:-1\" \/>\n<link rel=\"canonical\" href=\"https:\/\/museoriente.com\/en\/timetables-and-prices\/\" \/>\n<meta property=\"og:locale\" content=\"en_US\" \/>\n<meta property=\"og:type\" content=\"article\" \/>\n<meta property=\"og:title\" content=\"Timetables and prices - Museo del Oriente de Asturias en Llanes\" \/>\n<meta property=\"og:description\" content=\"Planifica tu visita al Museo Etnogr\u00e1fico del Oriente de Asturias en Llanes. Consulta horarios, tarifas y c\u00f3mo llegar. \u00a1Haz clic!\" \/>\n<meta property=\"og:url\" content=\"https:\/\/museoriente.com\/en\/timetables-and-prices\/\" \/>\n<meta property=\"og:site_name\" content=\"Museo del Oriente de Asturias\" \/>\n<meta property=\"article:modified_time\" content=\"2025-05-27T15:13:19+00:00\" \/>\n<meta property=\"og:image\" content=\"https:\/\/museoriente.com\/wp-content\/uploads\/2024\/12\/clocks-676370_1920-1.webp\" \/>\n\t<meta property=\"og:image:width\" content=\"1920\" \/>\n\t<meta property=\"og:image:height\" content=\"1280\" \/>\n\t<meta property=\"og:image:type\" content=\"image\/webp\" \/>\n<meta name=\"twitter:card\" content=\"summary_large_image\" \/>\n<meta name=\"twitter:label1\" content=\"Est. reading time\" \/>\n\t<meta name=\"twitter:data1\" content=\"1 minute\" \/>\n<script type=\"application\/ld+json\" class=\"yoast-schema-graph\">{\"@context\":\"https:\/\/schema.org\",\"@graph\":[{\"@type\":\"WebPage\",\"@id\":\"https:\/\/museoriente.com\/en\/timetables-and-prices\/\",\"url\":\"https:\/\/museoriente.com\/en\/timetables-and-prices\/\",\"name\":\"Timetables and prices - Museo del Oriente de Asturias en Llanes\",\"isPartOf\":{\"@id\":\"https:\/\/museoriente.com\/en\/#website\"},\"primaryImageOfPage\":{\"@id\":\"https:\/\/museoriente.com\/en\/timetables-and-prices\/#primaryimage\"},\"image\":{\"@id\":\"https:\/\/museoriente.com\/en\/timetables-and-prices\/#primaryimage\"},\"thumbnailUrl\":\"https:\/\/museoriente.com\/wp-content\/uploads\/2024\/12\/clocks-676370_1920-1.webp\",\"datePublished\":\"2024-12-11T05:29:18+00:00\",\"dateModified\":\"2025-05-27T15:13:19+00:00\",\"description\":\"Planifica tu visita al Museo Etnogr\u00e1fico del Oriente de Asturias en Llanes. Consulta horarios, tarifas y c\u00f3mo llegar. \u00a1Haz clic!\",\"breadcrumb\":{\"@id\":\"https:\/\/museoriente.com\/en\/timetables-and-prices\/#breadcrumb\"},\"inLanguage\":\"en-US\",\"potentialAction\":[{\"@type\":\"ReadAction\",\"target\":[\"https:\/\/museoriente.com\/en\/timetables-and-prices\/\"]}]},{\"@type\":\"ImageObject\",\"inLanguage\":\"en-US\",\"@id\":\"https:\/\/museoriente.com\/en\/timetables-and-prices\/#primaryimage\",\"url\":\"https:\/\/museoriente.com\/wp-content\/uploads\/2024\/12\/clocks-676370_1920-1.webp\",\"contentUrl\":\"https:\/\/museoriente.com\/wp-content\/uploads\/2024\/12\/clocks-676370_1920-1.webp\",\"width\":1920,\"height\":1280},{\"@type\":\"BreadcrumbList\",\"@id\":\"https:\/\/museoriente.com\/en\/timetables-and-prices\/#breadcrumb\",\"itemListElement\":[{\"@type\":\"ListItem\",\"position\":1,\"name\":\"Portada\",\"item\":\"https:\/\/museoriente.com\/en\/home\/\"},{\"@type\":\"ListItem\",\"position\":2,\"name\":\"Timetables and prices\"}]},{\"@type\":\"WebSite\",\"@id\":\"https:\/\/museoriente.com\/en\/#website\",\"url\":\"https:\/\/museoriente.com\/en\/\",\"name\":\"Museo Etnogr\u00e1fico del Oriente de Asturias\",\"description\":\"A mitad de camino entre el mar y la monta\u00f1a\",\"publisher\":{\"@id\":\"https:\/\/museoriente.com\/en\/#organization\"},\"potentialAction\":[{\"@type\":\"SearchAction\",\"target\":{\"@type\":\"EntryPoint\",\"urlTemplate\":\"https:\/\/museoriente.com\/en\/?s={search_term_string}\"},\"query-input\":{\"@type\":\"PropertyValueSpecification\",\"valueRequired\":true,\"valueName\":\"search_term_string\"}}],\"inLanguage\":\"en-US\"},{\"@type\":\"Organization\",\"@id\":\"https:\/\/museoriente.com\/en\/#organization\",\"name\":\"Museo Etnogr\u00e1fico del Oriente de Asturias\",\"url\":\"https:\/\/museoriente.com\/en\/\",\"logo\":{\"@type\":\"ImageObject\",\"inLanguage\":\"en-US\",\"@id\":\"https:\/\/museoriente.com\/en\/#\/schema\/logo\/image\/\",\"url\":\"https:\/\/museoriente.com\/wp-content\/uploads\/2025\/05\/cropped-LOGO-MOA-FINAL-2025-HORIZONTAL.png\",\"contentUrl\":\"https:\/\/museoriente.com\/wp-content\/uploads\/2025\/05\/cropped-LOGO-MOA-FINAL-2025-HORIZONTAL.png\",\"width\":1372,\"height\":392,\"caption\":\"Museo Etnogr\u00e1fico del Oriente de Asturias\"},\"image\":{\"@id\":\"https:\/\/museoriente.com\/en\/#\/schema\/logo\/image\/\"}}]}<\/script>\n<!-- \/ Yoast SEO plugin. -->","yoast_head_json":{"title":"Timetables and prices - Museo del Oriente de Asturias en Llanes","description":"Planifica tu visita al Museo Etnogr\u00e1fico del Oriente de Asturias en Llanes. Consulta horarios, tarifas y c\u00f3mo llegar. \u00a1Haz clic!","robots":{"index":"index","follow":"follow","max-snippet":"max-snippet:-1","max-image-preview":"max-image-preview:large","max-video-preview":"max-video-preview:-1"},"canonical":"https:\/\/museoriente.com\/en\/timetables-and-prices\/","og_locale":"en_US","og_type":"article","og_title":"Timetables and prices - Museo del Oriente de Asturias en Llanes","og_description":"Planifica tu visita al Museo Etnogr\u00e1fico del Oriente de Asturias en Llanes. Consulta horarios, tarifas y c\u00f3mo llegar. \u00a1Haz clic!","og_url":"https:\/\/museoriente.com\/en\/timetables-and-prices\/","og_site_name":"Museo del Oriente de Asturias","article_modified_time":"2025-05-27T15:13:19+00:00","og_image":[{"width":1920,"height":1280,"url":"https:\/\/museoriente.com\/wp-content\/uploads\/2024\/12\/clocks-676370_1920-1.webp","type":"image\/webp"}],"twitter_card":"summary_large_image","twitter_misc":{"Est. reading time":"1 minute"},"schema":{"@context":"https:\/\/schema.org","@graph":[{"@type":"WebPage","@id":"https:\/\/museoriente.com\/en\/timetables-and-prices\/","url":"https:\/\/museoriente.com\/en\/timetables-and-prices\/","name":"Timetables and prices - Museo del Oriente de Asturias en Llanes","isPartOf":{"@id":"https:\/\/museoriente.com\/en\/#website"},"primaryImageOfPage":{"@id":"https:\/\/museoriente.com\/en\/timetables-and-prices\/#primaryimage"},"image":{"@id":"https:\/\/museoriente.com\/en\/timetables-and-prices\/#primaryimage"},"thumbnailUrl":"https:\/\/museoriente.com\/wp-content\/uploads\/2024\/12\/clocks-676370_1920-1.webp","datePublished":"2024-12-11T05:29:18+00:00","dateModified":"2025-05-27T15:13:19+00:00","description":"Planifica tu visita al Museo Etnogr\u00e1fico del Oriente de Asturias en Llanes. Consulta horarios, tarifas y c\u00f3mo llegar. \u00a1Haz clic!","breadcrumb":{"@id":"https:\/\/museoriente.com\/en\/timetables-and-prices\/#breadcrumb"},"inLanguage":"en-US","potentialAction":[{"@type":"ReadAction","target":["https:\/\/museoriente.com\/en\/timetables-and-prices\/"]}]},{"@type":"ImageObject","inLanguage":"en-US","@id":"https:\/\/museoriente.com\/en\/timetables-and-prices\/#primaryimage","url":"https:\/\/museoriente.com\/wp-content\/uploads\/2024\/12\/clocks-676370_1920-1.webp","contentUrl":"https:\/\/museoriente.com\/wp-content\/uploads\/2024\/12\/clocks-676370_1920-1.webp","width":1920,"height":1280},{"@type":"BreadcrumbList","@id":"https:\/\/museoriente.com\/en\/timetables-and-prices\/#breadcrumb","itemListElement":[{"@type":"ListItem","position":1,"name":"Portada","item":"https:\/\/museoriente.com\/en\/home\/"},{"@type":"ListItem","position":2,"name":"Timetables and prices"}]},{"@type":"WebSite","@id":"https:\/\/museoriente.com\/en\/#website","url":"https:\/\/museoriente.com\/en\/","name":"Museo Etnogr\u00e1fico del Oriente de Asturias","description":"A mitad de camino entre el mar y la monta\u00f1a","publisher":{"@id":"https:\/\/museoriente.com\/en\/#organization"},"potentialAction":[{"@type":"SearchAction","target":{"@type":"EntryPoint","urlTemplate":"https:\/\/museoriente.com\/en\/?s={search_term_string}"},"query-input":{"@type":"PropertyValueSpecification","valueRequired":true,"valueName":"search_term_string"}}],"inLanguage":"en-US"},{"@type":"Organization","@id":"https:\/\/museoriente.com\/en\/#organization","name":"Museo Etnogr\u00e1fico del Oriente de Asturias","url":"https:\/\/museoriente.com\/en\/","logo":{"@type":"ImageObject","inLanguage":"en-US","@id":"https:\/\/museoriente.com\/en\/#\/schema\/logo\/image\/","url":"https:\/\/museoriente.com\/wp-content\/uploads\/2025\/05\/cropped-LOGO-MOA-FINAL-2025-HORIZONTAL.png","contentUrl":"https:\/\/museoriente.com\/wp-content\/uploads\/2025\/05\/cropped-LOGO-MOA-FINAL-2025-HORIZONTAL.png","width":1372,"height":392,"caption":"Museo Etnogr\u00e1fico del Oriente de Asturias"},"image":{"@id":"https:\/\/museoriente.com\/en\/#\/schema\/logo\/image\/"}}]}},"_links":{"self":[{"href":"https:\/\/museoriente.com\/en\/wp-json\/wp\/v2\/pages\/1145","targetHints":{"allow":["GET"]}}],"collection":[{"href":"https:\/\/museoriente.com\/en\/wp-json\/wp\/v2\/pages"}],"about":[{"href":"https:\/\/museoriente.com\/en\/wp-json\/wp\/v2\/types\/page"}],"author":[{"embeddable":true,"href":"https:\/\/museoriente.com\/en\/wp-json\/wp\/v2\/users\/1"}],"replies":[{"embeddable":true,"href":"https:\/\/museoriente.com\/en\/wp-json\/wp\/v2\/comments?post=1145"}],"version-history":[{"count":5,"href":"https:\/\/museoriente.com\/en\/wp-json\/wp\/v2\/pages\/1145\/revisions"}],"predecessor-version":[{"id":2599,"href":"https:\/\/museoriente.com\/en\/wp-json\/wp\/v2\/pages\/1145\/revisions\/2599"}],"wp:featuredmedia":[{"embeddable":true,"href":"https:\/\/museoriente.com\/en\/wp-json\/wp\/v2\/media\/766"}],"wp:attachment":[{"href":"https:\/\/museoriente.com\/en\/wp-json\/wp\/v2\/media?parent=1145"}],"curies":[{"name":"wp","href":"https:\/\/api.w.org\/{rel}","templated":true}]}}