{"id":1179,"date":"2024-12-11T06:29:40","date_gmt":"2024-12-11T05:29:40","guid":{"rendered":"https:\/\/museoriente.com\/shop\/"},"modified":"2025-05-27T16:33:12","modified_gmt":"2025-05-27T14:33:12","slug":"shop","status":"publish","type":"page","link":"https:\/\/museoriente.com\/en\/shop\/","title":{"rendered":"Shop"},"content":{"rendered":"\t\t<div data-elementor-type=\"wp-page\" data-elementor-id=\"1179\" class=\"elementor elementor-1179 elementor-19\" data-elementor-post-type=\"page\">\n\t\t\t\t<div class=\"elementor-element elementor-element-bd87909 e-flex e-con-boxed e-con e-parent\" data-id=\"bd87909\" data-element_type=\"container\" data-settings=\"{&quot;background_background&quot;:&quot;classic&quot;}\">\n\t\t\t\t\t<div class=\"e-con-inner\">\n\t\t\t\t\t<\/div>\n\t\t\t\t<\/div>\n\t\t<div class=\"elementor-element elementor-element-6836875 e-flex e-con-boxed e-con e-parent\" data-id=\"6836875\" data-element_type=\"container\">\n\t\t\t\t\t<div class=\"e-con-inner\">\n\t\t<div class=\"elementor-element elementor-element-2b5d695 e-con-full e-flex e-con e-child\" data-id=\"2b5d695\" data-element_type=\"container\">\n\t\t\t\t<div class=\"elementor-element elementor-element-96bc25a elementor-invisible elementor-widget elementor-widget-heading\" data-id=\"96bc25a\" data-element_type=\"widget\" data-settings=\"{&quot;_animation&quot;:&quot;fadeInLeft&quot;,&quot;_animation_delay&quot;:200,&quot;motion_fx_translateX_effect&quot;:&quot;yes&quot;,&quot;motion_fx_translateX_direction&quot;:&quot;negative&quot;,&quot;motion_fx_motion_fx_scrolling&quot;:&quot;yes&quot;,&quot;motion_fx_translateX_speed&quot;:{&quot;unit&quot;:&quot;px&quot;,&quot;size&quot;:0.1,&quot;sizes&quot;:[]},&quot;motion_fx_translateX_affectedRange&quot;:{&quot;unit&quot;:&quot;%&quot;,&quot;size&quot;:&quot;&quot;,&quot;sizes&quot;:{&quot;start&quot;:0,&quot;end&quot;:100}},&quot;motion_fx_devices&quot;:[&quot;widescreen&quot;,&quot;desktop&quot;,&quot;laptop&quot;,&quot;tablet_extra&quot;,&quot;tablet&quot;,&quot;mobile_extra&quot;,&quot;mobile&quot;]}\" data-widget_type=\"heading.default\">\n\t\t\t\t\t<h2 class=\"elementor-heading-title elementor-size-default\">Visit our shop<\/h2>\t\t\t\t<\/div>\n\t\t\t\t<div class=\"elementor-element elementor-element-1d6aed7 elementor-invisible elementor-widget elementor-widget-text-editor\" data-id=\"1d6aed7\" data-element_type=\"widget\" data-settings=\"{&quot;_animation&quot;:&quot;fadeInLeft&quot;}\" data-widget_type=\"text-editor.default\">\n\t\t\t\t\t\t\t\t\t<p><span style=\"font-weight: 400;\">In our shop you will find a wide selection of <strong>gifts and souvenirs.<\/strong><\/span><\/p><p><span style=\"font-weight: 400;\">From local handicrafts, books about the region, traditional tambourines, to fun games for the little ones. <\/span><span style=\"font-weight: 400;\">You&#8217;re sure to find what you&#8217;re looking for.<\/span><\/p><p><strong>Access to the shop is free and no entrance fee is required.<\/strong><\/p>\t\t\t\t\t\t\t\t<\/div>\n\t\t\t\t<\/div>\n\t\t<div class=\"elementor-element elementor-element-ceec9e4 e-con-full e-flex e-con e-child\" data-id=\"ceec9e4\" data-element_type=\"container\">\n\t\t\t\t<div class=\"elementor-element elementor-element-0bb0f84 elementor-widget elementor-widget-gallery\" data-id=\"0bb0f84\" data-element_type=\"widget\" data-settings=\"{&quot;gallery_layout&quot;:&quot;masonry&quot;,&quot;columns&quot;:2,&quot;gap&quot;:{&quot;unit&quot;:&quot;px&quot;,&quot;size&quot;:12,&quot;sizes&quot;:[]},&quot;lazyload&quot;:&quot;yes&quot;,&quot;columns_tablet&quot;:2,&quot;columns_mobile&quot;:1,&quot;gap_widescreen&quot;:{&quot;unit&quot;:&quot;px&quot;,&quot;size&quot;:&quot;&quot;,&quot;sizes&quot;:[]},&quot;gap_laptop&quot;:{&quot;unit&quot;:&quot;px&quot;,&quot;size&quot;:10,&quot;sizes&quot;:[]},&quot;gap_tablet_extra&quot;:{&quot;unit&quot;:&quot;px&quot;,&quot;size&quot;:10,&quot;sizes&quot;:[]},&quot;gap_tablet&quot;:{&quot;unit&quot;:&quot;px&quot;,&quot;size&quot;:10,&quot;sizes&quot;:[]},&quot;gap_mobile_extra&quot;:{&quot;unit&quot;:&quot;px&quot;,&quot;size&quot;:10,&quot;sizes&quot;:[]},&quot;gap_mobile&quot;:{&quot;unit&quot;:&quot;px&quot;,&quot;size&quot;:10,&quot;sizes&quot;:[]},&quot;link_to&quot;:&quot;file&quot;,&quot;overlay_background&quot;:&quot;yes&quot;,&quot;content_hover_animation&quot;:&quot;fade-in&quot;}\" data-widget_type=\"gallery.default\">\n\t\t\t\t\t\t\t<div class=\"elementor-gallery__container\">\n\t\t\t\t\t\t\t<a class=\"e-gallery-item elementor-gallery-item elementor-animated-content\" href=\"https:\/\/museoriente.com\/wp-content\/uploads\/2025\/05\/MOA-35.jpg\" data-elementor-open-lightbox=\"yes\" data-elementor-lightbox-slideshow=\"0bb0f84\" data-elementor-lightbox-title=\"MOA (35)\" data-e-action-hash=\"#elementor-action%3Aaction%3Dlightbox%26settings%3DeyJpZCI6OTk1LCJ1cmwiOiJodHRwczpcL1wvbXVzZW9yaWVudGUuY29tXC93cC1jb250ZW50XC91cGxvYWRzXC8yMDI1XC8wNVwvTU9BLTM1LmpwZyIsInNsaWRlc2hvdyI6IjBiYjBmODQifQ%3D%3D\">\n\t\t\t\t\t<div class=\"e-gallery-image elementor-gallery-item__image\" data-thumbnail=\"https:\/\/museoriente.com\/wp-content\/uploads\/2025\/05\/MOA-35-1024x1024.jpg\" data-width=\"800\" data-height=\"800\" aria-label=\"\" role=\"img\" ><\/div>\n\t\t\t\t\t\t\t\t\t\t\t<div class=\"elementor-gallery-item__overlay\"><\/div>\n\t\t\t\t\t\t\t\t\t\t\t\t\t\t<\/a>\n\t\t\t\t\t\t\t<a class=\"e-gallery-item elementor-gallery-item elementor-animated-content\" href=\"https:\/\/museoriente.com\/wp-content\/uploads\/2025\/05\/MOA-34.jpg\" data-elementor-open-lightbox=\"yes\" data-elementor-lightbox-slideshow=\"0bb0f84\" data-elementor-lightbox-title=\"MOA (34)\" data-e-action-hash=\"#elementor-action%3Aaction%3Dlightbox%26settings%3DeyJpZCI6OTk4LCJ1cmwiOiJodHRwczpcL1wvbXVzZW9yaWVudGUuY29tXC93cC1jb250ZW50XC91cGxvYWRzXC8yMDI1XC8wNVwvTU9BLTM0LmpwZyIsInNsaWRlc2hvdyI6IjBiYjBmODQifQ%3D%3D\">\n\t\t\t\t\t<div class=\"e-gallery-image elementor-gallery-item__image\" data-thumbnail=\"https:\/\/museoriente.com\/wp-content\/uploads\/2025\/05\/MOA-34-1024x1024.jpg\" data-width=\"800\" data-height=\"800\" aria-label=\"\" role=\"img\" ><\/div>\n\t\t\t\t\t\t\t\t\t\t\t<div class=\"elementor-gallery-item__overlay\"><\/div>\n\t\t\t\t\t\t\t\t\t\t\t\t\t\t<\/a>\n\t\t\t\t\t<\/div>\n\t\t\t\t\t<\/div>\n\t\t\t\t<\/div>\n\t\t\t\t\t<\/div>\n\t\t\t\t<\/div>\n\t\t\t\t<\/div>\n\t\t","protected":false},"excerpt":{"rendered":"<p>Visit our shop In our shop you will find a wide selection of gifts and souvenirs. From local handicrafts, books about the region, traditional tambourines, to fun games for the little ones. You&#8217;re sure to find what you&#8217;re looking for. Access to the shop is free and no entrance fee is required.<\/p>\n","protected":false},"author":1,"featured_media":768,"parent":0,"menu_order":4,"comment_status":"closed","ping_status":"closed","template":"elementor_header_footer","meta":{"_acf_changed":false,"footnotes":""},"class_list":["post-1179","page","type-page","status-publish","has-post-thumbnail","hentry"],"acf":[],"yoast_head":"<!-- This site is optimized with the Yoast SEO plugin v25.1 - https:\/\/yoast.com\/wordpress\/plugins\/seo\/ -->\n<title>Shop - Museo del Oriente de Asturias<\/title>\n<meta name=\"description\" content=\"Visita la tienda del Museo Etnogr\u00e1fico del Oriente de Asturias y encuentra productos \u00fanicos relacionados con la artesan\u00eda asturiana.\" \/>\n<meta name=\"robots\" content=\"index, follow, max-snippet:-1, max-image-preview:large, max-video-preview:-1\" \/>\n<link rel=\"canonical\" href=\"https:\/\/museoriente.com\/en\/shop\/\" \/>\n<meta property=\"og:locale\" content=\"en_US\" \/>\n<meta property=\"og:type\" content=\"article\" \/>\n<meta property=\"og:title\" content=\"Shop - Museo del Oriente de Asturias\" \/>\n<meta property=\"og:description\" content=\"Visita la tienda del Museo Etnogr\u00e1fico del Oriente de Asturias y encuentra productos \u00fanicos relacionados con la artesan\u00eda asturiana.\" \/>\n<meta property=\"og:url\" content=\"https:\/\/museoriente.com\/en\/shop\/\" \/>\n<meta property=\"og:site_name\" content=\"Museo del Oriente de Asturias\" \/>\n<meta property=\"article:modified_time\" content=\"2025-05-27T14:33:12+00:00\" \/>\n<meta property=\"og:image\" content=\"https:\/\/museoriente.com\/wp-content\/uploads\/2024\/12\/MOA_Tienda_08.webp\" \/>\n\t<meta property=\"og:image:width\" content=\"1200\" \/>\n\t<meta property=\"og:image:height\" content=\"800\" \/>\n\t<meta property=\"og:image:type\" content=\"image\/webp\" \/>\n<meta name=\"twitter:card\" content=\"summary_large_image\" \/>\n<script type=\"application\/ld+json\" class=\"yoast-schema-graph\">{\"@context\":\"https:\/\/schema.org\",\"@graph\":[{\"@type\":\"WebPage\",\"@id\":\"https:\/\/museoriente.com\/en\/shop\/\",\"url\":\"https:\/\/museoriente.com\/en\/shop\/\",\"name\":\"Shop - Museo del Oriente de Asturias\",\"isPartOf\":{\"@id\":\"https:\/\/museoriente.com\/en\/#website\"},\"primaryImageOfPage\":{\"@id\":\"https:\/\/museoriente.com\/en\/shop\/#primaryimage\"},\"image\":{\"@id\":\"https:\/\/museoriente.com\/en\/shop\/#primaryimage\"},\"thumbnailUrl\":\"https:\/\/museoriente.com\/wp-content\/uploads\/2024\/12\/MOA_Tienda_08.webp\",\"datePublished\":\"2024-12-11T05:29:40+00:00\",\"dateModified\":\"2025-05-27T14:33:12+00:00\",\"description\":\"Visita la tienda del Museo Etnogr\u00e1fico del Oriente de Asturias y encuentra productos \u00fanicos relacionados con la artesan\u00eda asturiana.\",\"breadcrumb\":{\"@id\":\"https:\/\/museoriente.com\/en\/shop\/#breadcrumb\"},\"inLanguage\":\"en-US\",\"potentialAction\":[{\"@type\":\"ReadAction\",\"target\":[\"https:\/\/museoriente.com\/en\/shop\/\"]}]},{\"@type\":\"ImageObject\",\"inLanguage\":\"en-US\",\"@id\":\"https:\/\/museoriente.com\/en\/shop\/#primaryimage\",\"url\":\"https:\/\/museoriente.com\/wp-content\/uploads\/2024\/12\/MOA_Tienda_08.webp\",\"contentUrl\":\"https:\/\/museoriente.com\/wp-content\/uploads\/2024\/12\/MOA_Tienda_08.webp\",\"width\":1200,\"height\":800},{\"@type\":\"BreadcrumbList\",\"@id\":\"https:\/\/museoriente.com\/en\/shop\/#breadcrumb\",\"itemListElement\":[{\"@type\":\"ListItem\",\"position\":1,\"name\":\"Portada\",\"item\":\"https:\/\/museoriente.com\/en\/home\/\"},{\"@type\":\"ListItem\",\"position\":2,\"name\":\"Shop\"}]},{\"@type\":\"WebSite\",\"@id\":\"https:\/\/museoriente.com\/en\/#website\",\"url\":\"https:\/\/museoriente.com\/en\/\",\"name\":\"Museo Etnogr\u00e1fico del Oriente de Asturias\",\"description\":\"A mitad de camino entre el mar y la monta\u00f1a\",\"publisher\":{\"@id\":\"https:\/\/museoriente.com\/en\/#organization\"},\"potentialAction\":[{\"@type\":\"SearchAction\",\"target\":{\"@type\":\"EntryPoint\",\"urlTemplate\":\"https:\/\/museoriente.com\/en\/?s={search_term_string}\"},\"query-input\":{\"@type\":\"PropertyValueSpecification\",\"valueRequired\":true,\"valueName\":\"search_term_string\"}}],\"inLanguage\":\"en-US\"},{\"@type\":\"Organization\",\"@id\":\"https:\/\/museoriente.com\/en\/#organization\",\"name\":\"Museo Etnogr\u00e1fico del Oriente de Asturias\",\"url\":\"https:\/\/museoriente.com\/en\/\",\"logo\":{\"@type\":\"ImageObject\",\"inLanguage\":\"en-US\",\"@id\":\"https:\/\/museoriente.com\/en\/#\/schema\/logo\/image\/\",\"url\":\"https:\/\/museoriente.com\/wp-content\/uploads\/2025\/05\/cropped-LOGO-MOA-FINAL-2025-HORIZONTAL.png\",\"contentUrl\":\"https:\/\/museoriente.com\/wp-content\/uploads\/2025\/05\/cropped-LOGO-MOA-FINAL-2025-HORIZONTAL.png\",\"width\":1372,\"height\":392,\"caption\":\"Museo Etnogr\u00e1fico del Oriente de Asturias\"},\"image\":{\"@id\":\"https:\/\/museoriente.com\/en\/#\/schema\/logo\/image\/\"}}]}<\/script>\n<!-- \/ Yoast SEO plugin. -->","yoast_head_json":{"title":"Shop - Museo del Oriente de Asturias","description":"Visita la tienda del Museo Etnogr\u00e1fico del Oriente de Asturias y encuentra productos \u00fanicos relacionados con la artesan\u00eda asturiana.","robots":{"index":"index","follow":"follow","max-snippet":"max-snippet:-1","max-image-preview":"max-image-preview:large","max-video-preview":"max-video-preview:-1"},"canonical":"https:\/\/museoriente.com\/en\/shop\/","og_locale":"en_US","og_type":"article","og_title":"Shop - Museo del Oriente de Asturias","og_description":"Visita la tienda del Museo Etnogr\u00e1fico del Oriente de Asturias y encuentra productos \u00fanicos relacionados con la artesan\u00eda asturiana.","og_url":"https:\/\/museoriente.com\/en\/shop\/","og_site_name":"Museo del Oriente de Asturias","article_modified_time":"2025-05-27T14:33:12+00:00","og_image":[{"width":1200,"height":800,"url":"https:\/\/museoriente.com\/wp-content\/uploads\/2024\/12\/MOA_Tienda_08.webp","type":"image\/webp"}],"twitter_card":"summary_large_image","schema":{"@context":"https:\/\/schema.org","@graph":[{"@type":"WebPage","@id":"https:\/\/museoriente.com\/en\/shop\/","url":"https:\/\/museoriente.com\/en\/shop\/","name":"Shop - Museo del Oriente de Asturias","isPartOf":{"@id":"https:\/\/museoriente.com\/en\/#website"},"primaryImageOfPage":{"@id":"https:\/\/museoriente.com\/en\/shop\/#primaryimage"},"image":{"@id":"https:\/\/museoriente.com\/en\/shop\/#primaryimage"},"thumbnailUrl":"https:\/\/museoriente.com\/wp-content\/uploads\/2024\/12\/MOA_Tienda_08.webp","datePublished":"2024-12-11T05:29:40+00:00","dateModified":"2025-05-27T14:33:12+00:00","description":"Visita la tienda del Museo Etnogr\u00e1fico del Oriente de Asturias y encuentra productos \u00fanicos relacionados con la artesan\u00eda asturiana.","breadcrumb":{"@id":"https:\/\/museoriente.com\/en\/shop\/#breadcrumb"},"inLanguage":"en-US","potentialAction":[{"@type":"ReadAction","target":["https:\/\/museoriente.com\/en\/shop\/"]}]},{"@type":"ImageObject","inLanguage":"en-US","@id":"https:\/\/museoriente.com\/en\/shop\/#primaryimage","url":"https:\/\/museoriente.com\/wp-content\/uploads\/2024\/12\/MOA_Tienda_08.webp","contentUrl":"https:\/\/museoriente.com\/wp-content\/uploads\/2024\/12\/MOA_Tienda_08.webp","width":1200,"height":800},{"@type":"BreadcrumbList","@id":"https:\/\/museoriente.com\/en\/shop\/#breadcrumb","itemListElement":[{"@type":"ListItem","position":1,"name":"Portada","item":"https:\/\/museoriente.com\/en\/home\/"},{"@type":"ListItem","position":2,"name":"Shop"}]},{"@type":"WebSite","@id":"https:\/\/museoriente.com\/en\/#website","url":"https:\/\/museoriente.com\/en\/","name":"Museo Etnogr\u00e1fico del Oriente de Asturias","description":"A mitad de camino entre el mar y la monta\u00f1a","publisher":{"@id":"https:\/\/museoriente.com\/en\/#organization"},"potentialAction":[{"@type":"SearchAction","target":{"@type":"EntryPoint","urlTemplate":"https:\/\/museoriente.com\/en\/?s={search_term_string}"},"query-input":{"@type":"PropertyValueSpecification","valueRequired":true,"valueName":"search_term_string"}}],"inLanguage":"en-US"},{"@type":"Organization","@id":"https:\/\/museoriente.com\/en\/#organization","name":"Museo Etnogr\u00e1fico del Oriente de Asturias","url":"https:\/\/museoriente.com\/en\/","logo":{"@type":"ImageObject","inLanguage":"en-US","@id":"https:\/\/museoriente.com\/en\/#\/schema\/logo\/image\/","url":"https:\/\/museoriente.com\/wp-content\/uploads\/2025\/05\/cropped-LOGO-MOA-FINAL-2025-HORIZONTAL.png","contentUrl":"https:\/\/museoriente.com\/wp-content\/uploads\/2025\/05\/cropped-LOGO-MOA-FINAL-2025-HORIZONTAL.png","width":1372,"height":392,"caption":"Museo Etnogr\u00e1fico del Oriente de Asturias"},"image":{"@id":"https:\/\/museoriente.com\/en\/#\/schema\/logo\/image\/"}}]}},"_links":{"self":[{"href":"https:\/\/museoriente.com\/en\/wp-json\/wp\/v2\/pages\/1179","targetHints":{"allow":["GET"]}}],"collection":[{"href":"https:\/\/museoriente.com\/en\/wp-json\/wp\/v2\/pages"}],"about":[{"href":"https:\/\/museoriente.com\/en\/wp-json\/wp\/v2\/types\/page"}],"author":[{"embeddable":true,"href":"https:\/\/museoriente.com\/en\/wp-json\/wp\/v2\/users\/1"}],"replies":[{"embeddable":true,"href":"https:\/\/museoriente.com\/en\/wp-json\/wp\/v2\/comments?post=1179"}],"version-history":[{"count":7,"href":"https:\/\/museoriente.com\/en\/wp-json\/wp\/v2\/pages\/1179\/revisions"}],"predecessor-version":[{"id":2576,"href":"https:\/\/museoriente.com\/en\/wp-json\/wp\/v2\/pages\/1179\/revisions\/2576"}],"wp:featuredmedia":[{"embeddable":true,"href":"https:\/\/museoriente.com\/en\/wp-json\/wp\/v2\/media\/768"}],"wp:attachment":[{"href":"https:\/\/museoriente.com\/en\/wp-json\/wp\/v2\/media?parent=1179"}],"curies":[{"name":"wp","href":"https:\/\/api.w.org\/{rel}","templated":true}]}}