{"id":1916,"date":"2025-05-13T10:58:22","date_gmt":"2025-05-13T08:58:22","guid":{"rendered":"https:\/\/museoriente.com\/?page_id=1916"},"modified":"2025-05-27T16:18:09","modified_gmt":"2025-05-27T14:18:09","slug":"the-buildings-2","status":"publish","type":"page","link":"https:\/\/museoriente.com\/en\/the-buildings-2\/","title":{"rendered":"Llac\u00edn Cultural Centre"},"content":{"rendered":"\t\t<div data-elementor-type=\"wp-page\" data-elementor-id=\"1916\" class=\"elementor elementor-1916 elementor-1914\" data-elementor-post-type=\"page\">\n\t\t\t\t<div class=\"elementor-element elementor-element-54a08d5 e-flex e-con-boxed e-con e-parent\" data-id=\"54a08d5\" data-element_type=\"container\" data-settings=\"{&quot;background_background&quot;:&quot;classic&quot;}\">\n\t\t\t\t\t<div class=\"e-con-inner\">\n\t\t\t\t\t<\/div>\n\t\t\t\t<\/div>\n\t\t<div class=\"elementor-element elementor-element-a8e55d0 e-flex e-con-boxed e-con e-parent\" data-id=\"a8e55d0\" data-element_type=\"container\">\n\t\t\t\t\t<div class=\"e-con-inner\">\n\t\t<div class=\"elementor-element elementor-element-e61fe03 e-con-full e-flex e-con e-child\" data-id=\"e61fe03\" data-element_type=\"container\">\n\t\t\t\t<div class=\"elementor-element elementor-element-98bee98 elementor-widget-laptop__width-initial elementor-widget elementor-widget-heading\" data-id=\"98bee98\" data-element_type=\"widget\" data-settings=\"{&quot;motion_fx_motion_fx_scrolling&quot;:&quot;yes&quot;,&quot;motion_fx_translateX_effect&quot;:&quot;yes&quot;,&quot;motion_fx_translateX_direction&quot;:&quot;negative&quot;,&quot;motion_fx_translateX_speed&quot;:{&quot;unit&quot;:&quot;px&quot;,&quot;size&quot;:0.6,&quot;sizes&quot;:[]},&quot;motion_fx_translateX_affectedRange&quot;:{&quot;unit&quot;:&quot;%&quot;,&quot;size&quot;:&quot;&quot;,&quot;sizes&quot;:{&quot;start&quot;:0,&quot;end&quot;:100}},&quot;motion_fx_devices&quot;:[&quot;widescreen&quot;,&quot;desktop&quot;,&quot;laptop&quot;,&quot;tablet_extra&quot;,&quot;tablet&quot;,&quot;mobile_extra&quot;,&quot;mobile&quot;]}\" data-widget_type=\"heading.default\">\n\t\t\t\t\t<h1 class=\"elementor-heading-title elementor-size-default\">Llac\u00edn Cultural Centre\n<\/h1>\t\t\t\t<\/div>\n\t\t\t\t<div class=\"elementor-element elementor-element-397656a elementor-invisible elementor-widget elementor-widget-image\" data-id=\"397656a\" data-element_type=\"widget\" data-settings=\"{&quot;_animation&quot;:&quot;fadeInUp&quot;}\" data-widget_type=\"image.default\">\n\t\t\t\t\t\t\t\t\t\t\t\t\t\t\t<img fetchpriority=\"high\" decoding=\"async\" width=\"800\" height=\"800\" src=\"https:\/\/museoriente.com\/wp-content\/uploads\/2025\/05\/MOA-23-1024x1024.jpg\" class=\"attachment-large size-large wp-image-856\" alt=\"\" srcset=\"https:\/\/museoriente.com\/wp-content\/uploads\/2025\/05\/MOA-23-1024x1024.jpg 1024w, https:\/\/museoriente.com\/wp-content\/uploads\/2025\/05\/MOA-23-300x300.jpg 300w, https:\/\/museoriente.com\/wp-content\/uploads\/2025\/05\/MOA-23-150x150.jpg 150w, https:\/\/museoriente.com\/wp-content\/uploads\/2025\/05\/MOA-23-768x768.jpg 768w, https:\/\/museoriente.com\/wp-content\/uploads\/2025\/05\/MOA-23.jpg 1458w\" sizes=\"(max-width: 800px) 100vw, 800px\" \/>\t\t\t\t\t\t\t\t\t\t\t\t\t\t\t<\/div>\n\t\t\t\t<\/div>\n\t\t<div class=\"elementor-element elementor-element-bcdbeff e-con-full e-flex e-con e-child\" data-id=\"bcdbeff\" data-element_type=\"container\">\n\t\t\t\t<div class=\"elementor-element elementor-element-c17cec1 elementor-invisible elementor-widget elementor-widget-text-editor\" data-id=\"c17cec1\" data-element_type=\"widget\" data-settings=\"{&quot;_animation&quot;:&quot;fadeInUp&quot;}\" data-widget_type=\"text-editor.default\">\n\t\t\t\t\t\t\t\t\t<p><span style=\"font-weight: 400;\">The Llac\u00edn Cultural Centre is a multi-purpose building, designed by the architect Jos\u00e9 Luis Batalla Bustillo and built in 2005.<\/span><\/p><p><span style=\"font-weight: 400;\">Its interior has the museum spaces for conservation, research and dissemination of the cultural heritage of Eastern Asturias. <\/span><\/p><p><span style=\"font-weight: 400;\">It has a library specialised in the history, geography, ethnography and anthropology of the region.<\/span><\/p><p><span style=\"font-weight: 400;\">It also has a large hall for cultural activities, such as exhibitions, conferences, workshops, musical events and film screenings.<\/span><\/p><p><span style=\"font-weight: 400;\">This center is a flexible space open to citizen participation of the community of Porr\u00faa and the whole of Eastern Asturias.<\/span><\/p>\t\t\t\t\t\t\t\t<\/div>\n\t\t\t\t<\/div>\n\t\t\t\t\t<\/div>\n\t\t\t\t<\/div>\n\t\t<div class=\"elementor-element elementor-element-7cb21e8 e-flex e-con-boxed e-con e-parent\" data-id=\"7cb21e8\" data-element_type=\"container\" data-settings=\"{&quot;background_background&quot;:&quot;classic&quot;}\">\n\t\t\t\t\t<div class=\"e-con-inner\">\n\t\t<div class=\"elementor-element elementor-element-1ce12d3 e-con-full e-flex e-con e-child\" data-id=\"1ce12d3\" data-element_type=\"container\">\n\t\t\t\t<div class=\"elementor-element elementor-element-2a35da9 elementor-invisible elementor-widget elementor-widget-image\" data-id=\"2a35da9\" data-element_type=\"widget\" data-settings=\"{&quot;_animation&quot;:&quot;fadeInUp&quot;}\" data-widget_type=\"image.default\">\n\t\t\t\t\t\t\t\t\t\t\t\t\t\t\t<img decoding=\"async\" width=\"800\" height=\"800\" src=\"https:\/\/museoriente.com\/wp-content\/uploads\/2025\/05\/MOA-24-1024x1024.jpg\" class=\"attachment-large size-large wp-image-857\" alt=\"\" srcset=\"https:\/\/museoriente.com\/wp-content\/uploads\/2025\/05\/MOA-24-1024x1024.jpg 1024w, https:\/\/museoriente.com\/wp-content\/uploads\/2025\/05\/MOA-24-300x300.jpg 300w, https:\/\/museoriente.com\/wp-content\/uploads\/2025\/05\/MOA-24-150x150.jpg 150w, https:\/\/museoriente.com\/wp-content\/uploads\/2025\/05\/MOA-24-768x768.jpg 768w, https:\/\/museoriente.com\/wp-content\/uploads\/2025\/05\/MOA-24.jpg 1458w\" sizes=\"(max-width: 800px) 100vw, 800px\" \/>\t\t\t\t\t\t\t\t\t\t\t\t\t\t\t<\/div>\n\t\t\t\t<\/div>\n\t\t<div class=\"elementor-element elementor-element-f76bc97 e-con-full e-flex e-con e-child\" data-id=\"f76bc97\" data-element_type=\"container\">\n\t\t\t\t<div class=\"elementor-element elementor-element-82227b3 elementor-invisible elementor-widget elementor-widget-heading\" data-id=\"82227b3\" data-element_type=\"widget\" data-settings=\"{&quot;_animation&quot;:&quot;fadeInLeft&quot;,&quot;_animation_delay&quot;:200}\" data-widget_type=\"heading.default\">\n\t\t\t\t\t<h2 class=\"elementor-heading-title elementor-size-default\">Children\u2019s park<\/h2>\t\t\t\t<\/div>\n\t\t\t\t<div class=\"elementor-element elementor-element-15b0730 elementor-invisible elementor-widget elementor-widget-text-editor\" data-id=\"15b0730\" data-element_type=\"widget\" data-settings=\"{&quot;_animation&quot;:&quot;fadeInUp&quot;}\" data-widget_type=\"text-editor.default\">\n\t\t\t\t\t\t\t\t\t<p><span style=\"font-weight: 400;\">We have a children\u2019s playground with free access.<\/span><\/p><p><span style=\"font-weight: 400;\">It has a zip line and a wide variety of games for the youngest members of the family.<\/span><\/p>\t\t\t\t\t\t\t\t<\/div>\n\t\t\t\t<\/div>\n\t\t\t\t\t<\/div>\n\t\t\t\t<\/div>\n\t\t\t\t<\/div>\n\t\t","protected":false},"excerpt":{"rendered":"<p>Llac\u00edn Cultural Centre The Llac\u00edn Cultural Centre is a multi-purpose building, designed by the architect Jos\u00e9 Luis Batalla Bustillo and built in 2005. Its interior has the museum spaces for conservation, research and dissemination of the cultural heritage of Eastern Asturias. It has a library specialised in the history, geography, ethnography and anthropology of the [&hellip;]<\/p>\n","protected":false},"author":5,"featured_media":753,"parent":0,"menu_order":2,"comment_status":"closed","ping_status":"closed","template":"elementor_header_footer","meta":{"_acf_changed":false,"footnotes":""},"class_list":["post-1916","page","type-page","status-publish","has-post-thumbnail","hentry"],"acf":[],"yoast_head":"<!-- This site is optimized with the Yoast SEO plugin v25.1 - https:\/\/yoast.com\/wordpress\/plugins\/seo\/ -->\n<title>Llac\u00edn Cultural Centre - Museo del Oriente de Asturias<\/title>\n<meta name=\"description\" content=\"Discover the Ethnographic Museum in Asturias and immerse yourself in the history and traditions of Eastern Asturias. Visit us at Porr\u00faa.\" \/>\n<meta name=\"robots\" content=\"index, follow, max-snippet:-1, max-image-preview:large, max-video-preview:-1\" \/>\n<link rel=\"canonical\" href=\"https:\/\/museoriente.com\/en\/the-buildings-2\/\" \/>\n<meta property=\"og:locale\" content=\"en_US\" \/>\n<meta property=\"og:type\" content=\"article\" \/>\n<meta property=\"og:title\" content=\"Llac\u00edn Cultural Centre - Museo del Oriente de Asturias\" \/>\n<meta property=\"og:description\" content=\"Discover the Ethnographic Museum in Asturias and immerse yourself in the history and traditions of Eastern Asturias. Visit us at Porr\u00faa.\" \/>\n<meta property=\"og:url\" content=\"https:\/\/museoriente.com\/en\/the-buildings-2\/\" \/>\n<meta property=\"og:site_name\" content=\"Museo del Oriente de Asturias\" \/>\n<meta property=\"article:modified_time\" content=\"2025-05-27T14:18:09+00:00\" \/>\n<meta property=\"og:image\" content=\"https:\/\/museoriente.com\/wp-content\/uploads\/2024\/12\/familia-caseria-rural-llacin.webp\" \/>\n\t<meta property=\"og:image:width\" content=\"577\" \/>\n\t<meta property=\"og:image:height\" content=\"800\" \/>\n\t<meta property=\"og:image:type\" content=\"image\/webp\" \/>\n<meta name=\"twitter:card\" content=\"summary_large_image\" \/>\n<meta name=\"twitter:label1\" content=\"Est. reading time\" \/>\n\t<meta name=\"twitter:data1\" content=\"1 minute\" \/>\n<script type=\"application\/ld+json\" class=\"yoast-schema-graph\">{\"@context\":\"https:\/\/schema.org\",\"@graph\":[{\"@type\":\"WebPage\",\"@id\":\"https:\/\/museoriente.com\/en\/the-buildings-2\/\",\"url\":\"https:\/\/museoriente.com\/en\/the-buildings-2\/\",\"name\":\"Llac\u00edn Cultural Centre - Museo del Oriente de Asturias\",\"isPartOf\":{\"@id\":\"https:\/\/museoriente.com\/en\/#website\"},\"primaryImageOfPage\":{\"@id\":\"https:\/\/museoriente.com\/en\/the-buildings-2\/#primaryimage\"},\"image\":{\"@id\":\"https:\/\/museoriente.com\/en\/the-buildings-2\/#primaryimage\"},\"thumbnailUrl\":\"https:\/\/museoriente.com\/wp-content\/uploads\/2024\/12\/familia-caseria-rural-llacin.webp\",\"datePublished\":\"2025-05-13T08:58:22+00:00\",\"dateModified\":\"2025-05-27T14:18:09+00:00\",\"description\":\"Discover the Ethnographic Museum in Asturias and immerse yourself in the history and traditions of Eastern Asturias. Visit us at Porr\u00faa.\",\"breadcrumb\":{\"@id\":\"https:\/\/museoriente.com\/en\/the-buildings-2\/#breadcrumb\"},\"inLanguage\":\"en-US\",\"potentialAction\":[{\"@type\":\"ReadAction\",\"target\":[\"https:\/\/museoriente.com\/en\/the-buildings-2\/\"]}]},{\"@type\":\"ImageObject\",\"inLanguage\":\"en-US\",\"@id\":\"https:\/\/museoriente.com\/en\/the-buildings-2\/#primaryimage\",\"url\":\"https:\/\/museoriente.com\/wp-content\/uploads\/2024\/12\/familia-caseria-rural-llacin.webp\",\"contentUrl\":\"https:\/\/museoriente.com\/wp-content\/uploads\/2024\/12\/familia-caseria-rural-llacin.webp\",\"width\":577,\"height\":800},{\"@type\":\"BreadcrumbList\",\"@id\":\"https:\/\/museoriente.com\/en\/the-buildings-2\/#breadcrumb\",\"itemListElement\":[{\"@type\":\"ListItem\",\"position\":1,\"name\":\"Portada\",\"item\":\"https:\/\/museoriente.com\/en\/home\/\"},{\"@type\":\"ListItem\",\"position\":2,\"name\":\"Llac\u00edn Cultural Centre\"}]},{\"@type\":\"WebSite\",\"@id\":\"https:\/\/museoriente.com\/en\/#website\",\"url\":\"https:\/\/museoriente.com\/en\/\",\"name\":\"Museo Etnogr\u00e1fico del Oriente de Asturias\",\"description\":\"A mitad de camino entre el mar y la monta\u00f1a\",\"publisher\":{\"@id\":\"https:\/\/museoriente.com\/en\/#organization\"},\"potentialAction\":[{\"@type\":\"SearchAction\",\"target\":{\"@type\":\"EntryPoint\",\"urlTemplate\":\"https:\/\/museoriente.com\/en\/?s={search_term_string}\"},\"query-input\":{\"@type\":\"PropertyValueSpecification\",\"valueRequired\":true,\"valueName\":\"search_term_string\"}}],\"inLanguage\":\"en-US\"},{\"@type\":\"Organization\",\"@id\":\"https:\/\/museoriente.com\/en\/#organization\",\"name\":\"Museo Etnogr\u00e1fico del Oriente de Asturias\",\"url\":\"https:\/\/museoriente.com\/en\/\",\"logo\":{\"@type\":\"ImageObject\",\"inLanguage\":\"en-US\",\"@id\":\"https:\/\/museoriente.com\/en\/#\/schema\/logo\/image\/\",\"url\":\"https:\/\/museoriente.com\/wp-content\/uploads\/2025\/05\/cropped-LOGO-MOA-FINAL-2025-HORIZONTAL.png\",\"contentUrl\":\"https:\/\/museoriente.com\/wp-content\/uploads\/2025\/05\/cropped-LOGO-MOA-FINAL-2025-HORIZONTAL.png\",\"width\":1372,\"height\":392,\"caption\":\"Museo Etnogr\u00e1fico del Oriente de Asturias\"},\"image\":{\"@id\":\"https:\/\/museoriente.com\/en\/#\/schema\/logo\/image\/\"}}]}<\/script>\n<!-- \/ Yoast SEO plugin. -->","yoast_head_json":{"title":"Llac\u00edn Cultural Centre - Museo del Oriente de Asturias","description":"Discover the Ethnographic Museum in Asturias and immerse yourself in the history and traditions of Eastern Asturias. Visit us at Porr\u00faa.","robots":{"index":"index","follow":"follow","max-snippet":"max-snippet:-1","max-image-preview":"max-image-preview:large","max-video-preview":"max-video-preview:-1"},"canonical":"https:\/\/museoriente.com\/en\/the-buildings-2\/","og_locale":"en_US","og_type":"article","og_title":"Llac\u00edn Cultural Centre - Museo del Oriente de Asturias","og_description":"Discover the Ethnographic Museum in Asturias and immerse yourself in the history and traditions of Eastern Asturias. Visit us at Porr\u00faa.","og_url":"https:\/\/museoriente.com\/en\/the-buildings-2\/","og_site_name":"Museo del Oriente de Asturias","article_modified_time":"2025-05-27T14:18:09+00:00","og_image":[{"width":577,"height":800,"url":"https:\/\/museoriente.com\/wp-content\/uploads\/2024\/12\/familia-caseria-rural-llacin.webp","type":"image\/webp"}],"twitter_card":"summary_large_image","twitter_misc":{"Est. reading time":"1 minute"},"schema":{"@context":"https:\/\/schema.org","@graph":[{"@type":"WebPage","@id":"https:\/\/museoriente.com\/en\/the-buildings-2\/","url":"https:\/\/museoriente.com\/en\/the-buildings-2\/","name":"Llac\u00edn Cultural Centre - Museo del Oriente de Asturias","isPartOf":{"@id":"https:\/\/museoriente.com\/en\/#website"},"primaryImageOfPage":{"@id":"https:\/\/museoriente.com\/en\/the-buildings-2\/#primaryimage"},"image":{"@id":"https:\/\/museoriente.com\/en\/the-buildings-2\/#primaryimage"},"thumbnailUrl":"https:\/\/museoriente.com\/wp-content\/uploads\/2024\/12\/familia-caseria-rural-llacin.webp","datePublished":"2025-05-13T08:58:22+00:00","dateModified":"2025-05-27T14:18:09+00:00","description":"Discover the Ethnographic Museum in Asturias and immerse yourself in the history and traditions of Eastern Asturias. Visit us at Porr\u00faa.","breadcrumb":{"@id":"https:\/\/museoriente.com\/en\/the-buildings-2\/#breadcrumb"},"inLanguage":"en-US","potentialAction":[{"@type":"ReadAction","target":["https:\/\/museoriente.com\/en\/the-buildings-2\/"]}]},{"@type":"ImageObject","inLanguage":"en-US","@id":"https:\/\/museoriente.com\/en\/the-buildings-2\/#primaryimage","url":"https:\/\/museoriente.com\/wp-content\/uploads\/2024\/12\/familia-caseria-rural-llacin.webp","contentUrl":"https:\/\/museoriente.com\/wp-content\/uploads\/2024\/12\/familia-caseria-rural-llacin.webp","width":577,"height":800},{"@type":"BreadcrumbList","@id":"https:\/\/museoriente.com\/en\/the-buildings-2\/#breadcrumb","itemListElement":[{"@type":"ListItem","position":1,"name":"Portada","item":"https:\/\/museoriente.com\/en\/home\/"},{"@type":"ListItem","position":2,"name":"Llac\u00edn Cultural Centre"}]},{"@type":"WebSite","@id":"https:\/\/museoriente.com\/en\/#website","url":"https:\/\/museoriente.com\/en\/","name":"Museo Etnogr\u00e1fico del Oriente de Asturias","description":"A mitad de camino entre el mar y la monta\u00f1a","publisher":{"@id":"https:\/\/museoriente.com\/en\/#organization"},"potentialAction":[{"@type":"SearchAction","target":{"@type":"EntryPoint","urlTemplate":"https:\/\/museoriente.com\/en\/?s={search_term_string}"},"query-input":{"@type":"PropertyValueSpecification","valueRequired":true,"valueName":"search_term_string"}}],"inLanguage":"en-US"},{"@type":"Organization","@id":"https:\/\/museoriente.com\/en\/#organization","name":"Museo Etnogr\u00e1fico del Oriente de Asturias","url":"https:\/\/museoriente.com\/en\/","logo":{"@type":"ImageObject","inLanguage":"en-US","@id":"https:\/\/museoriente.com\/en\/#\/schema\/logo\/image\/","url":"https:\/\/museoriente.com\/wp-content\/uploads\/2025\/05\/cropped-LOGO-MOA-FINAL-2025-HORIZONTAL.png","contentUrl":"https:\/\/museoriente.com\/wp-content\/uploads\/2025\/05\/cropped-LOGO-MOA-FINAL-2025-HORIZONTAL.png","width":1372,"height":392,"caption":"Museo Etnogr\u00e1fico del Oriente de Asturias"},"image":{"@id":"https:\/\/museoriente.com\/en\/#\/schema\/logo\/image\/"}}]}},"_links":{"self":[{"href":"https:\/\/museoriente.com\/en\/wp-json\/wp\/v2\/pages\/1916","targetHints":{"allow":["GET"]}}],"collection":[{"href":"https:\/\/museoriente.com\/en\/wp-json\/wp\/v2\/pages"}],"about":[{"href":"https:\/\/museoriente.com\/en\/wp-json\/wp\/v2\/types\/page"}],"author":[{"embeddable":true,"href":"https:\/\/museoriente.com\/en\/wp-json\/wp\/v2\/users\/5"}],"replies":[{"embeddable":true,"href":"https:\/\/museoriente.com\/en\/wp-json\/wp\/v2\/comments?post=1916"}],"version-history":[{"count":4,"href":"https:\/\/museoriente.com\/en\/wp-json\/wp\/v2\/pages\/1916\/revisions"}],"predecessor-version":[{"id":2539,"href":"https:\/\/museoriente.com\/en\/wp-json\/wp\/v2\/pages\/1916\/revisions\/2539"}],"wp:featuredmedia":[{"embeddable":true,"href":"https:\/\/museoriente.com\/en\/wp-json\/wp\/v2\/media\/753"}],"wp:attachment":[{"href":"https:\/\/museoriente.com\/en\/wp-json\/wp\/v2\/media?parent=1916"}],"curies":[{"name":"wp","href":"https:\/\/api.w.org\/{rel}","templated":true}]}}